{"id":351209,"date":"2024-07-11T10:09:52","date_gmt":"2024-07-11T09:11:59","guid":{"rendered":"https:\/\/www.moskito.cz\/produkt\/noz-solidny-muela-pioneer-14-ol\/"},"modified":"2025-05-07T11:20:47","modified_gmt":"2025-05-07T10:20:47","slug":"noz-solidny-muela-pioneer-14-ol","status":"publish","type":"product","link":"https:\/\/www.moskito.cz\/pl\/produkt\/noz-solidny-muela-pioneer-14-ol\/","title":{"rendered":"N\u00f3\u017c solidny Muela PIONEER-14.OL"},"content":{"rendered":"<p>N\u00f3\u017c solidny <strong>Muela<\/strong> PIONEER-14.OL<\/p>\n<p>No\u017ce <strong>Muela<\/strong> produkowane s\u0105 przez hiszpa\u0144sk\u0105 firm\u0119, kt\u00f3ra produkuje niedrogie i wysokiej jako\u015bci no\u017ce my\u015bliwskie, no\u017ce sk\u0142adane, no\u017ce luksusowe i wiele innych.<\/p>\n<p>N\u00f3\u017c hiszpa\u0144skiej firmy <strong>Muela<\/strong> nadaje si\u0119 do polowa\u0144 i sp\u0119dzania czasu na \u0142onie natury. Dzi\u0119ki swojej konstrukcji jest niezwykle trwa\u0142y i niezawodny nawet w wymagaj\u0105cych warunkach. N\u00f3\u017c wykonany jest z jednego kawa\u0142ka stali molibdenowo-wanadowej o twardo\u015bci 58 &#8211; 61 HRC. R\u0119koje\u015b\u0107 jest dobrze anatomicznie ukszta\u0142towana i doskonale le\u017cy w d\u0142oni, chwyty wykonane s\u0105 z drewna oliwnego z pi\u0119knym wzorem. Na ko\u0144cu r\u0105czki znajduje si\u0119 otw\u00f3r na sznurek do zawieszenia. Do no\u017ca do\u0142\u0105czona jest br\u0105zowa, sk\u00f3rzana pochwa.<\/p>\n<p>Materia\u0142 ostrza: MoVa<br \/>\nMateria\u0142 r\u0119koje\u015bci: drewno<br \/>\nMateria\u0142 obudowy: Sk\u00f3ra<br \/>\nD\u0142ugo\u015b\u0107 ostrza: 13,5 cm<br \/>\nD\u0142ugo\u015b\u0107 ca\u0142kowita: 26,5 cm<br \/>\nD\u0142ugo\u015b\u0107 r\u0105czki: 13 cm<br \/>\nWaga: 230 g<br \/>\nTyp ostrza: Drop Point<\/p>\n","protected":false},"excerpt":{"rendered":"<p><strong>N\u00f3\u017c hiszpa\u0144skiej firmy Muela, odpowiedni do polowa\u0144 i sp\u0119dzania czasu na \u0142onie natury. Dzi\u0119ki swojej konstrukcji jest niezwykle trwa\u0142y i niezawodny nawet w wymagaj\u0105cych warunkach.<\/strong><\/p>\n","protected":false},"featured_media":351160,"comment_status":"open","ping_status":"closed","template":"","meta":[],"pwb-brand":[3912],"product_brand":[],"product_cat":[3296,3297],"product_tag":[3671],"class_list":{"0":"post-351209","1":"product","2":"type-product","3":"status-publish","4":"has-post-thumbnail","6":"pwb-brand-musiala","7":"product_cat-noze-pl","8":"product_cat-solidne-noze","9":"product_tag-b2b-pl","11":"first","12":"outofstock","13":"taxable","14":"shipping-taxable","15":"purchasable","16":"product-type-simple"},"brands":[{"id":3912,"name":"Musia\u0142a","slug":"musiala"}],"_links":{"self":[{"href":"https:\/\/www.moskito.cz\/pl\/wp-json\/wp\/v2\/product\/351209","targetHints":{"allow":["GET"]}}],"collection":[{"href":"https:\/\/www.moskito.cz\/pl\/wp-json\/wp\/v2\/product"}],"about":[{"href":"https:\/\/www.moskito.cz\/pl\/wp-json\/wp\/v2\/types\/product"}],"replies":[{"embeddable":true,"href":"https:\/\/www.moskito.cz\/pl\/wp-json\/wp\/v2\/comments?post=351209"}],"wp:featuredmedia":[{"embeddable":true,"href":"https:\/\/www.moskito.cz\/pl\/wp-json\/wp\/v2\/media\/351160"}],"wp:attachment":[{"href":"https:\/\/www.moskito.cz\/pl\/wp-json\/wp\/v2\/media?parent=351209"}],"wp:term":[{"taxonomy":"pwb-brand","embeddable":true,"href":"https:\/\/www.moskito.cz\/pl\/wp-json\/wp\/v2\/pwb-brand?post=351209"},{"taxonomy":"product_brand","embeddable":true,"href":"https:\/\/www.moskito.cz\/pl\/wp-json\/wp\/v2\/product_brand?post=351209"},{"taxonomy":"product_cat","embeddable":true,"href":"https:\/\/www.moskito.cz\/pl\/wp-json\/wp\/v2\/product_cat?post=351209"},{"taxonomy":"product_tag","embeddable":true,"href":"https:\/\/www.moskito.cz\/pl\/wp-json\/wp\/v2\/product_tag?post=351209"}],"curies":[{"name":"wp","href":"https:\/\/api.w.org\/{rel}","templated":true}]}}