{"id":351232,"date":"2024-07-11T10:26:06","date_gmt":"2024-07-11T09:31:57","guid":{"rendered":"https:\/\/www.moskito.cz\/produkt\/solidny-noz-muela-pioneer-14nl\/"},"modified":"2025-05-07T11:20:49","modified_gmt":"2025-05-07T10:20:49","slug":"solidny-noz-muela-pioneer-14nl","status":"publish","type":"product","link":"https:\/\/www.moskito.cz\/pl\/produkt\/solidny-noz-muela-pioneer-14nl\/","title":{"rendered":"Solidny n\u00f3\u017c Muela PIONEER-14NL"},"content":{"rendered":"<p>Solidny n\u00f3\u017c <strong>Muela<\/strong> PIONEER-14NL.<\/p>\n<p>No\u017ce <strong>Muela<\/strong> produkowane s\u0105 przez hiszpa\u0144sk\u0105 firm\u0119, kt\u00f3ra produkuje niedrogie i wysokiej jako\u015bci no\u017ce my\u015bliwskie, no\u017ce sk\u0142adane, no\u017ce luksusowe i wiele innych.<\/p>\n<p>Uniwersalny n\u00f3\u017c my\u015bliwski w sk\u00f3rzanym etui hiszpa\u0144skiej firmy <strong>Muela<\/strong> . Wykonany jest z jednego kawa\u0142ka stali molibdenowo-wanadowej, a podstrunnic\u0119 wykonano z drewna r\u00f3\u017canego. Na ko\u0144cu r\u0119koje\u015bci znajduje si\u0119 otw\u00f3r do przeci\u0105gni\u0119cia smyczy na nadgarstek. No\u017ce tego projektu s\u0105 bardzo trwa\u0142e i wytrzyma\u0142e. Do no\u017ca do\u0142\u0105czona jest sk\u00f3rzana pochwa.<\/p>\n<p>Materia\u0142 ostrza: MoVa<br \/>\nMateria\u0142 r\u0119koje\u015bci: drewno<br \/>\nMateria\u0142 obudowy: Sk\u00f3ra<br \/>\nD\u0142ugo\u015b\u0107 ostrza: 14,5 cm<br \/>\nD\u0142ugo\u015b\u0107 ca\u0142kowita: 27 cm<br \/>\nD\u0142ugo\u015b\u0107 r\u0105czki: 12,5 cm<br \/>\nWaga: 240 g<br \/>\nTyp ostrza: Drop Point<\/p>\n<p>&nbsp;<\/p>\n","protected":false},"excerpt":{"rendered":"<p><strong>Uniwersalny n\u00f3\u017c my\u015bliwski ze sk\u00f3rzan\u0105 pochw\u0105 hiszpa\u0144skiej firmy Muela.<\/strong><\/p>\n","protected":false},"featured_media":351224,"comment_status":"open","ping_status":"closed","template":"","meta":[],"pwb-brand":[3912],"product_brand":[],"product_cat":[3296,3297],"product_tag":[3671],"class_list":{"0":"post-351232","1":"product","2":"type-product","3":"status-publish","4":"has-post-thumbnail","6":"pwb-brand-musiala","7":"product_cat-noze-pl","8":"product_cat-solidne-noze","9":"product_tag-b2b-pl","11":"first","12":"instock","13":"taxable","14":"shipping-taxable","15":"purchasable","16":"product-type-simple"},"brands":[{"id":3912,"name":"Musia\u0142a","slug":"musiala"}],"_links":{"self":[{"href":"https:\/\/www.moskito.cz\/pl\/wp-json\/wp\/v2\/product\/351232","targetHints":{"allow":["GET"]}}],"collection":[{"href":"https:\/\/www.moskito.cz\/pl\/wp-json\/wp\/v2\/product"}],"about":[{"href":"https:\/\/www.moskito.cz\/pl\/wp-json\/wp\/v2\/types\/product"}],"replies":[{"embeddable":true,"href":"https:\/\/www.moskito.cz\/pl\/wp-json\/wp\/v2\/comments?post=351232"}],"wp:featuredmedia":[{"embeddable":true,"href":"https:\/\/www.moskito.cz\/pl\/wp-json\/wp\/v2\/media\/351224"}],"wp:attachment":[{"href":"https:\/\/www.moskito.cz\/pl\/wp-json\/wp\/v2\/media?parent=351232"}],"wp:term":[{"taxonomy":"pwb-brand","embeddable":true,"href":"https:\/\/www.moskito.cz\/pl\/wp-json\/wp\/v2\/pwb-brand?post=351232"},{"taxonomy":"product_brand","embeddable":true,"href":"https:\/\/www.moskito.cz\/pl\/wp-json\/wp\/v2\/product_brand?post=351232"},{"taxonomy":"product_cat","embeddable":true,"href":"https:\/\/www.moskito.cz\/pl\/wp-json\/wp\/v2\/product_cat?post=351232"},{"taxonomy":"product_tag","embeddable":true,"href":"https:\/\/www.moskito.cz\/pl\/wp-json\/wp\/v2\/product_tag?post=351232"}],"curies":[{"name":"wp","href":"https:\/\/api.w.org\/{rel}","templated":true}]}}