{"id":351307,"date":"2024-07-11T11:13:49","date_gmt":"2024-07-11T11:37:26","guid":{"rendered":"https:\/\/www.moskito.cz\/produkt\/naprawiono-noz-muela-criollo-17\/"},"modified":"2025-05-07T11:20:51","modified_gmt":"2025-05-07T10:20:51","slug":"naprawiono-noz-muela-criollo-17","status":"publish","type":"product","link":"https:\/\/www.moskito.cz\/pl\/produkt\/naprawiono-noz-muela-criollo-17\/","title":{"rendered":"Naprawiono n\u00f3\u017c Muela CRIOLLO-17"},"content":{"rendered":"<p>Naprawiono n\u00f3\u017c <strong>Muela<\/strong> CRIOLLO-17.<\/p>\n<p><strong>CRIOLLO-17<\/strong> wi\u0119kszy z dw\u00f3ch uniwersalnych no\u017cy z serii CRIOLLO o konstrukcji full tang. Wykonane ze stali molibdenowo-wanadowej MoVa. Przeznaczony dla survivalowc\u00f3w, idealny na wypady za miasto oraz jako n\u00f3\u017c my\u015bliwski.<\/p>\n<p>G\u0142owica &#8211; o zmodyfikowanym profilu Drop Point o grubo\u015bci 4 mm z dobr\u0105, d\u0142ugotrwa\u0142\u0105 ostro\u015bci\u0105, pokryta antyrefleksyjn\u0105 pow\u0142ok\u0105 Satin Finish (p\u00f3\u0142matow\u0105) eliminuj\u0105c\u0105 odblaski. Wykonane z wytrzyma\u0142ej stali nierdzewnej molibdenowo-wanadowej X50CrMoV15 utwardzanej w przedziale 57-58 HRC. Ostrze g\u0142adkie Plain wyprowadzono szlifem Full Flat Grind dla doskona\u0142ej wydajno\u015bci ci\u0119cia. Ci\u0119cie to zmniejszy\u0142o wag\u0119 no\u017ca i poprawi\u0142o w\u0142a\u015bciwo\u015bci tn\u0105ce.<\/p>\n<p>R\u0119koje\u015b\u0107 &#8211; profilowana pod d\u0142o\u0144 zapewnia pewny chwyt, pokryta naturalnymi br\u0105zowymi nak\u0142adkami z laminatu koralowego (coral pakkawood). Profilowane podci\u0119cie Finger Choil pomi\u0119dzy r\u0119koje\u015bci\u0105 a ostrzem (zwi\u0119ksza kontrol\u0119 nad no\u017cem). N\u00f3\u017c bardzo dobrze le\u017cy w d\u0142oni, nie \u015blizga si\u0119, mo\u017cna nim \u0142atwo sterowa\u0107 w ka\u017cdych warunkach. Z ty\u0142u r\u0119koje\u015bci znajduje si\u0119 otw\u00f3r na kabel.<\/p>\n<p>Etui &#8211; profilowane pod r\u0105czk\u0105, wykonane ze sk\u00f3ry w kolorze br\u0105zowym z t\u0142oczonym logo Muela, zamykane na zatrzask. Pochwa zosta\u0142a na brzegach przeszyta ozdobn\u0105 nici\u0105. Mocowanie do paska lub osprz\u0119tu umo\u017cliwia noszenie no\u017ca w pozycji pionowej.<\/p>\n<p>Specyfikacja techniczna:<br \/>\nNumer produktu: CRIOLLO-17<\/p>\n<p>D\u0142ugo\u015b\u0107 ostrza: 17 cm \/ 6,69 cala<br \/>\nGrubo\u015b\u0107 ostrza: 0,4 cm \/ 0,16&#8243;<br \/>\nD\u0142ugo\u015b\u0107 ca\u0142kowita: 28 cm \/ 11,34 cala<br \/>\nWaga: 170,0 g \/ 6,0 uncji<\/p>\n<p>Materia\u0142 ostrza: 1.4116 (X50CrMoV15)<br \/>\nTwardo\u015b\u0107 ostrza: 57-58 HRC<br \/>\nTyp kraw\u0119dzi: G\u0142adka<br \/>\nTyp ostrza: Drop Point<br \/>\nTyp ci\u0119cia: ca\u0142kowicie p\u0142aski<\/p>\n<p>R\u0119koje\u015b\u0107: sekwoja, palisander, pakkawood<\/p>\n<p>Pochwa: Sk\u00f3ra<br \/>\nProducent: Muela, Hiszpania<\/p>\n<p>&nbsp;<\/p>\n","protected":false},"excerpt":{"rendered":"<p><strong>CRIOLLO-17 wi\u0119kszy z dw\u00f3ch uniwersalnych no\u017cy z serii CRIOLLO o konstrukcji full tang. Wykonane ze stali molibdenowo-wanadowej MoVa. Przeznaczony dla mi\u0142o\u015bnik\u00f3w survivalu, idealny na wypady za miasto oraz jako n\u00f3\u017c my\u015bliwski.<\/strong><\/p>\n","protected":false},"featured_media":351291,"comment_status":"open","ping_status":"closed","template":"","meta":[],"pwb-brand":[3912],"product_brand":[],"product_cat":[3296,3297],"product_tag":[3671],"class_list":{"0":"post-351307","1":"product","2":"type-product","3":"status-publish","4":"has-post-thumbnail","6":"pwb-brand-musiala","7":"product_cat-noze-pl","8":"product_cat-solidne-noze","9":"product_tag-b2b-pl","11":"first","12":"instock","13":"taxable","14":"shipping-taxable","15":"purchasable","16":"product-type-simple"},"brands":[{"id":3912,"name":"Musia\u0142a","slug":"musiala"}],"_links":{"self":[{"href":"https:\/\/www.moskito.cz\/pl\/wp-json\/wp\/v2\/product\/351307","targetHints":{"allow":["GET"]}}],"collection":[{"href":"https:\/\/www.moskito.cz\/pl\/wp-json\/wp\/v2\/product"}],"about":[{"href":"https:\/\/www.moskito.cz\/pl\/wp-json\/wp\/v2\/types\/product"}],"replies":[{"embeddable":true,"href":"https:\/\/www.moskito.cz\/pl\/wp-json\/wp\/v2\/comments?post=351307"}],"wp:featuredmedia":[{"embeddable":true,"href":"https:\/\/www.moskito.cz\/pl\/wp-json\/wp\/v2\/media\/351291"}],"wp:attachment":[{"href":"https:\/\/www.moskito.cz\/pl\/wp-json\/wp\/v2\/media?parent=351307"}],"wp:term":[{"taxonomy":"pwb-brand","embeddable":true,"href":"https:\/\/www.moskito.cz\/pl\/wp-json\/wp\/v2\/pwb-brand?post=351307"},{"taxonomy":"product_brand","embeddable":true,"href":"https:\/\/www.moskito.cz\/pl\/wp-json\/wp\/v2\/product_brand?post=351307"},{"taxonomy":"product_cat","embeddable":true,"href":"https:\/\/www.moskito.cz\/pl\/wp-json\/wp\/v2\/product_cat?post=351307"},{"taxonomy":"product_tag","embeddable":true,"href":"https:\/\/www.moskito.cz\/pl\/wp-json\/wp\/v2\/product_tag?post=351307"}],"curies":[{"name":"wp","href":"https:\/\/api.w.org\/{rel}","templated":true}]}}