{"id":351321,"date":"2022-09-20T22:08:49","date_gmt":"2024-07-11T12:52:39","guid":{"rendered":"https:\/\/www.moskito.cz\/produkt\/noz-zamykajacy-zero-tolerance-blackwash-0357bw\/"},"modified":"2025-05-07T11:20:52","modified_gmt":"2025-05-07T10:20:52","slug":"noz-zamykajacy-zero-tolerance-blackwash-0357bw","status":"publish","type":"product","link":"https:\/\/www.moskito.cz\/pl\/produkt\/noz-zamykajacy-zero-tolerance-blackwash-0357bw\/","title":{"rendered":"N\u00f3\u017c zamykaj\u0105cy Zero Tolerance BLACKWASH 0357BW"},"content":{"rendered":"<p>N\u00f3\u017c zamykaj\u0105cy <strong>Zero Tolerance<\/strong> BLACKWASH 0357BW.<\/p>\n<p>0357BW to prosty n\u00f3\u017c roboczy premium, stworzony do wymagaj\u0105cych warunk\u00f3w. Ostrze o ostrej kraw\u0119dzi o \u015brednicy 3,25 cala zapewnia u\u017cytkownikom wiele opcji ci\u0119cia. Doskona\u0142a stal ostrza CPM 20CV zapewnia niezawodne zachowanie kraw\u0119dzi i odporno\u015b\u0107 na korozj\u0119. Zadrapania \u0142\u0105cz\u0105 si\u0119 z wyko\u0144czeniem ostrza BlackWash\u2122. Z przodu i z ty\u0142u r\u0119koje\u015bci wykonano obr\u00f3bk\u0119 czarn\u0105 G10. 0357BW wyposa\u017cony jest w system wspomagania otwierania ZT. Wystarczy poci\u0105gn\u0105\u0107 za p\u0142etw\u0119, aby za ka\u017cdym razem \u0142atwo otworzy\u0107 n\u00f3\u017c. Ostrze blokuje si\u0119 za pomoc\u0105 solidnego zatrzasku. Obustronny klips przy g\u0142\u0119bokiej kieszeni umo\u017cliwia noszenie obu stron w pozycji z\u0142o\u017conej. Wszystkie te funkcje zosta\u0142y precyzyjnie wyprodukowane w fabryce ZT w Tualatin w stanie Oregon w USA. Niezale\u017cnie od tego, czy dopiero zaczynasz swoj\u0105 przygod\u0119 z ZT, czy chcesz co\u015b doda\u0107 do swojej kolekcji, mo\u017cesz liczy\u0107 na model 0357BW, kt\u00f3ry wykona zadanie.<\/p>\n<p>Funkcjonowa\u0107<\/p>\n<p>Wykonane w USA<br \/>\nR\u0119koje\u015b\u0107 G10 w kolorze czarnym<br \/>\nStal ostrza CPM 20CV zapewnia wyj\u0105tkow\u0105 twardo\u015b\u0107, odporno\u015b\u0107 na zu\u017cycie i zachowanie kraw\u0119dzi; Czarne wyko\u0144czenie pomaga ukry\u0107 zadrapania powsta\u0142e w wyniku u\u017cytkowania<br \/>\nWspomagane otwieranie zapewnia szybkie i niezawodne rozk\u0142adanie za pomoc\u0105 p\u0142etwy<\/p>\n<p>Wpisz wspomagane, folder<br \/>\nStosuj na co dzie\u0144, na \u015bwie\u017cym powietrzu, w pracy<br \/>\nStylowy scyzoryk<br \/>\nZaprojektowane przez ZT Originals<br \/>\nPunkt opadania w stylu ostrza<br \/>\nKraw\u0119d\u017a ostrza g\u0142adka<br \/>\nWspomagane otwieranie<br \/>\nOtwiera si\u0119 za pomoc\u0105 Flippera<br \/>\nTyp zamka Blokada liniowa<br \/>\nKieszonkowy klips Dwustronne g\u0142\u0119bokie noszenie (w prawo\/w lewo, odwracanie)<br \/>\nWyprodukowano w USA. Tak<br \/>\nOkucia Stalowy sworze\u0144, \u015bruby, klips<\/p>\n<p>Ostrze ze stali CPM 20CV<br \/>\nD\u0142ugo\u015b\u0107 ostrza 3,25 cala (8,25 cm)<br \/>\nHRC 60-62<br \/>\nObr\u00f3bka powierzchni ostrza\/Pow\u0142oka Obr\u00f3bka powierzchni BlackWash\u2122<br \/>\nGrubo\u015b\u0107 ostrza 0,121 cala (0,31 cm)<br \/>\nD\u0142ugo\u015b\u0107 po zamkni\u0119ciu 4,4 cala (11,2 cm)<br \/>\nMateria\u0142 r\u0119koje\u015bci G10<br \/>\nKolor uchwytu Czarny<br \/>\nGrubo\u015b\u0107 r\u0119koje\u015bci 0,47 cala (11,2 mm)<br \/>\nD\u0142ugo\u015b\u0107 ca\u0142kowita 7,625 cala (19,4 cm)<br \/>\nWaga 4,3 uncji (122g)<\/p>\n","protected":false},"excerpt":{"rendered":"<p>B\u0119dziemy nadal tworzy\u0107 profesjonalne no\u017ce najwy\u017cszej jako\u015bci, na kt\u00f3rych nasi klienci mog\u0105 polega\u0107 ka\u017cdego dnia!!<\/p>\n<p><strong>To jest zero tolerancji!!<\/strong><\/p>\n<p><strong>Bezp\u0142atny transport.<\/strong><\/p>\n","protected":false},"featured_media":351322,"comment_status":"open","ping_status":"closed","template":"","meta":[],"pwb-brand":[3926],"product_brand":[],"product_cat":[3296,3307],"product_tag":[],"class_list":{"0":"post-351321","1":"product","2":"type-product","3":"status-publish","4":"has-post-thumbnail","6":"pwb-brand-zero-tolerancji","7":"product_cat-noze-pl","8":"product_cat-zamykanie-nozy","10":"first","11":"outofstock","12":"taxable","13":"shipping-taxable","14":"purchasable","15":"product-type-simple"},"brands":[{"id":3926,"name":"Zero tolerancji","slug":"zero-tolerancji"}],"_links":{"self":[{"href":"https:\/\/www.moskito.cz\/pl\/wp-json\/wp\/v2\/product\/351321","targetHints":{"allow":["GET"]}}],"collection":[{"href":"https:\/\/www.moskito.cz\/pl\/wp-json\/wp\/v2\/product"}],"about":[{"href":"https:\/\/www.moskito.cz\/pl\/wp-json\/wp\/v2\/types\/product"}],"replies":[{"embeddable":true,"href":"https:\/\/www.moskito.cz\/pl\/wp-json\/wp\/v2\/comments?post=351321"}],"wp:featuredmedia":[{"embeddable":true,"href":"https:\/\/www.moskito.cz\/pl\/wp-json\/wp\/v2\/media\/351322"}],"wp:attachment":[{"href":"https:\/\/www.moskito.cz\/pl\/wp-json\/wp\/v2\/media?parent=351321"}],"wp:term":[{"taxonomy":"pwb-brand","embeddable":true,"href":"https:\/\/www.moskito.cz\/pl\/wp-json\/wp\/v2\/pwb-brand?post=351321"},{"taxonomy":"product_brand","embeddable":true,"href":"https:\/\/www.moskito.cz\/pl\/wp-json\/wp\/v2\/product_brand?post=351321"},{"taxonomy":"product_cat","embeddable":true,"href":"https:\/\/www.moskito.cz\/pl\/wp-json\/wp\/v2\/product_cat?post=351321"},{"taxonomy":"product_tag","embeddable":true,"href":"https:\/\/www.moskito.cz\/pl\/wp-json\/wp\/v2\/product_tag?post=351321"}],"curies":[{"name":"wp","href":"https:\/\/api.w.org\/{rel}","templated":true}]}}