{"id":351483,"date":"2024-07-12T12:30:49","date_gmt":"2024-07-12T11:31:19","guid":{"rendered":"https:\/\/www.moskito.cz\/produkt\/naprawiono-noz-muela-caz-16\/"},"modified":"2025-05-07T11:20:55","modified_gmt":"2025-05-07T10:20:55","slug":"naprawiono-noz-muela-caz-16","status":"publish","type":"product","link":"https:\/\/www.moskito.cz\/pl\/produkt\/naprawiono-noz-muela-caz-16\/","title":{"rendered":"Naprawiono n\u00f3\u017c Muela CAZ-16"},"content":{"rendered":"<p>Naprawiono n\u00f3\u017c <strong>Muela<\/strong> CAZ-16.<\/p>\n<p>1.4116 (X50CrMoV15) &#8211; wysokow\u0119glowa martenzytyczna stal nierdzewna molibdenowo-wanadowa, charakteryzuj\u0105ca si\u0119 wysok\u0105 odporno\u015bci\u0105 na korozj\u0119 i zu\u017cycie. Wykorzystuje si\u0119 go do produkcji no\u017cy, najnowocze\u015bniejszych sztu\u0107c\u00f3w i narz\u0119dzi chirurgicznych. Charakteryzuje si\u0119 stosunkowo du\u017c\u0105 twardo\u015bci\u0105 jak na stale nierdzewne rz\u0119du 57-58 HRC. Sk\u0142ad chemiczny stali wzbogacony jest domieszk\u0105 15,0% chromu, 0,80% molibdenu, 0,20% wanadu.<\/p>\n<p>G\u0142ownia &#8211; typu Clip Point (Bowie) z wyra\u017anie zaznaczonym brzuchem ostrza. Ostrze g\u0142adkie wyprowadzono ze szlifu Flat Grind, kt\u00f3ry zapewnia doskona\u0142e w\u0142a\u015bciwo\u015bci tn\u0105ce w po\u0142\u0105czeniu z doskona\u0142\u0105 trwa\u0142o\u015bci\u0105. Obustronna stalowa r\u0119koje\u015b\u0107 u nasady ostrza zabezpiecza d\u0142o\u0144 przed \u015blizganiem si\u0119 po ostrzu.<\/p>\n<p>R\u0119koje\u015b\u0107 &#8211; Poro\u017ce<\/p>\n<p>Pochwa &#8211; wykonana z dobrze garbowanej naturalnej sk\u00f3ry bydl\u0119cej. Na powierzchni wyt\u0142oczone logo producenta. Pochwa zosta\u0142a na brzegach przeszyta ozdobn\u0105 nici\u0105. Mocowanie do paska lub ekwipunku umo\u017cliwia noszenie no\u017ca w pozycji pionowej.<\/p>\n<p>Materia\u0142 ostrza: 440C<br \/>\nMateria\u0142 r\u0119koje\u015bci: poro\u017ce, metal<br \/>\nMateria\u0142 obudowy: Sk\u00f3ra<br \/>\nD\u0142ugo\u015b\u0107 ostrza: 16 cm<br \/>\nD\u0142ugo\u015b\u0107 ca\u0142kowita: 29,5 cm<br \/>\nD\u0142ugo\u015b\u0107 r\u0105czki: 13,5 cm<br \/>\nWaga: 260 g<br \/>\nZastosowanie: Polowanie<\/p>\n<p>&nbsp;<\/p>\n","protected":false},"excerpt":{"rendered":"<p><strong>N\u00f3\u017c my\u015bliwski Muela CAZ-16 ze sta\u0142\u0105 kling\u0105 wykonany ze stali nierdzewnej 440C z dwustronn\u0105 masywn\u0105 metalow\u0105 os\u0142on\u0105 i sk\u00f3rzan\u0105 pochw\u0105.<\/strong><\/p>\n","protected":false},"featured_media":351451,"comment_status":"open","ping_status":"closed","template":"","meta":[],"pwb-brand":[3912],"product_brand":[],"product_cat":[3296,3297],"product_tag":[3671],"class_list":{"0":"post-351483","1":"product","2":"type-product","3":"status-publish","4":"has-post-thumbnail","6":"pwb-brand-musiala","7":"product_cat-noze-pl","8":"product_cat-solidne-noze","9":"product_tag-b2b-pl","11":"first","12":"outofstock","13":"taxable","14":"shipping-taxable","15":"purchasable","16":"product-type-simple"},"brands":[{"id":3912,"name":"Musia\u0142a","slug":"musiala"}],"_links":{"self":[{"href":"https:\/\/www.moskito.cz\/pl\/wp-json\/wp\/v2\/product\/351483","targetHints":{"allow":["GET"]}}],"collection":[{"href":"https:\/\/www.moskito.cz\/pl\/wp-json\/wp\/v2\/product"}],"about":[{"href":"https:\/\/www.moskito.cz\/pl\/wp-json\/wp\/v2\/types\/product"}],"replies":[{"embeddable":true,"href":"https:\/\/www.moskito.cz\/pl\/wp-json\/wp\/v2\/comments?post=351483"}],"wp:featuredmedia":[{"embeddable":true,"href":"https:\/\/www.moskito.cz\/pl\/wp-json\/wp\/v2\/media\/351451"}],"wp:attachment":[{"href":"https:\/\/www.moskito.cz\/pl\/wp-json\/wp\/v2\/media?parent=351483"}],"wp:term":[{"taxonomy":"pwb-brand","embeddable":true,"href":"https:\/\/www.moskito.cz\/pl\/wp-json\/wp\/v2\/pwb-brand?post=351483"},{"taxonomy":"product_brand","embeddable":true,"href":"https:\/\/www.moskito.cz\/pl\/wp-json\/wp\/v2\/product_brand?post=351483"},{"taxonomy":"product_cat","embeddable":true,"href":"https:\/\/www.moskito.cz\/pl\/wp-json\/wp\/v2\/product_cat?post=351483"},{"taxonomy":"product_tag","embeddable":true,"href":"https:\/\/www.moskito.cz\/pl\/wp-json\/wp\/v2\/product_tag?post=351483"}],"curies":[{"name":"wp","href":"https:\/\/api.w.org\/{rel}","templated":true}]}}