{"id":351507,"date":"2024-07-12T12:44:07","date_gmt":"2024-07-12T11:48:42","guid":{"rendered":"https:\/\/www.moskito.cz\/produkt\/naprawiony-noz-muela-ranger-14r\/"},"modified":"2025-05-07T11:20:56","modified_gmt":"2025-05-07T10:20:56","slug":"naprawiony-noz-muela-ranger-14r","status":"publish","type":"product","link":"https:\/\/www.moskito.cz\/pl\/produkt\/naprawiony-noz-muela-ranger-14r\/","title":{"rendered":"Naprawiony n\u00f3\u017c Muela RANGER-14R"},"content":{"rendered":"<p>Naprawiony n\u00f3\u017c <strong>Muela<\/strong> RANGER-14R<\/p>\n<p>Ranger Bowie Pakkawood, Satin to uniwersalny n\u00f3\u017c ze sta\u0142\u0105 kling\u0105 hiszpa\u0144skiej firmy Muela, wykonany ze stali molibdenowo-wanadowej (MoVa). To solidne ostrze mo\u017ce by\u0107 u\u017cywane do wszystkich rodzaj\u00f3w prac, w ka\u017cdych warunkach, bez uszkodze\u0144. N\u00f3\u017c ten \u015bwietnie sprawdzi si\u0119 na wyprawach survivalowych, capingu, a tak\u017ce na wypadach za miasto.<\/p>\n<p>X50CrMoV15 (1.4116) &#8211; wysokow\u0119glowa martenzytyczna stal nierdzewna molibdenowo-wanadowa, charakteryzuj\u0105ca si\u0119 wysok\u0105 odporno\u015bci\u0105 na korozj\u0119 i zu\u017cycie. Wykorzystuje si\u0119 go do produkcji no\u017cy, najnowocze\u015bniejszych sztu\u0107c\u00f3w i narz\u0119dzi chirurgicznych. Charakteryzuje si\u0119 stosunkowo du\u017c\u0105 twardo\u015bci\u0105 jak na stale nierdzewne 56-58 HRC. Sk\u0142ad chemiczny stali zosta\u0142 wzbogacony domieszkami 15,0% chromu, 0,80% molibdenu, 0,20% wanadu.<\/p>\n<p>G\u0142ownia &#8211; ostra typu Bowie o grubo\u015bci 3.6 mm, pokryta nierefleksyjn\u0105 warstw\u0105 Satin Finish (p\u00f3\u0142mat) eliminuj\u0105c\u0105 odblaski. Ostrze g\u0142adkie (Plain). Ostrze wyprowadzono szlifem wkl\u0119s\u0142ym (Hollow Grind). zapewniaj\u0105c dobre w\u0142a\u015bciwo\u015bci skrawania. Na pi\u0119cie ostrza znajduje si\u0119 mosi\u0119\u017cny jednostronny \u017cywop\u0142ot zapobiegaj\u0105cy ze\u015blizgiwaniu si\u0119 d\u0142oni po ostrzu.<\/p>\n<p>R\u0119koje\u015b\u0107 &#8211; pokryta naturalnym drewnem pakka (laminat) w kolorze br\u0105zowym, wyko\u0144czona mosi\u0119\u017cn\u0105 g\u0142\u00f3wk\u0105. Profilowana r\u0119koje\u015b\u0107 zapewnia pewny i pewny chwyt. N\u00f3\u017c bardzo dobrze le\u017cy w d\u0142oni, nie \u015blizga si\u0119, mo\u017cna nim \u0142atwo sterowa\u0107 w ka\u017cdych warunkach.<\/p>\n<p>Pochwa &#8211; szyta r\u0119cznie, wykonana z wysokiej jako\u015bci sk\u00f3ry bydl\u0119cej w kolorze br\u0105zowym z t\u0142oczonym logo producenta. Brzegi etui przeszyte ozdobn\u0105 nici\u0105. Zapi\u0119cie zatrzaskowe typu Prym. Mocowanie do paska umo\u017cliwia noszenie no\u017ca w pozycji pionowej.<\/p>\n<p>Specyfikacja techniczna:<br \/>\nNumer produktu: RANGER-14R<\/p>\n<p>D\u0142ugo\u015b\u0107 ca\u0142kowita: 25,8 cm \/ 10,16 cala<br \/>\nD\u0142ugo\u015b\u0107 ostrza: 14,5 cm \/ 5,71\u201d<br \/>\nGrubo\u015b\u0107 ostrza: 0,36 cm \/ 0,14&#8243;<br \/>\nWaga: 195,0 g \/ 6,88 uncji<\/p>\n<p>Materia\u0142 ostrza: X50CrMoV15<br \/>\nTwardo\u015b\u0107 ostrza: 56-58 HRc<br \/>\nSzlif ostrza: p\u0142aski<br \/>\nObr\u00f3bka powierzchni ostrza: satyna<\/p>\n<p>Materia\u0142 r\u0119koje\u015bci: drewno pakka (koralowe drewno pakka)<br \/>\nKolor wyko\u0144czenia r\u0119koje\u015bci: br\u0105zowy<\/p>\n<p>Pochwa (kabura): Sk\u00f3ra<br \/>\nInne akcesoria: Brak<\/p>\n<p>Projektant: Muela<br \/>\nNazwa marki: Muela<br \/>\nProducent: Manufacturas Muela, SA<br \/>\nKraj pochodzenia: Hiszpania<\/p>\n<p>&nbsp;<\/p>\n<p>&nbsp;<\/p>\n","protected":false},"excerpt":{"rendered":"<p><strong>Ranger Bowie Pakkawood, Satin to uniwersalny n\u00f3\u017c ze sta\u0142\u0105 kling\u0105 hiszpa\u0144skiej firmy Muela ze sk\u00f3rzan\u0105 pochw\u0105.<\/strong><\/p>\n","protected":false},"featured_media":351492,"comment_status":"open","ping_status":"closed","template":"","meta":[],"pwb-brand":[3912],"product_brand":[],"product_cat":[3297,3296],"product_tag":[3671],"class_list":{"0":"post-351507","1":"product","2":"type-product","3":"status-publish","4":"has-post-thumbnail","6":"pwb-brand-musiala","7":"product_cat-solidne-noze","8":"product_cat-noze-pl","9":"product_tag-b2b-pl","11":"first","12":"outofstock","13":"taxable","14":"shipping-taxable","15":"purchasable","16":"product-type-simple"},"brands":[{"id":3912,"name":"Musia\u0142a","slug":"musiala"}],"_links":{"self":[{"href":"https:\/\/www.moskito.cz\/pl\/wp-json\/wp\/v2\/product\/351507","targetHints":{"allow":["GET"]}}],"collection":[{"href":"https:\/\/www.moskito.cz\/pl\/wp-json\/wp\/v2\/product"}],"about":[{"href":"https:\/\/www.moskito.cz\/pl\/wp-json\/wp\/v2\/types\/product"}],"replies":[{"embeddable":true,"href":"https:\/\/www.moskito.cz\/pl\/wp-json\/wp\/v2\/comments?post=351507"}],"wp:featuredmedia":[{"embeddable":true,"href":"https:\/\/www.moskito.cz\/pl\/wp-json\/wp\/v2\/media\/351492"}],"wp:attachment":[{"href":"https:\/\/www.moskito.cz\/pl\/wp-json\/wp\/v2\/media?parent=351507"}],"wp:term":[{"taxonomy":"pwb-brand","embeddable":true,"href":"https:\/\/www.moskito.cz\/pl\/wp-json\/wp\/v2\/pwb-brand?post=351507"},{"taxonomy":"product_brand","embeddable":true,"href":"https:\/\/www.moskito.cz\/pl\/wp-json\/wp\/v2\/product_brand?post=351507"},{"taxonomy":"product_cat","embeddable":true,"href":"https:\/\/www.moskito.cz\/pl\/wp-json\/wp\/v2\/product_cat?post=351507"},{"taxonomy":"product_tag","embeddable":true,"href":"https:\/\/www.moskito.cz\/pl\/wp-json\/wp\/v2\/product_tag?post=351507"}],"curies":[{"name":"wp","href":"https:\/\/api.w.org\/{rel}","templated":true}]}}