{"id":351548,"date":"2024-07-12T13:04:16","date_gmt":"2024-07-12T12:06:26","guid":{"rendered":"https:\/\/www.moskito.cz\/produkt\/noz-zamykajacy-muela-gavilan-m\/"},"modified":"2025-05-07T11:20:57","modified_gmt":"2025-05-07T10:20:57","slug":"noz-zamykajacy-muela-gavilan-m","status":"publish","type":"product","link":"https:\/\/www.moskito.cz\/pl\/produkt\/noz-zamykajacy-muela-gavilan-m\/","title":{"rendered":"N\u00f3\u017c zamykaj\u0105cy Muela GAVILAN-M"},"content":{"rendered":"<p>N\u00f3\u017c zamykaj\u0105cy <strong>Muela<\/strong> GAVILAN-M<\/p>\n<p>N\u00f3\u017c uniwersalny <strong>GAVILAN<\/strong> -M o konstrukcji full tang ze sta\u0142\u0105 kling\u0105, wykonany ze stali molibdenowo-wanadowej MoVa. Lepsze wywa\u017cenie przy zmniejszonej wadze, doskona\u0142e narz\u0119dzie, kt\u00f3re sprawdzi si\u0119 w szerokim zakresie zastosowa\u0144, na polowaniach, wyprawach survivalowych, biwaku. Prawdziwy pojazd 4&#215;4 pomi\u0119dzy no\u017cami.<\/p>\n<p>Stal by\u0142a kriogeniczna (poddana obr\u00f3bce cieplnej w ujemnych temperaturach), zwana CRYO-T, zwana tak\u017ce mrozem. Dzi\u0119ki CRYO-T uzyskujemy jednorodn\u0105 struktur\u0119 wewn\u0119trzn\u0105 stali, co przek\u0142ada si\u0119 na znaczny wzrost wytrzyma\u0142o\u015bci ostrza, wzrost odporno\u015bci na uderzenia, rozci\u0105ganie i skr\u0119canie.<\/p>\n<p>G\u0142ownia &#8211; o profilu Drop Point i grubo\u015bci 4.5 mm pokryta antyrefleksyjn\u0105 antyrefleksyjn\u0105 pow\u0142ok\u0105 Satin Finish (p\u00f3\u0142mat). Wykonane z hartowanej w przedziale 57-58 HRC, wytrzyma\u0142ej stali nierdzewnej molibdenowo-wanadowej X50CrMoV15. Ostrze charakteryzuje si\u0119 dobrymi w\u0142a\u015bciwo\u015bciami mechanicznymi i d\u0142ugotrwa\u0142ym ostrzeniem. Ostrze g\u0142adkie typu Plain wyprowadzono szlifem p\u0142askim (Flat Grind).<\/p>\n<p>R\u0119koje\u015b\u0107 &#8211; profilowana, pokryta antypo\u015blizgow\u0105 wodoodporn\u0105 wy\u015bci\u00f3\u0142k\u0105 z micarty w kolorze czarnym, zapewnia doskona\u0142y chwyt\/pewny chwyt. Powi\u0119kszony wyst\u0119p pe\u0142ni funkcj\u0119 jelca, chroni\u0105c d\u0142o\u0144 przed niezamierzonym ze\u015blizgni\u0119ciem si\u0119 podczas pracy. W tylnej cz\u0119\u015bci r\u0119koje\u015bci umieszczono szczelin\u0119 z plecionym sznurkiem z paracordu.<\/p>\n<p>Etui &#8211; przed\u0142u\u017cane, chroni g\u0142ow\u0119 wraz z cz\u0119\u015bci\u0105 r\u0119koje\u015bci. Wykonane z najwy\u017cszej jako\u015bci sk\u00f3ry bydl\u0119cej w kolorze czarnym z t\u0142oczonym logo producenta. Pochwa zosta\u0142a na brzegach przeszyta ozdobn\u0105 nici\u0105. Mocowanie do paska lub urz\u0105dzenia umo\u017cliwia noszenie no\u017ca w pozycji pionowej.<\/p>\n<p>Specyfikacja techniczna:<br \/>\nNumer produktu: GAVILAN-M<\/p>\n<p>Rodzaj stali: 1.4116 (X50CrMoV15)<br \/>\nD\u0142ugo\u015b\u0107 ostrza: 12,5 cm \/ 4,92&#8243;<br \/>\nGrubo\u015b\u0107 ostrza: 0,45 cm \/ 0,16&#8243;<br \/>\nD\u0142ugo\u015b\u0107 ca\u0142kowita: 25,3 cm \/ 9,96 cala<br \/>\nWaga: 290 g \/ 10,23 uncji<br \/>\nTyp kraw\u0119dzi: G\u0142adka<br \/>\nTyp ostrza: Drop Point<br \/>\nRodzaj ci\u0119cia: P\u0142aski<\/p>\n<p>Materia\u0142 r\u0119koje\u015bci: Micarta Black<br \/>\nPochwa: Sk\u00f3ra<br \/>\nProducent: Muela, Hiszpania<\/p>\n<p>&nbsp;<\/p>\n","protected":false},"excerpt":{"rendered":"<p><strong>Doskona\u0142e narz\u0119dzie, kt\u00f3re sprawdzi si\u0119 w szerokim zakresie zastosowa\u0144, podczas polowa\u0144, wypraw survivalowych, biwakowania. Prawdziwy pojazd 4&#215;4 pomi\u0119dzy no\u017cami.<\/strong><\/p>\n","protected":false},"featured_media":351517,"comment_status":"open","ping_status":"closed","template":"","meta":[],"pwb-brand":[3912],"product_brand":[],"product_cat":[3296,3297],"product_tag":[3671],"class_list":{"0":"post-351548","1":"product","2":"type-product","3":"status-publish","4":"has-post-thumbnail","6":"pwb-brand-musiala","7":"product_cat-noze-pl","8":"product_cat-solidne-noze","9":"product_tag-b2b-pl","11":"first","12":"instock","13":"taxable","14":"shipping-taxable","15":"purchasable","16":"product-type-simple"},"brands":[{"id":3912,"name":"Musia\u0142a","slug":"musiala"}],"_links":{"self":[{"href":"https:\/\/www.moskito.cz\/pl\/wp-json\/wp\/v2\/product\/351548","targetHints":{"allow":["GET"]}}],"collection":[{"href":"https:\/\/www.moskito.cz\/pl\/wp-json\/wp\/v2\/product"}],"about":[{"href":"https:\/\/www.moskito.cz\/pl\/wp-json\/wp\/v2\/types\/product"}],"replies":[{"embeddable":true,"href":"https:\/\/www.moskito.cz\/pl\/wp-json\/wp\/v2\/comments?post=351548"}],"wp:featuredmedia":[{"embeddable":true,"href":"https:\/\/www.moskito.cz\/pl\/wp-json\/wp\/v2\/media\/351517"}],"wp:attachment":[{"href":"https:\/\/www.moskito.cz\/pl\/wp-json\/wp\/v2\/media?parent=351548"}],"wp:term":[{"taxonomy":"pwb-brand","embeddable":true,"href":"https:\/\/www.moskito.cz\/pl\/wp-json\/wp\/v2\/pwb-brand?post=351548"},{"taxonomy":"product_brand","embeddable":true,"href":"https:\/\/www.moskito.cz\/pl\/wp-json\/wp\/v2\/product_brand?post=351548"},{"taxonomy":"product_cat","embeddable":true,"href":"https:\/\/www.moskito.cz\/pl\/wp-json\/wp\/v2\/product_cat?post=351548"},{"taxonomy":"product_tag","embeddable":true,"href":"https:\/\/www.moskito.cz\/pl\/wp-json\/wp\/v2\/product_tag?post=351548"}],"curies":[{"name":"wp","href":"https:\/\/api.w.org\/{rel}","templated":true}]}}