{"id":351573,"date":"2024-07-12T13:48:10","date_gmt":"2024-07-12T12:57:09","guid":{"rendered":"https:\/\/www.moskito.cz\/produkt\/noz-nurkowy-muela-sub-14-3\/"},"modified":"2025-05-07T11:20:59","modified_gmt":"2025-05-07T10:20:59","slug":"noz-nurkowy-muela-sub-14-3","status":"publish","type":"product","link":"https:\/\/www.moskito.cz\/pl\/produkt\/noz-nurkowy-muela-sub-14-3\/","title":{"rendered":"N\u00f3\u017c nurkowy Muela SUB-14.3"},"content":{"rendered":"<p>N\u00f3\u017c nurkowy <strong>Muela<\/strong> SUB-14.3<\/p>\n<p>Doskona\u0142y n\u00f3\u017c do nurkowania <strong>SUB-14.3<\/strong> wykonany ze stali nierdzewnej molibdenowo-wanadowej. Produkowany jest przez renomowan\u0105 hiszpa\u0144sk\u0105 firm\u0119 Muela, kt\u00f3ra posiada ponad 50-letnie do\u015bwiadczenie w produkcji no\u017cy.<\/p>\n<p>G\u0142ownia &#8211; grubo\u015b\u0107 ok. 3,4 mm, wykonana z wytrzyma\u0142ej stali molibdenowo-wanadowej polerowanej na wysoki po\u0142ysk. Na grzbiecie brzeszczotu umieszczono uniwersaln\u0105 pi\u0142\u0119 do agresywnego ci\u0119cia materia\u0142\u00f3w w\u0142\u00f3knistych.<\/p>\n<p>Typ Edge-about Combo zosta\u0142 wykonany szlifem wkl\u0119s\u0142ym (Hollow Grind). 20% to ostrze z\u0105bkowane s\u0142u\u017c\u0105ce do ci\u0119cia m.in. lin, sieci, pas\u00f3w, a 80% to klasyczne ostrze g\u0142adkie (typu Plain) przeznaczone do precyzyjnego ci\u0119cia.<\/p>\n<p>R\u0119koje\u015b\u0107 &#8211; ergonomiczna, teksturowana z z\u0105bkowanymi wyci\u0119ciami pod d\u0142oni\u0105 zapewniaj\u0105cymi dobry chwyt. N\u00f3\u017c dobrze le\u017cy w d\u0142oni, nie \u015blizga si\u0119 dzi\u0119ki pow\u0142oce z mi\u0119kkiego tworzywa sztucznego (PDV) w kolorze niebieskim. Z\u0105bkowane wsparcie plec\u00f3w pod kciukiem (Ramp), zapobiegaj\u0105ce przypadkowemu ze\u015blizgni\u0119ciu si\u0119 d\u0142oni podczas pracy.<\/p>\n<p>Etui &#8211; wykonane z materia\u0142u ABS w kolorze niebieskim. Etui posiada klips zabezpieczaj\u0105cy n\u00f3\u017c przed wypadni\u0119ciem. W zestawie znajduj\u0105 si\u0119 dwa regulowane, odporne na promieniowanie UV paski gumowe umo\u017cliwiaj\u0105ce przymocowanie pochwy do nogi lub uda.<br \/>\nSpecyfikacja techniczna:<br \/>\nNumer produktu: SUB-14.3 (czarno-niebieski)<br \/>\nRodzaj stali: Molibden-Wanad<br \/>\nD\u0142ugo\u015b\u0107 ostrza: 14 cm \/ 5,51 cala<br \/>\nGrubo\u015b\u0107 ostrza: 0,35 cm \/ 0,14&#8243;<br \/>\nD\u0142ugo\u015b\u0107 ca\u0142kowita: 25,5 cm \/ 10,04 cala<br \/>\nWaga: 133 g \/ 4,69 uncji<br \/>\nOstrze: Po\u0142\u0105czone<br \/>\nRodzaj ci\u0119cia: Wkl\u0119s\u0142y<br \/>\nTyp r\u0119koje\u015bci: polimer PDV<br \/>\nSkorupa: ABS<br \/>\nProducent: Muela, Hiszpania<\/p>\n<p>&nbsp;<\/p>\n","protected":false},"excerpt":{"rendered":"<p><strong>Doskona\u0142y n\u00f3\u017c do nurkowania SUB-14.3 wykonany ze stali nierdzewnej molibdenowo-wanadowej. Produkowany jest przez renomowan\u0105 hiszpa\u0144sk\u0105 firm\u0119 Muela, kt\u00f3ra posiada ponad 50-letnie do\u015bwiadczenie w produkcji no\u017cy.<\/strong><\/p>\n","protected":false},"featured_media":351557,"comment_status":"open","ping_status":"closed","template":"","meta":[],"pwb-brand":[3912],"product_brand":[],"product_cat":[3296,3297],"product_tag":[3671],"class_list":{"0":"post-351573","1":"product","2":"type-product","3":"status-publish","4":"has-post-thumbnail","6":"pwb-brand-musiala","7":"product_cat-noze-pl","8":"product_cat-solidne-noze","9":"product_tag-b2b-pl","11":"first","12":"instock","13":"taxable","14":"shipping-taxable","15":"purchasable","16":"product-type-simple"},"brands":[{"id":3912,"name":"Musia\u0142a","slug":"musiala"}],"_links":{"self":[{"href":"https:\/\/www.moskito.cz\/pl\/wp-json\/wp\/v2\/product\/351573","targetHints":{"allow":["GET"]}}],"collection":[{"href":"https:\/\/www.moskito.cz\/pl\/wp-json\/wp\/v2\/product"}],"about":[{"href":"https:\/\/www.moskito.cz\/pl\/wp-json\/wp\/v2\/types\/product"}],"replies":[{"embeddable":true,"href":"https:\/\/www.moskito.cz\/pl\/wp-json\/wp\/v2\/comments?post=351573"}],"wp:featuredmedia":[{"embeddable":true,"href":"https:\/\/www.moskito.cz\/pl\/wp-json\/wp\/v2\/media\/351557"}],"wp:attachment":[{"href":"https:\/\/www.moskito.cz\/pl\/wp-json\/wp\/v2\/media?parent=351573"}],"wp:term":[{"taxonomy":"pwb-brand","embeddable":true,"href":"https:\/\/www.moskito.cz\/pl\/wp-json\/wp\/v2\/pwb-brand?post=351573"},{"taxonomy":"product_brand","embeddable":true,"href":"https:\/\/www.moskito.cz\/pl\/wp-json\/wp\/v2\/product_brand?post=351573"},{"taxonomy":"product_cat","embeddable":true,"href":"https:\/\/www.moskito.cz\/pl\/wp-json\/wp\/v2\/product_cat?post=351573"},{"taxonomy":"product_tag","embeddable":true,"href":"https:\/\/www.moskito.cz\/pl\/wp-json\/wp\/v2\/product_tag?post=351573"}],"curies":[{"name":"wp","href":"https:\/\/api.w.org\/{rel}","templated":true}]}}