{"id":351580,"date":"2023-07-16T18:17:54","date_gmt":"2024-07-12T12:59:28","guid":{"rendered":"https:\/\/www.moskito.cz\/?post_type=product&p=351580"},"modified":"2025-05-07T11:21:00","modified_gmt":"2025-05-07T10:21:00","slug":"naprawiono-noz-muela-gred-17","status":"publish","type":"product","link":"https:\/\/www.moskito.cz\/pl\/produkt\/naprawiono-noz-muela-gred-17\/","title":{"rendered":"Naprawiono n\u00f3\u017c Muela GRED-17"},"content":{"rendered":"<p>Naprawiono n\u00f3\u017c <strong>Muela<\/strong> GRED-17<\/p>\n<p>Masywny n\u00f3\u017c my\u015bliwski GRED-17 GREDOS hiszpa\u0144skiej firmy Muela ze sta\u0142\u0105 kling\u0105. Wykonane ze stali molibdenowo-wanadowej (MoVa). Starannie wykonany, przeznaczony dla my\u015bliwych, pos\u0142u\u017cy tak\u017ce do survivalu i biwakowania.<\/p>\n<p>Bade &#8211; grubo\u015b\u0107 4,5 mm o profilu Bowie, pokryty nierefleksyjn\u0105 warstw\u0105 Satin Finish (p\u00f3\u0142mat) eliminuj\u0105c\u0105 odblaski. Wykonane z hartowanej w przedziale 57-58 HRC, wytrzyma\u0142ej stali nierdzewnej molibdenowo-wanadowej X50CrMoV15. Ostrze charakteryzuje si\u0119 dobrymi w\u0142a\u015bciwo\u015bciami mechanicznymi i d\u0142ugotrwa\u0142ym ostrzeniem. Ostrze g\u0142adkie (typ Plain) wyprowadzono szlifem wkl\u0119s\u0142ym (Hollow Grind), umo\u017cliwiaj\u0105cym precyzyjne wycinanie powierzchni tn\u0105cej oraz ultracienk\u0105 ko\u0144c\u00f3wk\u0105.<\/p>\n<p>R\u0119koje\u015b\u0107 &#8211; pokryta naturalnym szwem antiru (poro\u017c\u0119 jelenia), zapewnia ekskluzywny wygl\u0105d i wygodny, pewny chwyt.<\/p>\n<p>Etui &#8211; wykonane ze sk\u00f3ry naturalnej w kolorze br\u0105zowym. Pochwa z wyt\u0142oczonym logo producenta. Zapinana na zatrzask Prym z herbem firmy. Na kraw\u0119dziach pochwa przeszyta ozdobn\u0105 nici\u0105. Mocowanie do paska lub osprz\u0119tu umo\u017cliwia noszenie no\u017ca w pozycji pionowej.<\/p>\n<p>Specyfikacja techniczna:<br \/>\nNumer produktu: GRED-17<br \/>\nRodzaj stali: X50CrMoV15<br \/>\nD\u0142ugo\u015b\u0107 ostrza: 16,5 cm<br \/>\nGrubo\u015b\u0107 ostrza: 0,45 cm<br \/>\nD\u0142ugo\u015b\u0107 ca\u0142kowita: 26,8 cm<br \/>\nWaga: 250,0 g \/ 8,82 uncji<br \/>\nTyp kraw\u0119dzi: G\u0142adka<br \/>\nTyp ostrza: Bowie<br \/>\nRodzaj ci\u0119cia: Wkl\u0119s\u0142y<br \/>\nChwyty: Jele\u0144 jelenia (poro\u017ce jelenia)<br \/>\nPochwa: Sk\u00f3ra<br \/>\nProducent: Muela, Hiszpania<\/p>\n<p>&nbsp;<\/p>\n<p>&nbsp;<\/p>\n","protected":false},"excerpt":{"rendered":"<p><strong>Masywny n\u00f3\u017c my\u015bliwski GRED-17 GREDOS hiszpa\u0144skiej firmy Muela ze sta\u0142\u0105 kling\u0105. Wykonane ze stali molibdenowo-wanadowej (MoVa). Starannie wykonany, przeznaczony dla my\u015bliwych, pos\u0142u\u017cy tak\u017ce do survivalu i biwakowania.<\/strong><\/p>\n","protected":false},"featured_media":351589,"comment_status":"open","ping_status":"closed","template":"","meta":[],"pwb-brand":[3912],"product_brand":[],"product_cat":[3296,3297],"product_tag":[3671],"class_list":{"0":"post-351580","1":"product","2":"type-product","3":"status-publish","4":"has-post-thumbnail","6":"pwb-brand-musiala","7":"product_cat-noze-pl","8":"product_cat-solidne-noze","9":"product_tag-b2b-pl","11":"first","12":"instock","13":"taxable","14":"shipping-taxable","15":"purchasable","16":"product-type-simple"},"brands":[{"id":3912,"name":"Musia\u0142a","slug":"musiala"}],"_links":{"self":[{"href":"https:\/\/www.moskito.cz\/pl\/wp-json\/wp\/v2\/product\/351580","targetHints":{"allow":["GET"]}}],"collection":[{"href":"https:\/\/www.moskito.cz\/pl\/wp-json\/wp\/v2\/product"}],"about":[{"href":"https:\/\/www.moskito.cz\/pl\/wp-json\/wp\/v2\/types\/product"}],"replies":[{"embeddable":true,"href":"https:\/\/www.moskito.cz\/pl\/wp-json\/wp\/v2\/comments?post=351580"}],"wp:featuredmedia":[{"embeddable":true,"href":"https:\/\/www.moskito.cz\/pl\/wp-json\/wp\/v2\/media\/351589"}],"wp:attachment":[{"href":"https:\/\/www.moskito.cz\/pl\/wp-json\/wp\/v2\/media?parent=351580"}],"wp:term":[{"taxonomy":"pwb-brand","embeddable":true,"href":"https:\/\/www.moskito.cz\/pl\/wp-json\/wp\/v2\/pwb-brand?post=351580"},{"taxonomy":"product_brand","embeddable":true,"href":"https:\/\/www.moskito.cz\/pl\/wp-json\/wp\/v2\/product_brand?post=351580"},{"taxonomy":"product_cat","embeddable":true,"href":"https:\/\/www.moskito.cz\/pl\/wp-json\/wp\/v2\/product_cat?post=351580"},{"taxonomy":"product_tag","embeddable":true,"href":"https:\/\/www.moskito.cz\/pl\/wp-json\/wp\/v2\/product_tag?post=351580"}],"curies":[{"name":"wp","href":"https:\/\/api.w.org\/{rel}","templated":true}]}}