{"id":351649,"date":"2024-07-12T14:20:45","date_gmt":"2024-07-12T13:22:04","guid":{"rendered":"https:\/\/www.moskito.cz\/produkt\/noz-muela-z-pudelkiem-prezentowym-buffalo-16bf\/"},"modified":"2025-05-07T11:21:01","modified_gmt":"2025-05-07T10:21:01","slug":"noz-muela-z-pudelkiem-prezentowym-buffalo-16bf","status":"publish","type":"product","link":"https:\/\/www.moskito.cz\/pl\/produkt\/noz-muela-z-pudelkiem-prezentowym-buffalo-16bf\/","title":{"rendered":"N\u00f3\u017c Muela z pude\u0142kiem prezentowym BUFFALO-16BF"},"content":{"rendered":"<p>N\u00f3\u017c <strong>Muela<\/strong> z pude\u0142kiem prezentowym BUFFALO-16BF<\/p>\n<p><strong>BUFFALO-16BF<\/strong> , \u015bwietnie wykonany n\u00f3\u017c hiszpa\u0144skiej firmy Muela z okazjonalnej serii Big Five. Pi\u0119\u0107 no\u017cy z g\u0142owami bawo\u0142a, lwa, nosoro\u017cca, lamparta i s\u0142onia. Ka\u017cdy n\u00f3\u017c oferowany jest w eleganckim pude\u0142ku prezentowym. Wysoka jako\u015b\u0107 u\u017cytych materia\u0142\u00f3w podkre\u015bla pi\u0119kno i precyzj\u0119 wykonania detalu. Gratka dla kolekcjoner\u00f3w, mi\u0142o\u015bnik\u00f3w polowa\u0144, os\u00f3b ceni\u0105cych aktywny tryb \u017cycia.<\/p>\n<p>G\u0142ownia &#8211; o profilu Bowie, grubo\u015bci 4.5 mm o dobrych w\u0142a\u015bciwo\u015bciach mechanicznych i d\u0142ugotrwa\u0142ej ostro\u015bci. Wykonane z wytrzyma\u0142ej stali nierdzewnej molibdenowo-wanadowej X50CrMoV15 (1.4116), utwardzanej w przedziale 57-58 HRC. Ostrze g\u0142adkie typu Plain wyprowadzono szlifem wkl\u0119s\u0142ym (Hollow Grind). Wyko\u0144czenie satynowe (p\u00f3\u0142matowe) eliminuje odblaski. U nasady ostrza umieszczono obustronny, polerowany mosi\u0105dz chroni\u0105cy d\u0142o\u0144.<\/p>\n<p>R\u0119koje\u015b\u0107 &#8211; jele\u0144 naturalny jele\u0144, wyko\u0144czona medalionem z motywem my\u015bliwskim, g\u0142owa bawo\u0142a wykonana z polerowanego mosi\u0105dzu.<\/p>\n<p>Etui &#8211; sk\u00f3ra naturalna w kolorze ciemnobr\u0105zowym z wyt\u0142oczonym logo producenta. Pochwa zosta\u0142a na brzegach przeszyta ozdobn\u0105 nici\u0105. Mocowanie do paska lub osprz\u0119tu umo\u017cliwia noszenie no\u017ca w pozycji pionowej.<\/p>\n<p>Specyfikacja techniczna::<br \/>\nNumer produktu: BUFFALO-16BF<\/p>\n<p>Rodzaj stali: 1.4116 (X50CrMoV15)<br \/>\nD\u0142ugo\u015b\u0107 ostrza: 16 cm \/ 6,30 cala<br \/>\nGrubo\u015b\u0107 ostrza: 0,45 cm \/ 0,178&#8243;<br \/>\nD\u0142ugo\u015b\u0107 ca\u0142kowita: 28,8 cm \/ 11,34 cala<br \/>\nWaga: 274,0 g \/ 9,66 uncji<br \/>\nTyp kraw\u0119dzi: G\u0142adka<br \/>\nTyp ostrza: Bowie<br \/>\nRodzaj ci\u0119cia: Wkl\u0119s\u0142y<\/p>\n<p>Materia\u0142 r\u0119koje\u015bci: jele\u0144<br \/>\nPochwa: Sk\u00f3ra<\/p>\n<p>Producent: Muela, Hiszpania<\/p>\n<p>&nbsp;<\/p>\n","protected":false},"excerpt":{"rendered":"<p><strong>BUFFALO-16BF, \u015bwietnie wykonany n\u00f3\u017c hiszpa\u0144skiej firmy Muela z okazjonalnej serii Big Five. Pi\u0119\u0107 no\u017cy z g\u0142owami bawo\u0142a, lwa, nosoro\u017cca, lamparta i s\u0142onia. Ka\u017cdy n\u00f3\u017c oferowany jest w eleganckim pude\u0142ku prezentowym. Wysoka jako\u015b\u0107 u\u017cytych materia\u0142\u00f3w podkre\u015bla pi\u0119kno i precyzj\u0119 wykonania detalu. Przysmak dla kolekcjoner\u00f3w, mi\u0142o\u015bnik\u00f3w polowa\u0144, os\u00f3b ceni\u0105cych aktywny tryb \u017cycia.<\/strong><\/p>\n","protected":false},"featured_media":351618,"comment_status":"open","ping_status":"closed","template":"","meta":[],"pwb-brand":[3912],"product_brand":[],"product_cat":[3296,3297],"product_tag":[3671],"class_list":{"0":"post-351649","1":"product","2":"type-product","3":"status-publish","4":"has-post-thumbnail","6":"pwb-brand-musiala","7":"product_cat-noze-pl","8":"product_cat-solidne-noze","9":"product_tag-b2b-pl","11":"first","12":"instock","13":"taxable","14":"shipping-taxable","15":"purchasable","16":"product-type-simple"},"brands":[{"id":3912,"name":"Musia\u0142a","slug":"musiala"}],"_links":{"self":[{"href":"https:\/\/www.moskito.cz\/pl\/wp-json\/wp\/v2\/product\/351649","targetHints":{"allow":["GET"]}}],"collection":[{"href":"https:\/\/www.moskito.cz\/pl\/wp-json\/wp\/v2\/product"}],"about":[{"href":"https:\/\/www.moskito.cz\/pl\/wp-json\/wp\/v2\/types\/product"}],"replies":[{"embeddable":true,"href":"https:\/\/www.moskito.cz\/pl\/wp-json\/wp\/v2\/comments?post=351649"}],"wp:featuredmedia":[{"embeddable":true,"href":"https:\/\/www.moskito.cz\/pl\/wp-json\/wp\/v2\/media\/351618"}],"wp:attachment":[{"href":"https:\/\/www.moskito.cz\/pl\/wp-json\/wp\/v2\/media?parent=351649"}],"wp:term":[{"taxonomy":"pwb-brand","embeddable":true,"href":"https:\/\/www.moskito.cz\/pl\/wp-json\/wp\/v2\/pwb-brand?post=351649"},{"taxonomy":"product_brand","embeddable":true,"href":"https:\/\/www.moskito.cz\/pl\/wp-json\/wp\/v2\/product_brand?post=351649"},{"taxonomy":"product_cat","embeddable":true,"href":"https:\/\/www.moskito.cz\/pl\/wp-json\/wp\/v2\/product_cat?post=351649"},{"taxonomy":"product_tag","embeddable":true,"href":"https:\/\/www.moskito.cz\/pl\/wp-json\/wp\/v2\/product_tag?post=351649"}],"curies":[{"name":"wp","href":"https:\/\/api.w.org\/{rel}","templated":true}]}}