{"id":351721,"date":"2024-07-12T14:44:41","date_gmt":"2024-07-12T13:44:41","guid":{"rendered":"https:\/\/www.moskito.cz\/produkt\/naprawiono-noz-muela-z-etui-tejon-16\/"},"modified":"2025-05-07T11:21:06","modified_gmt":"2025-05-07T10:21:06","slug":"naprawiono-noz-muela-z-etui-tejon-16","status":"publish","type":"product","link":"https:\/\/www.moskito.cz\/pl\/produkt\/naprawiono-noz-muela-z-etui-tejon-16\/","title":{"rendered":"Naprawiono n\u00f3\u017c Muela z etui TEJON-16"},"content":{"rendered":"<p>Naprawiono n\u00f3\u017c <strong>Muela<\/strong> z etui TEJON-16<\/p>\n<p>Rzemie\u015blniczy n\u00f3\u017c my\u015bliwski TEJON-16 hiszpa\u0144skiej firmy Muela z rogiem i sta\u0142\u0105 kling\u0105. Wykonane ze stali molibdenowo-wanadowej (MoVa). Zaprojektowany z my\u015bl\u0105 o mi\u0142o\u015bnikach polowa\u0144, sprawdzi si\u0119 tak\u017ce podczas survivalowych i wypadowych wypad\u00f3w.<\/p>\n<p>G\u0142ownia &#8211; grubo\u015bci 3.6 mm o zmodyfikowanym profilu Bowie, pokryta antyrefleksyjn\u0105 warstw\u0105 Satin Finish (p\u00f3\u0142mat) eliminuj\u0105c\u0105 odblaski. Wykonane z hartowanej w przedziale 57-58 HRC, wytrzyma\u0142ej stali nierdzewnej molibdenowo-wanadowej X50CrMoV15. Ostrze charakteryzuje si\u0119 dobrymi w\u0142a\u015bciwo\u015bciami mechanicznymi i d\u0142ugotrwa\u0142ym ostrzeniem. Ostrze g\u0142adkie (typ Plain) wyprowadzono szlifem p\u0142askim (Flat Grind), umo\u017cliwiaj\u0105cym ci\u0119cie ze znaczn\u0105 si\u0142\u0105.<\/p>\n<p>R\u0119koje\u015b\u0107 &#8211; wyko\u0144czona mosi\u0119\u017cn\u0105 g\u0142\u00f3wk\u0105, pokryta naturalnymi fornirami z drewna jelenia, zapewniaj\u0105ca ekskluzywny wygl\u0105d i wygodny chwyt.<\/p>\n<p>Etui &#8211; wykonane ze sk\u00f3ry naturalnej w kolorze br\u0105zowym. Pochwa z wyt\u0142oczonym logo producenta. Zapinana na zatrzask Prym z herbem firmy. Na kraw\u0119dziach pochwa przeszyta ozdobn\u0105 nici\u0105. Mocowanie do paska lub osprz\u0119tu umo\u017cliwia noszenie no\u017ca w pozycji pionowej.<\/p>\n<p>Specyfikacja techniczna:<br \/>\nNumer produktu: TEJON-16<br \/>\nRodzaj stali: X50CrMoV15<br \/>\nD\u0142ugo\u015b\u0107 ostrza: 16 cm \/ 6,3 cala<br \/>\nGrubo\u015b\u0107 ostrza: 0,36 cm \/ 0,14&#8243;<br \/>\nD\u0142ugo\u015b\u0107 ca\u0142kowita: 29 cm \/ 11,42 cala<br \/>\nWaga: 189,0 g \/ 6,67 uncji<br \/>\nTyp kraw\u0119dzi: G\u0142adka<br \/>\nTyp ostrza: Bowie<br \/>\nRodzaj ci\u0119cia: P\u0142aski<br \/>\nWy\u015bci\u00f3\u0142ka r\u0119koje\u015bci: Jele\u0144 jelenia (poro\u017ce jelenia)<br \/>\nPochwa: Sk\u00f3ra<br \/>\nProducent: Muela, Hiszpania<\/p>\n<p>&nbsp;<\/p>\n","protected":false},"excerpt":{"rendered":"<p><strong>Rzemie\u015blniczy n\u00f3\u017c my\u015bliwski TEJON-16 hiszpa\u0144skiej firmy Muela z rogiem i sta\u0142\u0105 kling\u0105. Wykonane ze stali molibdenowo-wanadowej (MoVa). Zaprojektowany z my\u015bl\u0105 o mi\u0142o\u015bnikach polowa\u0144, sprawdzi si\u0119 tak\u017ce podczas survivalowych i wypadowych wypad\u00f3w.<\/strong><\/p>\n","protected":false},"featured_media":421033,"comment_status":"open","ping_status":"closed","template":"","meta":[],"pwb-brand":[3912],"product_brand":[],"product_cat":[3297,3296],"product_tag":[3671],"class_list":{"0":"post-351721","1":"product","2":"type-product","3":"status-publish","4":"has-post-thumbnail","6":"pwb-brand-musiala","7":"product_cat-solidne-noze","8":"product_cat-noze-pl","9":"product_tag-b2b-pl","11":"first","12":"outofstock","13":"taxable","14":"shipping-taxable","15":"purchasable","16":"product-type-simple"},"brands":[{"id":3912,"name":"Musia\u0142a","slug":"musiala"}],"_links":{"self":[{"href":"https:\/\/www.moskito.cz\/pl\/wp-json\/wp\/v2\/product\/351721","targetHints":{"allow":["GET"]}}],"collection":[{"href":"https:\/\/www.moskito.cz\/pl\/wp-json\/wp\/v2\/product"}],"about":[{"href":"https:\/\/www.moskito.cz\/pl\/wp-json\/wp\/v2\/types\/product"}],"replies":[{"embeddable":true,"href":"https:\/\/www.moskito.cz\/pl\/wp-json\/wp\/v2\/comments?post=351721"}],"wp:featuredmedia":[{"embeddable":true,"href":"https:\/\/www.moskito.cz\/pl\/wp-json\/wp\/v2\/media\/421033"}],"wp:attachment":[{"href":"https:\/\/www.moskito.cz\/pl\/wp-json\/wp\/v2\/media?parent=351721"}],"wp:term":[{"taxonomy":"pwb-brand","embeddable":true,"href":"https:\/\/www.moskito.cz\/pl\/wp-json\/wp\/v2\/pwb-brand?post=351721"},{"taxonomy":"product_brand","embeddable":true,"href":"https:\/\/www.moskito.cz\/pl\/wp-json\/wp\/v2\/product_brand?post=351721"},{"taxonomy":"product_cat","embeddable":true,"href":"https:\/\/www.moskito.cz\/pl\/wp-json\/wp\/v2\/product_cat?post=351721"},{"taxonomy":"product_tag","embeddable":true,"href":"https:\/\/www.moskito.cz\/pl\/wp-json\/wp\/v2\/product_tag?post=351721"}],"curies":[{"name":"wp","href":"https:\/\/api.w.org\/{rel}","templated":true}]}}