{"id":351834,"date":"2024-07-13T10:34:41","date_gmt":"2024-07-13T09:35:13","guid":{"rendered":"https:\/\/www.moskito.cz\/produkt\/noz-strzelecki-microtech-dc-munroe-cypher-ii-stonewashed-1241-11\/"},"modified":"2025-05-07T11:21:08","modified_gmt":"2025-05-07T10:21:08","slug":"noz-strzelecki-microtech-dc-munroe-cypher-ii-stonewashed-1241-11","status":"publish","type":"product","link":"https:\/\/www.moskito.cz\/pl\/produkt\/noz-strzelecki-microtech-dc-munroe-cypher-ii-stonewashed-1241-11\/","title":{"rendered":"N\u00f3\u017c strzelecki Microtech\/DC Munroe Cypher II Stonewashed 1241-11"},"content":{"rendered":"<p>N\u00f3\u017c strzelecki <strong>Microtech<\/strong> \/DC Munroe Cypher II Stonewashed 1241-11<\/p>\n<p><strong>Deryk DC Munroe<\/strong> jest g\u0142\u00f3wnym \u017ar\u00f3d\u0142em in\u017cynierii i si\u0142y roboczej dla MunroeKnives. Ci\u0105g\u0142a fascynacja broni\u0105 sprawi\u0142a, \u017ce \u200b\u200bw 1984 roku stworzy\u0142 sw\u00f3j pierwszy n\u00f3\u017c. W 1997 roku podj\u0105\u0142 do\u015b\u0107 zawi\u0142\u0105 \u015bcie\u017ck\u0119, aby zosta\u0107 pe\u0142noetatowym producentem no\u017cy. Zg\u0142\u0119bia\u0142 i rozwija\u0142 r\u00f3\u017cne aspekty rzemios\u0142a, kt\u00f3re nap\u0119dza\u0142y go od tego czasu. Jego styl jest niepowtarzalny, a jako\u015b\u0107 sk\u0142adnik\u00f3w po prostu znakomita. Zatem dla Tony&#8217;ego oczywistym wyborem by\u0142a wsp\u00f3\u0142praca z Derykiem nad drugim no\u017cem powsta\u0142ym we wsp\u00f3\u0142pracy z Munroe\/Marfione, czyli Cypher.<\/p>\n<p><strong>Microtech Cypher<\/strong> to powr\u00f3t ulubionego przez fan\u00f3w OTF z najnowocze\u015bniejszymi ulepszeniami oryginalnego projektu. Klasyczny Cypher zosta\u0142 przeprojektowany wewn\u0105trz i na zewn\u0105trz, ustanawiaj\u0105c nowy standard nowoczesnej technologii. Najnowszy innowacyjny dwupaliwowy uk\u0142ad nap\u0119dowy firmy Microtech pozwala na \u0142atw\u0105 kontrol\u0119 i najbardziej p\u0142ynn\u0105 prac\u0119, jak\u0105 kiedykolwiek widziano na OTF.<\/p>\n<p>Rowki na obudowie dodaj\u0105 stylowego elementu, zapewniaj\u0105c jednocze\u015bnie maksymalny chwyt, a tytanowy klips kieszonkowy 6Al4V z ceramicznym ogranicznikiem zapewnia u\u017cytkownikowi bezpieczne i niedrogie opcje noszenia. Bez\u015brubowy korpus i zintegrowany zbijak do szk\u0142a nadaj\u0105 mu bardziej op\u0142ywowy wygl\u0105d, a zaktualizowana konstrukcja kieszeni na guziki zmniejsza tarcie i u\u0142atwia przenoszenie zanieczyszcze\u0144. Dzi\u0119ki stosunkowo niewielkim rozmiarom i \u0142atwo\u015bci wdro\u017cenia przeprojektowany <strong>Cypher<\/strong> wyznacza punkt odniesienia dla znanego po\u0142\u0105czenia stylu i u\u017cyteczno\u015bci <strong>firmy Microtech<\/strong> w naszej linii premium.<\/p>\n<p>Dane techniczne:<br \/>\nD\u0142ugo\u015b\u0107 ostrza: 8,75 cm<br \/>\nD\u0142ugo\u015b\u0107 po zamkni\u0119ciu: 12,5 cm<br \/>\nD\u0142ugo\u015b\u0107 ca\u0142kowita: 21,25 cm<br \/>\nStal ostrza: stal nierdzewna Bohler M390MK<br \/>\nStyl ostrza: odwr\u00f3cone Tanto<br \/>\nSzlif ostrza: p\u0142aski<br \/>\nObr\u00f3bka powierzchni ostrza: Stonewash<br \/>\nMateria\u0142 r\u0119koje\u015bci: frezowane czarne aluminium<br \/>\nMechanizm blokuj\u0105cy: przesuwny<br \/>\nKieszonkowy klips: tytanowy z kulk\u0105 ceramiczn\u0105 (sk\u0142adany, prawy\/lewy)<br \/>\nWaga: 3,88 uncji<br \/>\nProjektanci: Deryk Munroe i Tony Marfione<br \/>\nWykonane w USA<\/p>\n<p><iframe title=\"Microtech Combat Troodon Torture Test\" width=\"800\" height=\"450\" src=\"https:\/\/www.youtube.com\/embed\/xE9TeOFYEjg?feature=oembed\" frameborder=\"0\" allow=\"accelerometer; autoplay; clipboard-write; encrypted-media; gyroscope; picture-in-picture; web-share\" referrerpolicy=\"strict-origin-when-cross-origin\" allowfullscreen><\/iframe><\/p>\n<p>&nbsp;<\/p>\n","protected":false},"excerpt":{"rendered":"<p><strong>Przez lata Microtech\u00ae Knives wype\u0142nia\u0142 no\u017ce pasj\u0105 i umiej\u0119tno\u015bciami, aby tworzy\u0107 niemal dzie\u0142a sztuki, kt\u00f3re s\u0105 szczytem funkcjonalno\u015bci.Wszystkie cz\u0119\u015bci s\u0105 produkowane w USA.<\/strong><br \/>\n<strong>Wszystkie no\u017ce Microtech obj\u0119te s\u0105 do\u017cywotni\u0105 gwarancj\u0105 (min. 80 000 cykli, otwieranie i zamykanie)<\/strong><\/p>\n<p><strong>Bezp\u0142atny transport.<\/strong><\/p>\n","protected":false},"featured_media":351790,"comment_status":"open","ping_status":"closed","template":"","meta":[],"pwb-brand":[3279],"product_brand":[],"product_cat":[3296,3344],"product_tag":[3671],"class_list":{"0":"post-351834","1":"product","2":"type-product","3":"status-publish","4":"has-post-thumbnail","6":"pwb-brand-microtech-pl","7":"product_cat-noze-pl","8":"product_cat-noze-strzeleckie","9":"product_tag-b2b-pl","11":"first","12":"instock","13":"taxable","14":"shipping-taxable","15":"purchasable","16":"product-type-simple"},"brands":[{"id":3279,"name":"Microtech","slug":"microtech-pl"}],"_links":{"self":[{"href":"https:\/\/www.moskito.cz\/pl\/wp-json\/wp\/v2\/product\/351834","targetHints":{"allow":["GET"]}}],"collection":[{"href":"https:\/\/www.moskito.cz\/pl\/wp-json\/wp\/v2\/product"}],"about":[{"href":"https:\/\/www.moskito.cz\/pl\/wp-json\/wp\/v2\/types\/product"}],"replies":[{"embeddable":true,"href":"https:\/\/www.moskito.cz\/pl\/wp-json\/wp\/v2\/comments?post=351834"}],"wp:featuredmedia":[{"embeddable":true,"href":"https:\/\/www.moskito.cz\/pl\/wp-json\/wp\/v2\/media\/351790"}],"wp:attachment":[{"href":"https:\/\/www.moskito.cz\/pl\/wp-json\/wp\/v2\/media?parent=351834"}],"wp:term":[{"taxonomy":"pwb-brand","embeddable":true,"href":"https:\/\/www.moskito.cz\/pl\/wp-json\/wp\/v2\/pwb-brand?post=351834"},{"taxonomy":"product_brand","embeddable":true,"href":"https:\/\/www.moskito.cz\/pl\/wp-json\/wp\/v2\/product_brand?post=351834"},{"taxonomy":"product_cat","embeddable":true,"href":"https:\/\/www.moskito.cz\/pl\/wp-json\/wp\/v2\/product_cat?post=351834"},{"taxonomy":"product_tag","embeddable":true,"href":"https:\/\/www.moskito.cz\/pl\/wp-json\/wp\/v2\/product_tag?post=351834"}],"curies":[{"name":"wp","href":"https:\/\/api.w.org\/{rel}","templated":true}]}}