{"id":352329,"date":"2024-07-13T18:32:55","date_gmt":"2024-07-13T17:34:24","guid":{"rendered":"https:\/\/www.moskito.cz\/produkt\/noz-zamykajacy-microtech-socom-elite-manual-160-2ta\/"},"modified":"2025-05-07T11:21:19","modified_gmt":"2025-05-07T10:21:19","slug":"noz-zamykajacy-microtech-socom-elite-manual-160-2ta","status":"publish","type":"product","link":"https:\/\/www.moskito.cz\/pl\/produkt\/noz-zamykajacy-microtech-socom-elite-manual-160-2ta\/","title":{"rendered":"N\u00f3\u017c zamykaj\u0105cy Microtech Socom Elite Manual 160-2TA"},"content":{"rendered":"<p>N\u00f3\u017c zamykaj\u0105cy <strong>Microtech<\/strong> Socom Elite Manual 160-2TA.<\/p>\n<p><strong>Socom Elite<\/strong> wyznacza najwy\u017cszy standard sztu\u0107c\u00f3w taktycznych\/u\u017cytkowych. Od momentu powstania oryginalnego Socom w 1996 roku, jest on pionierem ca\u0142ej gamy no\u017cy sk\u0142adanych Microtech . Na przestrzeni lat wprowadzono wiele ulepsze\u0144, dzi\u0119ki kt\u00f3rym Socom jest lepiej dostosowany do r\u00f3\u017cnych \u015brodowisk. Zar\u00f3wno r\u0119czne, jak i automatyczne Socomy maj\u0105 unikalny kszta\u0142t uchwytu, kt\u00f3ry dopasowuje si\u0119 do d\u0142oni. Wiesz, \u017ce kupujesz najlepsze narz\u0119dzie na rynku, niezale\u017cnie od tego, jakie ostrze wybierzesz; punkt zaciskowy lub tanto. Zbijak do szyb u podstawy r\u0119koje\u015bci oraz du\u017cy ko\u0142ek pod kciuk umo\u017cliwiaj\u0105cy \u0142atwe otwieranie w r\u0119kawiczce nadaj\u0105 mu efektownego wygl\u0105du. Wytrzyma\u0142a niezawodno\u015b\u0107 Socom sprawia, \u017ce \u200b\u200bjest to pierwszy wyb\u00f3r dla spo\u0142eczno\u015bci zajmuj\u0105cej si\u0119 operacjami specjalnymi.<\/p>\n<p>Dane techniczne:<br \/>\nD\u0142ugo\u015b\u0107 ca\u0142kowita: 22,5 cm<br \/>\nD\u0142ugo\u015b\u0107 ostrza: 10 cm<br \/>\nKraw\u0119d\u017a tn\u0105ca: 9,37 cm<br \/>\nSzeroko\u015b\u0107 ostrza: 2,8 cm<br \/>\nGrubo\u015b\u0107 ostrza: 0,47 cm<br \/>\nStal: M390<br \/>\nStyl ostrza: Clip Point<br \/>\nSzlif ostrza: p\u0142aski<br \/>\nWyko\u0144czenie ostrza: czarne<br \/>\nMateria\u0142 r\u0119koje\u015bci: aluminium z teksturowanymi wstawkami<br \/>\nMateria\u0142 wk\u0142adu: stal nierdzewna<br \/>\nMechanizm blokuj\u0105cy: Wk\u0142adka<br \/>\nKieszonkowy klips: stal nierdzewna (sk\u0142adany, prawy noszony)<br \/>\nWaga: 5,6 uncji<br \/>\nProjektant: Tony Marfione<br \/>\nWykonane w USA<\/p>\n<p><iframe title=\"Microtech Combat Troodon Torture Test\" width=\"800\" height=\"450\" src=\"https:\/\/www.youtube.com\/embed\/xE9TeOFYEjg?feature=oembed\" frameborder=\"0\" allow=\"accelerometer; autoplay; clipboard-write; encrypted-media; gyroscope; picture-in-picture; web-share\" referrerpolicy=\"strict-origin-when-cross-origin\" allowfullscreen><\/iframe><\/p>\n<p>&nbsp;<\/p>\n","protected":false},"excerpt":{"rendered":"<p><strong>Przez lata Microtech\u00ae Knives wype\u0142nia\u0142 no\u017ce pasj\u0105 i umiej\u0119tno\u015bciami, aby tworzy\u0107 niemal dzie\u0142a sztuki, kt\u00f3re s\u0105 szczytem funkcjonalno\u015bci. Wszystkie cz\u0119\u015bci wyprodukowano w USA.<\/strong><br \/>\n<strong>Wszystkie no\u017ce Microtech obj\u0119te s\u0105 do\u017cywotni\u0105 gwarancj\u0105.<\/strong><\/p>\n<p><strong>Bezp\u0142atny transport.<\/strong><\/p>\n","protected":false},"featured_media":352288,"comment_status":"open","ping_status":"closed","template":"","meta":[],"pwb-brand":[3279],"product_brand":[],"product_cat":[3296,3307],"product_tag":[3671],"class_list":{"0":"post-352329","1":"product","2":"type-product","3":"status-publish","4":"has-post-thumbnail","6":"pwb-brand-microtech-pl","7":"product_cat-noze-pl","8":"product_cat-zamykanie-nozy","9":"product_tag-b2b-pl","11":"first","12":"instock","13":"taxable","14":"shipping-taxable","15":"purchasable","16":"product-type-simple"},"brands":[{"id":3279,"name":"Microtech","slug":"microtech-pl"}],"_links":{"self":[{"href":"https:\/\/www.moskito.cz\/pl\/wp-json\/wp\/v2\/product\/352329","targetHints":{"allow":["GET"]}}],"collection":[{"href":"https:\/\/www.moskito.cz\/pl\/wp-json\/wp\/v2\/product"}],"about":[{"href":"https:\/\/www.moskito.cz\/pl\/wp-json\/wp\/v2\/types\/product"}],"replies":[{"embeddable":true,"href":"https:\/\/www.moskito.cz\/pl\/wp-json\/wp\/v2\/comments?post=352329"}],"wp:featuredmedia":[{"embeddable":true,"href":"https:\/\/www.moskito.cz\/pl\/wp-json\/wp\/v2\/media\/352288"}],"wp:attachment":[{"href":"https:\/\/www.moskito.cz\/pl\/wp-json\/wp\/v2\/media?parent=352329"}],"wp:term":[{"taxonomy":"pwb-brand","embeddable":true,"href":"https:\/\/www.moskito.cz\/pl\/wp-json\/wp\/v2\/pwb-brand?post=352329"},{"taxonomy":"product_brand","embeddable":true,"href":"https:\/\/www.moskito.cz\/pl\/wp-json\/wp\/v2\/product_brand?post=352329"},{"taxonomy":"product_cat","embeddable":true,"href":"https:\/\/www.moskito.cz\/pl\/wp-json\/wp\/v2\/product_cat?post=352329"},{"taxonomy":"product_tag","embeddable":true,"href":"https:\/\/www.moskito.cz\/pl\/wp-json\/wp\/v2\/product_tag?post=352329"}],"curies":[{"name":"wp","href":"https:\/\/api.w.org\/{rel}","templated":true}]}}