{"id":352482,"date":"2024-07-15T12:16:41","date_gmt":"2024-07-15T11:17:57","guid":{"rendered":"https:\/\/www.moskito.cz\/produkt\/naprawiono-noz-muela-rhino-16bf\/"},"modified":"2025-05-07T11:21:26","modified_gmt":"2025-05-07T10:21:26","slug":"naprawiono-noz-muela-rhino-16bf","status":"publish","type":"product","link":"https:\/\/www.moskito.cz\/pl\/produkt\/naprawiono-noz-muela-rhino-16bf\/","title":{"rendered":"Naprawiony n\u00f3\u017c Muela RHINO-16BF"},"content":{"rendered":"<p>Naprawiony n\u00f3\u017c <strong>Muela<\/strong> RHINO-16BF.<\/p>\n<p>N\u00f3\u017c sportowy <strong>Muela Rhino-16BF<\/strong> , idealny dla mi\u0142o\u015bnik\u00f3w sztu\u0107c\u00f3w, to n\u00f3\u017c z limitowanej edycji\/kolekcjonerski. Z 13 cm (5&#8243;) r\u0119koje\u015bci\u0105 z poro\u017ca jelenia z ostrzem 160 mm ze stali 1.4116 b\u0119d\u0105cej po\u0142\u0105czeniem molibdenu i wanadu.<\/p>\n<p>N\u00f3\u017c sportowy <strong>Muela Rhino-16BF<\/strong> to n\u00f3\u017c z limitowanej edycji\/kolekcjonerski, zaprojektowany i wykonany specjalnie dla mi\u0142o\u015bnik\u00f3w no\u017cy. Zastosowano w nim wykwintne i ekskluzywne materia\u0142y, takie jak poro\u017ce jelenia, z kt\u00f3rego wykonano r\u0119koje\u015b\u0107.<\/p>\n<p>R\u0119koje\u015b\u0107 no\u017ca sportowego <strong>Muela Rhino-16BF<\/strong> wykonana jest z poro\u017ca jelenia, niezwykle szczeg\u00f3\u0142owego i trwa\u0142ego materia\u0142u. Poro\u017ca jelenia odpadaj\u0105 na zim\u0119 i odrastaj\u0105 na wiosn\u0119, dlatego nie ma okrucie\u0144stwa w u\u017cyciu tego materia\u0142u, kt\u00f3ry od dawna jest u\u017cywany do produkcji no\u017cy r\u0119cznych.<\/p>\n<p>Ko\u0144c\u00f3wka ostrza jest zakrzywiona, co zapobiega przek\u0142uciu sk\u00f3ry zwierz\u0119cia podczas ci\u0119cia i u\u0142atwia usuwanie sk\u00f3ry. Jego ostrze wykonano z X50CrMoV15 \u201eMOVA\u201d (1.4116), klasycznego materia\u0142u no\u017cowego Muela, b\u0119d\u0105cego doskona\u0142\u0105 kombinacj\u0105 molibdenu i wanadu, tworz\u0105c stal o doskona\u0142ej twardo\u015bci i odporno\u015bci na korozj\u0119.<\/p>\n<p><strong>Firma Muela<\/strong> dzia\u0142a w Hiszpanii od 1950 roku i zajmuje si\u0119 produkcj\u0105 ekskluzywnych no\u017cy, scyzoryk\u00f3w i maszynek do golenia. Jest \u015bwiatowym liderem w produkcji sztu\u0107c\u00f3w. Dzi\u0119ki specjalnie dobranym materia\u0142om, takim jak stal martenzytyczna zastosowana w ostrzach i poro\u017ce jelenia stosowane w niekt\u00f3rych modelach, s\u0105 one kszta\u0142towane i wyko\u0144czone doskona\u0142\u0105 prac\u0105, kt\u00f3ra \u0142\u0105czy nowoczesny park maszynowy z rzemie\u015blnicz\u0105 metod\u0105. Wszystkie produkty obs\u0142ugiwane s\u0105 przez do\u015bwiadczonych krawc\u00f3w, kt\u00f3rzy wyka\u0144czaj\u0105 ka\u017cdy egzemplarz r\u0119cznie.<\/p>\n<p>Opis techniczny:<\/p>\n<p>Kod: RHINO-16BF<\/p>\n<p>Marka: Muela<\/p>\n<p>Model: Edycja limitowana\/kolekcja &#8211; Rhino-16BF<\/p>\n<p>Materia\u0142 r\u0119koje\u015bci: r\u00f3g jelenia<\/p>\n<p>Materia\u0142 ostrza: 1.4116<\/p>\n<p>D\u0142ugo\u015b\u0107 ostrza: 16 cm<\/p>\n<p>D\u0142ugo\u015b\u0107 kabla: 13 cm (5&#8243;)<\/p>\n<p>Twardo\u015b\u0107 stali: 56 &#8211; 58 HRC<\/p>\n<p>&nbsp;<\/p>\n","protected":false},"excerpt":{"rendered":"<p><strong>N\u00f3\u017c sportowy Muela Rhino-16BF to n\u00f3\u017c z limitowanej edycji \/ kolekcji, zaprojektowany i wykonany specjalnie dla mi\u0142o\u015bnik\u00f3w no\u017cy z doskona\u0142ymi i ekskluzywnymi materia\u0142ami, takimi jak poro\u017ce jelenia u\u017cyte na r\u0119koje\u015b\u0107.<\/strong><\/p>\n","protected":false},"featured_media":352459,"comment_status":"open","ping_status":"closed","template":"","meta":[],"pwb-brand":[3912],"product_brand":[],"product_cat":[3296,3297],"product_tag":[3671],"class_list":{"0":"post-352482","1":"product","2":"type-product","3":"status-publish","4":"has-post-thumbnail","6":"pwb-brand-musiala","7":"product_cat-noze-pl","8":"product_cat-solidne-noze","9":"product_tag-b2b-pl","11":"first","12":"instock","13":"taxable","14":"shipping-taxable","15":"purchasable","16":"product-type-simple"},"brands":[{"id":3912,"name":"Musia\u0142a","slug":"musiala"}],"_links":{"self":[{"href":"https:\/\/www.moskito.cz\/pl\/wp-json\/wp\/v2\/product\/352482","targetHints":{"allow":["GET"]}}],"collection":[{"href":"https:\/\/www.moskito.cz\/pl\/wp-json\/wp\/v2\/product"}],"about":[{"href":"https:\/\/www.moskito.cz\/pl\/wp-json\/wp\/v2\/types\/product"}],"replies":[{"embeddable":true,"href":"https:\/\/www.moskito.cz\/pl\/wp-json\/wp\/v2\/comments?post=352482"}],"wp:featuredmedia":[{"embeddable":true,"href":"https:\/\/www.moskito.cz\/pl\/wp-json\/wp\/v2\/media\/352459"}],"wp:attachment":[{"href":"https:\/\/www.moskito.cz\/pl\/wp-json\/wp\/v2\/media?parent=352482"}],"wp:term":[{"taxonomy":"pwb-brand","embeddable":true,"href":"https:\/\/www.moskito.cz\/pl\/wp-json\/wp\/v2\/pwb-brand?post=352482"},{"taxonomy":"product_brand","embeddable":true,"href":"https:\/\/www.moskito.cz\/pl\/wp-json\/wp\/v2\/product_brand?post=352482"},{"taxonomy":"product_cat","embeddable":true,"href":"https:\/\/www.moskito.cz\/pl\/wp-json\/wp\/v2\/product_cat?post=352482"},{"taxonomy":"product_tag","embeddable":true,"href":"https:\/\/www.moskito.cz\/pl\/wp-json\/wp\/v2\/product_tag?post=352482"}],"curies":[{"name":"wp","href":"https:\/\/api.w.org\/{rel}","templated":true}]}}