{"id":352515,"date":"2024-07-15T12:39:27","date_gmt":"2024-07-15T11:39:27","guid":{"rendered":"https:\/\/www.moskito.cz\/produkt\/naprawiono-noz-muela-ibex-8r\/"},"modified":"2025-05-07T11:21:28","modified_gmt":"2025-05-07T10:21:28","slug":"naprawiono-noz-muela-ibex-8r","status":"publish","type":"product","link":"https:\/\/www.moskito.cz\/pl\/produkt\/naprawiono-noz-muela-ibex-8r\/","title":{"rendered":"Naprawiono n\u00f3\u017c Muela IBEX-8R"},"content":{"rendered":"<p>Naprawiono n\u00f3\u017c <strong>Muela<\/strong> IBEX-8R.<\/p>\n<p>R\u0119cznie wykonany, kompaktowy n\u00f3\u017c IBEX-8R hiszpa\u0144skiej manufaktury <strong>Muela<\/strong> . Celem by\u0142o stworzenie por\u0119cznego, ale niezawodnego no\u017ca o niewielkiej wadze, do wszelkich zastosowa\u0144 na zewn\u0105trz. Wszechstronna, doskonale wywa\u017cona, o wszechstronnej konstrukcji z ostrzem wykonanym ze stali X50CrMoV15, zapewnia niesamowit\u0105 wydajno\u015b\u0107 ci\u0119cia. Skierowany do mi\u0142o\u015bnik\u00f3w bushcraftu, survivalu i \u0142owiectwa.<\/p>\n<p>X50CrMoV15 (1.4116) &#8211; wysokow\u0119glowa martenzytyczna stal nierdzewna molibdenowo-wanadowa, charakteryzuj\u0105ca si\u0119 wysok\u0105 odporno\u015bci\u0105 na korozj\u0119 i zu\u017cycie. Wykorzystuje si\u0119 go do produkcji no\u017cy, najnowocze\u015bniejszych sztu\u0107c\u00f3w i narz\u0119dzi chirurgicznych. Charakteryzuje si\u0119 stosunkowo du\u017c\u0105 twardo\u015bci\u0105 jak na stale nierdzewne 56-58 HRC. Sk\u0142ad chemiczny stali zosta\u0142 wzbogacony domieszkami 15,0% chromu, 0,80% molibdenu, 0,20% wanadu.<\/p>\n<p>G\u0142ownia &#8211; wyj\u0105tkowo ostry kszta\u0142t Drop Point idealna do wszelkiego rodzaju prac my\u015bliwskich. Satynowo g\u0142adkie Ostrze typu Plain z wkl\u0119s\u0142ym szlifem zapewnia ni\u017csz\u0105 wag\u0119 i doskona\u0142\u0105 wydajno\u015b\u0107 ci\u0119cia. Du\u017cy wyst\u0119p na palec u\u0142atwia prowadzenie no\u017ca w celu precyzyjnej pracy. Dla lepszego chwytu poszerzono czubki palc\u00f3w oraz cz\u0119\u015b\u0107 grzbietu ostrza.<\/p>\n<p>R\u0119koje\u015b\u0107 &#8211; wykonana z naturalnego drewna koralowego (Sequoia)<\/p>\n<p>Pochwa &#8211; szyta r\u0119cznie, wykonana z wysokiej jako\u015bci czarnej sk\u00f3ry bydl\u0119cej z t\u0142oczonym logo producenta. Brzegi etui przeszyte ozdobn\u0105 nici\u0105. Zapi\u0119cie zatrzaskowe typu Prym. Mocowanie do paska umo\u017cliwia noszenie no\u017ca w pozycji pionowej.<\/p>\n<p>Grupa <strong>Muela<\/strong> jest obecnie jedn\u0105 z wiod\u0105cych firm w dziedzinie r\u0119cznie robionych no\u017cy my\u015bliwskich w Hiszpanii i na \u015bwiecie, a jej no\u017ce i scyzoryki s\u0105 wysoko cenione za najwy\u017csz\u0105 jako\u015b\u0107 wykonania.<br \/>\nDane techniczne:<\/p>\n<p>Numer produktu: IBEX-8R<br \/>\nD\u0142ugo\u015b\u0107 ca\u0142kowita: 16,5 cm \/ 6,5 cala<br \/>\nD\u0142ugo\u015b\u0107 ostrza: 7,5 cm \/ 2,95&#8243;<br \/>\nD\u0142ugo\u015b\u0107 r\u0119koje\u015bci: 90,0 mm \/ 3,46 cala<br \/>\nGrubo\u015b\u0107 ostrza: 0,36 cm \/ 0,14&#8243;<br \/>\nGrubo\u015b\u0107 r\u0119koje\u015bci: nie dotyczy<br \/>\nWaga: 129,0 g \/ 4,55 uncji<\/p>\n<p>Materia\u0142 ostrza: X50CrMoV15<br \/>\nTwardo\u015b\u0107 ostrza: b.d<br \/>\nSzlifowanie ostrzy: puste<\/p>\n<p>&nbsp;<\/p>\n<p>&nbsp;<\/p>\n<p>&nbsp;<\/p>\n","protected":false},"excerpt":{"rendered":"<p><strong>  R\u0119cznie wykonany, kompaktowy n\u00f3\u017c IBEX-8R hiszpa\u0144skiej manufaktury Muela. Celem by\u0142o stworzenie por\u0119cznego, ale niezawodnego no\u017ca o niewielkiej wadze, do wszelkich zastosowa\u0144 na zewn\u0105trz.<\/strong><\/p>\n","protected":false},"featured_media":352491,"comment_status":"open","ping_status":"closed","template":"","meta":[],"pwb-brand":[3912],"product_brand":[],"product_cat":[3297,3296],"product_tag":[3671],"class_list":{"0":"post-352515","1":"product","2":"type-product","3":"status-publish","4":"has-post-thumbnail","6":"pwb-brand-musiala","7":"product_cat-solidne-noze","8":"product_cat-noze-pl","9":"product_tag-b2b-pl","11":"first","12":"outofstock","13":"taxable","14":"shipping-taxable","15":"purchasable","16":"product-type-simple"},"brands":[{"id":3912,"name":"Musia\u0142a","slug":"musiala"}],"_links":{"self":[{"href":"https:\/\/www.moskito.cz\/pl\/wp-json\/wp\/v2\/product\/352515","targetHints":{"allow":["GET"]}}],"collection":[{"href":"https:\/\/www.moskito.cz\/pl\/wp-json\/wp\/v2\/product"}],"about":[{"href":"https:\/\/www.moskito.cz\/pl\/wp-json\/wp\/v2\/types\/product"}],"replies":[{"embeddable":true,"href":"https:\/\/www.moskito.cz\/pl\/wp-json\/wp\/v2\/comments?post=352515"}],"wp:featuredmedia":[{"embeddable":true,"href":"https:\/\/www.moskito.cz\/pl\/wp-json\/wp\/v2\/media\/352491"}],"wp:attachment":[{"href":"https:\/\/www.moskito.cz\/pl\/wp-json\/wp\/v2\/media?parent=352515"}],"wp:term":[{"taxonomy":"pwb-brand","embeddable":true,"href":"https:\/\/www.moskito.cz\/pl\/wp-json\/wp\/v2\/pwb-brand?post=352515"},{"taxonomy":"product_brand","embeddable":true,"href":"https:\/\/www.moskito.cz\/pl\/wp-json\/wp\/v2\/product_brand?post=352515"},{"taxonomy":"product_cat","embeddable":true,"href":"https:\/\/www.moskito.cz\/pl\/wp-json\/wp\/v2\/product_cat?post=352515"},{"taxonomy":"product_tag","embeddable":true,"href":"https:\/\/www.moskito.cz\/pl\/wp-json\/wp\/v2\/product_tag?post=352515"}],"curies":[{"name":"wp","href":"https:\/\/api.w.org\/{rel}","templated":true}]}}