{"id":352529,"date":"2023-07-16T17:40:19","date_gmt":"2024-07-15T11:44:50","guid":{"rendered":"https:\/\/www.moskito.cz\/produkt\/naprawiono-noz-muela-urial-19co\/"},"modified":"2025-05-07T11:21:29","modified_gmt":"2025-05-07T10:21:29","slug":"naprawiono-noz-muela-urial-19co","status":"publish","type":"product","link":"https:\/\/www.moskito.cz\/pl\/produkt\/naprawiono-noz-muela-urial-19co\/","title":{"rendered":"Naprawiono n\u00f3\u017c Muela URIAL-19CO"},"content":{"rendered":"<p>Naprawiono n\u00f3\u017c <strong>Muela<\/strong> URIAL-19CO<\/p>\n<p>N\u00f3\u017c Urial pochodzi od renomowanej firmy Muela, marki znanej na ca\u0142ym \u015bwiecie jako jedna z najlepszych marek no\u017cy. Niezale\u017cnie od tego, czy chodzi o kolekcj\u0119, czy do codziennego u\u017cytku, n\u00f3\u017c Urial spe\u0142nia wszystkie wymagania dotycz\u0105ce jako\u015bci i trwa\u0142o\u015bci.<\/p>\n<p>Muela to hiszpa\u0144ska marka znana na ca\u0142ym \u015bwiecie jako jeden z najlepszych dostawc\u00f3w eleganckich sztu\u0107c\u00f3w na \u015bwiecie! Produkuje ponad 350 000 sztuk rocznie, z czego 70% eksportuje do ponad 50 kraj\u00f3w na pi\u0119ciu kontynentach.<\/p>\n<p>Produkty Muela obejmuj\u0105 no\u017ce rzemie\u015blnicze, no\u017ce luksusowe, no\u017ce my\u015bliwskie, no\u017ce sportowe i no\u017ce taktyczne.<\/p>\n<p>Dzi\u0119ki ostrzu wykonanemu ze stali molibdenowo-wanadowej, jednego z najlepszych materia\u0142\u00f3w stosowanych w sztu\u0107cach, stal molibdenowo-wanadowa jest jednym z najbardziej poszukiwanych materia\u0142\u00f3w przez producent\u00f3w sztu\u0107c\u00f3w i kolekcjoner\u00f3w, poniewa\u017c jest \u0142atwiejsza w obr\u00f3bce, kuciu, hartowaniu i piel\u0119gnacji, co pozwala na r\u00f3\u017cnorodne wyko\u0144czenia, pozostawiaj\u0105c ostrza o wysokiej jako\u015bci polerowanym wygl\u0105dzie.<\/p>\n<p>Co to jest stal molibdenowo-wanadowa? Jest to wysokiej jako\u015bci stal \u015bredniostopowa, kt\u00f3rej sk\u0142ad chemiczny zapewnia dobre po\u0142\u0105czenie twardo\u015bci i odporno\u015bci na zu\u017cycie. Jest szeroko stosowany do narz\u0119dzi skrawaj\u0105cych, takich jak no\u017ce i scyzoryki.<\/p>\n<p>Ponadto jego ostrze ma polerowan\u0105 powierzchni\u0119, innowacyjn\u0105 w stylu rustykalnym i nowoczesnym.<\/p>\n<p>Jego g\u0142adkie ostrze ma sztywno\u015b\u0107 w swojej strukturze, co pozwala na drobniejsze i grubsze ci\u0119cia i skutecznie spe\u0142nia wszystkie potrzeby.<\/p>\n<p>Ten model no\u017ca jest przeznaczony wy\u0142\u0105cznie dla Muel i zosta\u0142 wyprodukowany w Hiszpanii.<\/p>\n<p>Model ten posiada r\u00f3wnie\u017c drewnian\u0105 r\u0105czk\u0119 o wysokiej jako\u015bci wyko\u0144czeniu o g\u0142adkiej powierzchni o du\u017cej delikatno\u015bci.<\/p>\n<p>Posiada r\u00f3wnie\u017c pow\u0142oki na bazie PTFE, pow\u0142oka ta nie pozwala na przywieranie pozosta\u0142o\u015bci i impregnacj\u0119, zapewniaj\u0105c wi\u0119ksz\u0105 trwa\u0142o\u015b\u0107 no\u017ca.<\/p>\n<p>Czarna r\u0119koje\u015b\u0107 pozwala na wygodne trzymanie no\u017ca, a dzi\u0119ki swojej ergonomii nie pozwala na wy\u015blizgni\u0119cie si\u0119 no\u017ca z d\u0142oni podczas u\u017cytkowania.<\/p>\n<p>Posiadaj\u0105 r\u00f3wnie\u017c br\u0105zow\u0105 pochw\u0119 wykonan\u0105 z wysokiej jako\u015bci sk\u00f3ry, zapinan\u0105 na pasek, najwi\u0119ksz\u0105 zalet\u0105 tej pochwy jest jej praktyczno\u015b\u0107 i jako\u015b\u0107, pozwalaj\u0105ca na bezpieczn\u0105 obs\u0142ug\u0119 i transport Twojego no\u017ca Urial.<\/p>\n<p>B\u0119d\u0105c modelem sportowym i my\u015bliwskim, jest gotowy stawi\u0107 czo\u0142a wyzwaniom zwi\u0105zanym z wysokimi osi\u0105gami. Obs\u0142uguje drobniejsze ci\u0119cia, nawet liny, sk\u00f3ry i ga\u0142\u0119zie, idealne na szlak lub kemping.<\/p>\n<p>Ostrzenie: Dla lepszej konserwacji ostrza no\u017ca Urial zalecamy u\u017cycie g\u0142adkiej stali, utrzymanie wyr\u00f3wnania i przed\u0142u\u017cenie si\u0142y ci\u0119cia, w razie potrzeby mo\u017cna zastosowa\u0107 kamienny lub wodny papier \u015bcierny o bardzo drobnym ziarnie.<\/p>\n<p>Marka: Muela<br \/>\nModel: N\u00f3\u017c Urial-19CO<br \/>\nKolor r\u0119koje\u015bci: drewno<br \/>\nKolor ostrza: srebrny<br \/>\nMateria\u0142 ostrza: stal molibdenowo-wanadowa<br \/>\nMateria\u0142 r\u0119koje\u015bci: drewno<br \/>\nPow\u0142oka: PTFE<br \/>\nKolor skorupy: br\u0105zowy<br \/>\nMateria\u0142 obudowy: Sk\u00f3ra<br \/>\nFunkcja: N\u00f3\u017c sportowy\/my\u015bliwski<br \/>\nD\u0142ugo\u015b\u0107 ostrza: 19 cm<br \/>\nSzeroko\u015b\u0107 ostrza: 3,5 cm<br \/>\nGrubo\u015b\u0107 ostrza: 4 mm<br \/>\nD\u0142ugo\u015b\u0107 ca\u0142kowita no\u017ca: 31 cm<br \/>\nWymiary koperty: 29 cm x 5 cm x 2 cm<br \/>\nWymiary no\u017ca z pochw\u0105: 33 cm x 5 cm x 3,5 cm<br \/>\nWaga: 278g<br \/>\nWaga no\u017ca z pochw\u0105: 354 g<br \/>\nWaga opakowania: 500 g<br \/>\nWymiary opakowania: 35 cm x 9 cm x 5,3 cm<\/p>\n<p>&nbsp;<\/p>\n<p>&nbsp;<\/p>\n","protected":false},"excerpt":{"rendered":"<p><strong>N\u00f3\u017c Urial pochodzi od renomowanej firmy Muela, marki znanej na ca\u0142ym \u015bwiecie jako jedna z najlepszych marek no\u017cy. Niezale\u017cnie od tego, czy chodzi o kolekcj\u0119, czy do codziennego u\u017cytku, n\u00f3\u017c Urial spe\u0142nia wszystkie wymagania dotycz\u0105ce jako\u015bci i trwa\u0142o\u015bci.<\/strong><\/p>\n","protected":false},"featured_media":352530,"comment_status":"open","ping_status":"closed","template":"","meta":[],"pwb-brand":[3912],"product_brand":[],"product_cat":[3297,3296],"product_tag":[3671],"class_list":{"0":"post-352529","1":"product","2":"type-product","3":"status-publish","4":"has-post-thumbnail","6":"pwb-brand-musiala","7":"product_cat-solidne-noze","8":"product_cat-noze-pl","9":"product_tag-b2b-pl","11":"first","12":"instock","13":"taxable","14":"shipping-taxable","15":"purchasable","16":"product-type-simple"},"brands":[{"id":3912,"name":"Musia\u0142a","slug":"musiala"}],"_links":{"self":[{"href":"https:\/\/www.moskito.cz\/pl\/wp-json\/wp\/v2\/product\/352529","targetHints":{"allow":["GET"]}}],"collection":[{"href":"https:\/\/www.moskito.cz\/pl\/wp-json\/wp\/v2\/product"}],"about":[{"href":"https:\/\/www.moskito.cz\/pl\/wp-json\/wp\/v2\/types\/product"}],"replies":[{"embeddable":true,"href":"https:\/\/www.moskito.cz\/pl\/wp-json\/wp\/v2\/comments?post=352529"}],"wp:featuredmedia":[{"embeddable":true,"href":"https:\/\/www.moskito.cz\/pl\/wp-json\/wp\/v2\/media\/352530"}],"wp:attachment":[{"href":"https:\/\/www.moskito.cz\/pl\/wp-json\/wp\/v2\/media?parent=352529"}],"wp:term":[{"taxonomy":"pwb-brand","embeddable":true,"href":"https:\/\/www.moskito.cz\/pl\/wp-json\/wp\/v2\/pwb-brand?post=352529"},{"taxonomy":"product_brand","embeddable":true,"href":"https:\/\/www.moskito.cz\/pl\/wp-json\/wp\/v2\/product_brand?post=352529"},{"taxonomy":"product_cat","embeddable":true,"href":"https:\/\/www.moskito.cz\/pl\/wp-json\/wp\/v2\/product_cat?post=352529"},{"taxonomy":"product_tag","embeddable":true,"href":"https:\/\/www.moskito.cz\/pl\/wp-json\/wp\/v2\/product_tag?post=352529"}],"curies":[{"name":"wp","href":"https:\/\/api.w.org\/{rel}","templated":true}]}}