{"id":352645,"date":"2024-07-15T13:20:39","date_gmt":"2024-07-15T12:27:09","guid":{"rendered":"https:\/\/www.moskito.cz\/produkt\/naprawiono-noz-muela-bear-24r\/"},"modified":"2025-05-07T11:21:33","modified_gmt":"2025-05-07T10:21:33","slug":"naprawiono-noz-muela-bear-24r","status":"publish","type":"product","link":"https:\/\/www.moskito.cz\/pl\/produkt\/naprawiono-noz-muela-bear-24r\/","title":{"rendered":"Naprawiono n\u00f3\u017c Muela BEAR-24R"},"content":{"rendered":"<p>Naprawiono n\u00f3\u017c <strong>Muela<\/strong> BEAR-24R.<\/p>\n<p>Firma <strong>MUELA<\/strong> jest rozpoznawalna na ca\u0142ym \u015bwiecie z produkcji ekskluzywnych no\u017cy, scyzoryk\u00f3w i maszynek do golenia od 1950 roku w Hiszpanii i stanowi referencj\u0119 w dziedzinie no\u017cy, poniewa\u017c jej produkty s\u0105 starannie wykonane ze specjalnie dobranych materia\u0142\u00f3w.<\/p>\n<p>Ka\u017cdy element jest wyka\u0144czany przez wykwalifikowanych kutr\u00f3w, kt\u00f3rzy wykonuj\u0105 wyko\u0144czenia w rzemie\u015blniczy i skrupulatny spos\u00f3b, obejmuj\u0105cy ostrzenie, polerowanie i \u015bcis\u0142\u0105 kontrol\u0119 jako\u015bci.<\/p>\n<p>N\u00f3\u017c sportowy Muela BEAR-24R posiada ostrze ze STALI NIERDZEWNEJ w formacie Spearhead, Dagger o twardo\u015bci 57-58 HRC.<\/p>\n<p>R\u0119koje\u015b\u0107 wykonana jest z naturalnego DREWNA koralowego, dodatkowo w komplecie znajduje si\u0119 sk\u00f3rzane etui zapinane na pasek, z klamr\u0105.<\/p>\n<p>Uwa\u017cany jest za n\u00f3\u017c bardzo wysokiej jako\u015bci i BARDZO Ostry, gwarantuj\u0105cy wspania\u0142e wra\u017cenia u\u017cytkownikom poszukuj\u0105cym sztu\u0107c\u00f3w na profesjonalnym poziomie.<\/p>\n<p>Te i inne modele no\u017cy Muela w najlepszym stosunku ceny do jako\u015bci na rynku znajdziesz tutaj, w AR15 SPORT!<\/p>\n<p>SPECYFIKACJA TECHNICZNA:<\/p>\n<p>Marka: Muela<br \/>\nModel: Nied\u017awied\u017a-24R<br \/>\nMateria\u0142 ostrza: stal nierdzewna<br \/>\nMateria\u0142 r\u0119koje\u015bci: Naturalne drewno koralowe<br \/>\nTwardo\u015b\u0107 ostrza: 57-58 HRC<br \/>\nKszta\u0142t ostrza: grot w\u0142\u00f3czni, sztylet<br \/>\nSk\u00f3rzane etui zapinane na klamr\u0119<br \/>\nNiezwykle ostry n\u00f3\u017c sportowy<br \/>\nD\u0142ugo\u015b\u0107 ostrza: 24,2 cm<br \/>\nD\u0142ugo\u015b\u0107 ca\u0142kowita: 38 cm<br \/>\nWaga ca\u0142kowita: 347 gram\u00f3w<\/p>\n<p>&nbsp;<\/p>\n","protected":false},"excerpt":{"rendered":"<p><strong>Firma MUELA jest rozpoznawalna na ca\u0142ym \u015bwiecie z produkcji ekskluzywnych no\u017cy, scyzoryk\u00f3w i maszynek do golenia od 1950 roku w Hiszpanii i stanowi referencj\u0119 w dziedzinie no\u017cy, poniewa\u017c jej produkty s\u0105 starannie wykonane ze specjalnie dobranych materia\u0142\u00f3w.<\/strong><\/p>\n","protected":false},"featured_media":352613,"comment_status":"open","ping_status":"closed","template":"","meta":[],"pwb-brand":[3912],"product_brand":[],"product_cat":[3297,3296],"product_tag":[],"class_list":{"0":"post-352645","1":"product","2":"type-product","3":"status-publish","4":"has-post-thumbnail","6":"pwb-brand-musiala","7":"product_cat-solidne-noze","8":"product_cat-noze-pl","10":"first","11":"instock","12":"taxable","13":"shipping-taxable","14":"purchasable","15":"product-type-simple"},"brands":[{"id":3912,"name":"Musia\u0142a","slug":"musiala"}],"_links":{"self":[{"href":"https:\/\/www.moskito.cz\/pl\/wp-json\/wp\/v2\/product\/352645","targetHints":{"allow":["GET"]}}],"collection":[{"href":"https:\/\/www.moskito.cz\/pl\/wp-json\/wp\/v2\/product"}],"about":[{"href":"https:\/\/www.moskito.cz\/pl\/wp-json\/wp\/v2\/types\/product"}],"replies":[{"embeddable":true,"href":"https:\/\/www.moskito.cz\/pl\/wp-json\/wp\/v2\/comments?post=352645"}],"wp:featuredmedia":[{"embeddable":true,"href":"https:\/\/www.moskito.cz\/pl\/wp-json\/wp\/v2\/media\/352613"}],"wp:attachment":[{"href":"https:\/\/www.moskito.cz\/pl\/wp-json\/wp\/v2\/media?parent=352645"}],"wp:term":[{"taxonomy":"pwb-brand","embeddable":true,"href":"https:\/\/www.moskito.cz\/pl\/wp-json\/wp\/v2\/pwb-brand?post=352645"},{"taxonomy":"product_brand","embeddable":true,"href":"https:\/\/www.moskito.cz\/pl\/wp-json\/wp\/v2\/product_brand?post=352645"},{"taxonomy":"product_cat","embeddable":true,"href":"https:\/\/www.moskito.cz\/pl\/wp-json\/wp\/v2\/product_cat?post=352645"},{"taxonomy":"product_tag","embeddable":true,"href":"https:\/\/www.moskito.cz\/pl\/wp-json\/wp\/v2\/product_tag?post=352645"}],"curies":[{"name":"wp","href":"https:\/\/api.w.org\/{rel}","templated":true}]}}