{"id":352731,"date":"2024-07-16T09:48:57","date_gmt":"2024-07-16T08:50:40","guid":{"rendered":"https:\/\/www.moskito.cz\/produkt\/naprawiono-noz-muela-scorpion-26w\/"},"modified":"2025-05-07T11:21:35","modified_gmt":"2025-05-07T10:21:35","slug":"naprawiono-noz-muela-scorpion-26w","status":"publish","type":"product","link":"https:\/\/www.moskito.cz\/pl\/produkt\/naprawiono-noz-muela-scorpion-26w\/","title":{"rendered":"Naprawiono n\u00f3\u017c Muela SCORPION-26W"},"content":{"rendered":"<p>Naprawiono n\u00f3\u017c <strong>Muela<\/strong> SCORPION-26W.<\/p>\n<p><strong>N\u00f3\u017c sportowy Muela Scorpion-26W<\/strong><\/p>\n<p>N\u00f3\u017c sportowy Muela Scorpion-26W polecamy tym z Was, kt\u00f3rzy szukaj\u0105 dobrego no\u017ca do polowa\u0144, z podw\u00f3jnie tward\u0105 kraw\u0119dzi\u0105. Z gumow\u0105 r\u0119koje\u015bci\u0105 o \u015brednicy 115 mm (4 1\/2&#8243;) o du\u017cej g\u0119sto\u015bci i ostrzem ze stali wysokow\u0119glowej 420H o \u015brednicy 260 mm (10 1\/4&#8243;), dobr\u0105 odporno\u015bci\u0105 na zu\u017cycie i \u0142atwo\u015bci\u0105 ostrzenia.<\/p>\n<p>N\u00f3\u017c sportowy Muela Scorpion-26W to n\u00f3\u017c z serii Daggers i Daggers, zaprojektowany i wykonany specjalnie dla mi\u0142o\u015bnik\u00f3w sztu\u0107c\u00f3w z doskona\u0142ymi materia\u0142ami takimi jak guma o du\u017cej g\u0119sto\u015bci zastosowana w r\u0119koje\u015bci.<\/p>\n<p>Jego ostrze wykonane jest ze stali 420H, stali 420 o wysokiej zawarto\u015bci w\u0119gla, dobrej odporno\u015bci na zu\u017cycie i \u0142atwej ostrzeniu, dobrego wyboru do r\u00f3\u017cnych zastosowa\u0144.<\/p>\n<p>Muela produkuje ekskluzywne no\u017ce, scyzoryki i maszynki do golenia od 1950 roku w Hiszpanii i jest punktem odniesienia w bran\u017cy sztu\u0107c\u00f3w na ca\u0142ym \u015bwiecie. Dzi\u0119ki specjalnie dobranym materia\u0142om, takim jak stal martenzytyczna zastosowana w ostrzach i poro\u017ce jelenia stosowane w niekt\u00f3rych modelach, s\u0105 one kszta\u0142towane i wyko\u0144czone doskona\u0142\u0105 prac\u0105, kt\u00f3ra \u0142\u0105czy nowoczesny park maszynowy z rzemie\u015blnicz\u0105 metod\u0105. Wszystkie produkty przechodz\u0105 przez do\u015bwiadczonych krojarzy, kt\u00f3rzy wykonuj\u0105 i precyzyjnie dopasowuj\u0105, ostrz\u0105, poleruj\u0105 i sprawdzaj\u0105 ka\u017cdy element z wymagaj\u0105c\u0105 kontrol\u0105 jako\u015bci.<\/p>\n<p>W\u0142a\u015bciwo\u015bci techniczne:<\/p>\n<p>Kod: SCORPION-26W<br \/>\nMarka: Muela<br \/>\nModel: Sztylety i Sztylety &#8211; Scorpion-26w<br \/>\nMateria\u0142 kabla: guma<br \/>\nMateria\u0142 ostrza: 420 H<br \/>\nD\u0142ugo\u015b\u0107 ostrza: 26 cm (10 1\/4&#8243;)<br \/>\nD\u0142ugo\u015b\u0107 kabla: 11,5 cm (4 1\/2&#8243;)<br \/>\nTwardo\u015b\u0107 stali: 56 &#8211; 58 HRC<br \/>\nWaga: 400 g<\/p>\n<p>&nbsp;<\/p>\n","protected":false},"excerpt":{"rendered":"<p><strong>N\u00f3\u017c sportowy Muela Scorpion-26W polecamy tym z Was, kt\u00f3rzy szukaj\u0105 dobrego no\u017ca do polowa\u0144, z podw\u00f3jnie tward\u0105 kraw\u0119dzi\u0105.<\/strong><\/p>\n","protected":false},"featured_media":352712,"comment_status":"open","ping_status":"closed","template":"","meta":[],"pwb-brand":[3912],"product_brand":[],"product_cat":[3296,3297],"product_tag":[3671],"class_list":{"0":"post-352731","1":"product","2":"type-product","3":"status-publish","4":"has-post-thumbnail","6":"pwb-brand-musiala","7":"product_cat-noze-pl","8":"product_cat-solidne-noze","9":"product_tag-b2b-pl","11":"first","12":"outofstock","13":"taxable","14":"shipping-taxable","15":"purchasable","16":"product-type-simple"},"brands":[{"id":3912,"name":"Musia\u0142a","slug":"musiala"}],"_links":{"self":[{"href":"https:\/\/www.moskito.cz\/pl\/wp-json\/wp\/v2\/product\/352731","targetHints":{"allow":["GET"]}}],"collection":[{"href":"https:\/\/www.moskito.cz\/pl\/wp-json\/wp\/v2\/product"}],"about":[{"href":"https:\/\/www.moskito.cz\/pl\/wp-json\/wp\/v2\/types\/product"}],"replies":[{"embeddable":true,"href":"https:\/\/www.moskito.cz\/pl\/wp-json\/wp\/v2\/comments?post=352731"}],"wp:featuredmedia":[{"embeddable":true,"href":"https:\/\/www.moskito.cz\/pl\/wp-json\/wp\/v2\/media\/352712"}],"wp:attachment":[{"href":"https:\/\/www.moskito.cz\/pl\/wp-json\/wp\/v2\/media?parent=352731"}],"wp:term":[{"taxonomy":"pwb-brand","embeddable":true,"href":"https:\/\/www.moskito.cz\/pl\/wp-json\/wp\/v2\/pwb-brand?post=352731"},{"taxonomy":"product_brand","embeddable":true,"href":"https:\/\/www.moskito.cz\/pl\/wp-json\/wp\/v2\/product_brand?post=352731"},{"taxonomy":"product_cat","embeddable":true,"href":"https:\/\/www.moskito.cz\/pl\/wp-json\/wp\/v2\/product_cat?post=352731"},{"taxonomy":"product_tag","embeddable":true,"href":"https:\/\/www.moskito.cz\/pl\/wp-json\/wp\/v2\/product_tag?post=352731"}],"curies":[{"name":"wp","href":"https:\/\/api.w.org\/{rel}","templated":true}]}}