{"id":352764,"date":"2024-07-16T10:06:47","date_gmt":"2024-07-16T09:07:42","guid":{"rendered":"https:\/\/www.moskito.cz\/produkt\/naprawiono-noz-muela-ibex-8m\/"},"modified":"2025-05-07T11:21:36","modified_gmt":"2025-05-07T10:21:36","slug":"naprawiono-noz-muela-ibex-8m","status":"publish","type":"product","link":"https:\/\/www.moskito.cz\/pl\/produkt\/naprawiono-noz-muela-ibex-8m\/","title":{"rendered":"Naprawiono n\u00f3\u017c Muela IBEX-8M"},"content":{"rendered":"<p>Naprawiono n\u00f3\u017c <strong>Muela<\/strong> IBEX-8M.<\/p>\n<p>R\u0119cznie wykonany, kompaktowy n\u00f3\u017c <strong>IBEX-8M<\/strong> hiszpa\u0144skiej manufaktury Muela. Celem by\u0142o stworzenie por\u0119cznego, ale niezawodnego no\u017ca o niewielkiej wadze, do wszelkich zastosowa\u0144 na zewn\u0105trz. Wszechstronna, doskonale wywa\u017cona, o wszechstronnej konstrukcji z ostrzem wykonanym ze stali X50CrMoV15, zapewnia niesamowit\u0105 wydajno\u015b\u0107 ci\u0119cia. Skierowany do mi\u0142o\u015bnik\u00f3w bushcraftu, survivalu i \u0142owiectwa.<\/p>\n<p>X50CrMoV15 (1.4116) &#8211; wysokow\u0119glowa martenzytyczna stal nierdzewna molibdenowo-wanadowa, charakteryzuj\u0105ca si\u0119 wysok\u0105 odporno\u015bci\u0105 na korozj\u0119 i zu\u017cycie. Wykorzystuje si\u0119 go do produkcji no\u017cy, najnowocze\u015bniejszych sztu\u0107c\u00f3w i narz\u0119dzi chirurgicznych. Charakteryzuje si\u0119 stosunkowo du\u017c\u0105 twardo\u015bci\u0105 jak na stale nierdzewne 56-58 HRC. Sk\u0142ad chemiczny stali zosta\u0142 wzbogacony domieszkami 15,0% chromu, 0,80% molibdenu, 0,20% wanadu.<\/p>\n<p>G\u0142ownia &#8211; wyj\u0105tkowo ostry kszta\u0142t Drop Point idealna do wszelkiego rodzaju prac my\u015bliwskich. Satynowo g\u0142adkie Ostrze typu Plain z wkl\u0119s\u0142ym szlifem zapewnia ni\u017csz\u0105 wag\u0119 i doskona\u0142\u0105 wydajno\u015b\u0107 ci\u0119cia. Du\u017cy wyst\u0119p na palec u\u0142atwia prowadzenie no\u017ca w celu precyzyjnej pracy. Dla lepszego chwytu poszerzono czubki palc\u00f3w oraz cz\u0119\u015b\u0107 grzbietu ostrza.<\/p>\n<p>R\u0119koje\u015b\u0107 &#8211; wykonana z szaro-czarnej micarty (p\u0142\u00f3tno prasowane ci\u015bnieniowo z \u017cywic\u0105 syntetyczn\u0105). Sko\u015bne kraw\u0119dzie ok\u0142adek eliminuj\u0105 ostre kraw\u0119dzie, zapewniaj\u0105c wygodny chwyt. Os\u0142ony przykr\u0119cono bezpo\u015brednio do jarzma, dzi\u0119ki czemu ca\u0142a konstrukcja jest bardzo sztywna i trwa\u0142a.<\/p>\n<p>Pochwa &#8211; szyta r\u0119cznie, wykonana z wysokiej jako\u015bci czarnej sk\u00f3ry bydl\u0119cej z t\u0142oczonym logo producenta. Brzegi etui przeszyte ozdobn\u0105 nici\u0105. Zapi\u0119cie zatrzaskowe typu Prym. Mocowanie do paska umo\u017cliwia noszenie no\u017ca w pozycji pionowej.<\/p>\n<p>Grupa Muela jest obecnie jedn\u0105 z wiod\u0105cych firm w dziedzinie r\u0119cznie robionych no\u017cy my\u015bliwskich w Hiszpanii i na \u015bwiecie, a jej no\u017ce i scyzoryki s\u0105 wysoko cenione za najwy\u017csz\u0105 jako\u015b\u0107 wykonania.<br \/>\nDane techniczne:<\/p>\n<p>Numer produktu: IBEX-8M<br \/>\nNazwa produktu: Full Tang Black Micarta<\/p>\n<p>D\u0142ugo\u015b\u0107 ca\u0142kowita: 16,5 cm \/ 6,5 cala<br \/>\nD\u0142ugo\u015b\u0107 ostrza: 7,5 cm \/ 2,95&#8243;<br \/>\nD\u0142ugo\u015b\u0107 r\u0105czki: 9 cm \/ 3,46 cala<br \/>\nGrubo\u015b\u0107 ostrza: 0,36 cm \/ 0,14&#8243;<br \/>\nGrubo\u015b\u0107 r\u0119koje\u015bci: nie dotyczy<br \/>\nWaga: 129,0 g \/ 4,55 uncji<\/p>\n<p>Materia\u0142 ostrza: X50CrMoV15<br \/>\nTwardo\u015b\u0107 ostrza: b.d<br \/>\nSzlifowanie ostrzy: puste<br \/>\nObr\u00f3bka powierzchni ostrza: satyna<\/p>\n<p>Materia\u0142 r\u0119koje\u015bci: Micarta<br \/>\nKolor wyko\u0144czenia uchwytu: czarny\/szary<\/p>\n<p>Pochwa (kabura): Sk\u00f3ra<br \/>\nInne akcesoria: bd<\/p>\n<p>Projektant: Muela<br \/>\nNazwa marki: Muela<br \/>\nProducent: Manufacturas Muela, SA<br \/>\nKraj pochodzenia: Hiszpania<\/p>\n<p>&nbsp;<\/p>\n","protected":false},"excerpt":{"rendered":"<p><strong>R\u0119cznie wykonany, kompaktowy n\u00f3\u017c IBEX-8M hiszpa\u0144skiej manufaktury Muela. Celem by\u0142o stworzenie por\u0119cznego, ale niezawodnego no\u017ca o niewielkiej wadze, do wszelkich zastosowa\u0144 na zewn\u0105trz. Wszechstronna, doskonale wywa\u017cona, o wszechstronnej konstrukcji z ostrzem wykonanym ze stali X50CrMoV15, zapewnia niesamowit\u0105 wydajno\u015b\u0107 ci\u0119cia. Skierowany do mi\u0142o\u015bnik\u00f3w bushcraftu, survivalu i \u0142owiectwa.<\/strong><\/p>\n","protected":false},"featured_media":352744,"comment_status":"open","ping_status":"closed","template":"","meta":[],"pwb-brand":[3912],"product_brand":[],"product_cat":[3297,3296],"product_tag":[3671],"class_list":{"0":"post-352764","1":"product","2":"type-product","3":"status-publish","4":"has-post-thumbnail","6":"pwb-brand-musiala","7":"product_cat-solidne-noze","8":"product_cat-noze-pl","9":"product_tag-b2b-pl","11":"first","12":"instock","13":"taxable","14":"shipping-taxable","15":"purchasable","16":"product-type-simple"},"brands":[{"id":3912,"name":"Musia\u0142a","slug":"musiala"}],"_links":{"self":[{"href":"https:\/\/www.moskito.cz\/pl\/wp-json\/wp\/v2\/product\/352764","targetHints":{"allow":["GET"]}}],"collection":[{"href":"https:\/\/www.moskito.cz\/pl\/wp-json\/wp\/v2\/product"}],"about":[{"href":"https:\/\/www.moskito.cz\/pl\/wp-json\/wp\/v2\/types\/product"}],"replies":[{"embeddable":true,"href":"https:\/\/www.moskito.cz\/pl\/wp-json\/wp\/v2\/comments?post=352764"}],"wp:featuredmedia":[{"embeddable":true,"href":"https:\/\/www.moskito.cz\/pl\/wp-json\/wp\/v2\/media\/352744"}],"wp:attachment":[{"href":"https:\/\/www.moskito.cz\/pl\/wp-json\/wp\/v2\/media?parent=352764"}],"wp:term":[{"taxonomy":"pwb-brand","embeddable":true,"href":"https:\/\/www.moskito.cz\/pl\/wp-json\/wp\/v2\/pwb-brand?post=352764"},{"taxonomy":"product_brand","embeddable":true,"href":"https:\/\/www.moskito.cz\/pl\/wp-json\/wp\/v2\/product_brand?post=352764"},{"taxonomy":"product_cat","embeddable":true,"href":"https:\/\/www.moskito.cz\/pl\/wp-json\/wp\/v2\/product_cat?post=352764"},{"taxonomy":"product_tag","embeddable":true,"href":"https:\/\/www.moskito.cz\/pl\/wp-json\/wp\/v2\/product_tag?post=352764"}],"curies":[{"name":"wp","href":"https:\/\/api.w.org\/{rel}","templated":true}]}}