{"id":352792,"date":"2024-07-16T11:41:02","date_gmt":"2024-07-16T10:41:57","guid":{"rendered":"https:\/\/www.moskito.cz\/produkt\/solidny-noz-muela-bison-9nl\/"},"modified":"2025-05-07T11:21:38","modified_gmt":"2025-05-07T10:21:38","slug":"solidny-noz-muela-bison-9nl","status":"publish","type":"product","link":"https:\/\/www.moskito.cz\/pl\/produkt\/solidny-noz-muela-bison-9nl\/","title":{"rendered":"Solidny n\u00f3\u017c Muela BISON-9NL"},"content":{"rendered":"<p>Solidny n\u00f3\u017c <strong>Muela<\/strong> BISON-9NL.<\/p>\n<p><strong>BISON-9NL<\/strong> to kompaktowy, pomys\u0142owo wykonany my\u015bliwski n\u00f3\u017c do rzucania ze sta\u0142ym ostrzem i konstrukcj\u0105 typu full-tang. Doskonale wywa\u017cony, przeznaczony dla my\u015bliwych, sprawdza si\u0119 jako n\u00f3\u017c uniwersalny. Wykonane ze stali molibdenowo-wanadowej MoVa.<\/p>\n<p>1.4116 (X50CrMoV15) &#8211; stal molibdenowo-wanadowa stosowana na wysokiej klasy no\u017ce, sztu\u0107ce i narz\u0119dzia chirurgiczne. Charakteryzuje si\u0119 stosunkowo du\u017c\u0105 twardo\u015bci\u0105 jak stale nierdzewne. Odporny na korozj\u0119 w warunkach kuchennych. Jest zalecan\u0105 alternatyw\u0105 dla materia\u0142u 1.4034 \/ X46Cr13 \/ 4H13. Sk\u0142ad chemiczny wzbogacono o zawarto\u015b\u0107 chromu, molibdenu oraz dodatek wanadu.<\/p>\n<p>G\u0142ownia &#8211; typu Clip Point, grubo\u015bci 3.6 mm o dobrych w\u0142a\u015bciwo\u015bciach mechanicznych i d\u0142ugotrwa\u0142ej ostro\u015bci. Ostrze typu Plain wyprowadzono szlifem wkl\u0119s\u0142ym (Hollow Cut). Wyko\u0144czenie satynowe (p\u00f3\u0142matowe) eliminuje odblaski. Z\u0105bkowana rampa pod kciuk (na grzbiecie g\u0142owni) oraz d\u0142awik na palec, profilowane podci\u0119cie pod palec wskazuj\u0105cy pomi\u0119dzy r\u0119koje\u015bci\u0105 a ostrzem zwi\u0119kszaj\u0105 zwrotno\u015b\u0107 no\u017ca.<\/p>\n<p>R\u0119koje\u015b\u0107 &#8211; ergonomiczna, wyprofilowana pod d\u0142o\u0144 zapewnia doskona\u0142y chwyt podczas pracy. Ok\u0142adziny w kolorze br\u0105zowym wykonane s\u0105 z egzotycznego twardego palisandru. Nity do mocowania pokrywy s\u0105 stalowe. W tylnej cz\u0119\u015bci r\u0119koje\u015bci umieszczono rozstawnie przeplatany sk\u00f3rzany pasek.<\/p>\n<p>Etui &#8211; przed\u0142u\u017cane, chroni g\u0142ow\u0119 wraz z cz\u0119\u015bci\u0105 r\u0119koje\u015bci. Wykonane ze sk\u00f3ry w kolorze br\u0105zowym z t\u0142oczonym logo firmy, zapinane na zatrzask. Pochwa zosta\u0142a na brzegach przeszyta ozdobn\u0105 nici\u0105. Mocowanie do paska lub osprz\u0119tu umo\u017cliwia noszenie no\u017ca w pozycji pionowej.<\/p>\n<p>Specyfikacja techniczna:<br \/>\nNumer produktu: BISON-9NL<\/p>\n<p>D\u0142ugo\u015b\u0107 ostrza: 9 cm \/ 3,54&#8243;<br \/>\nGrubo\u015b\u0107 ostrza: 0,36 cm \/ 0,14&#8243;<br \/>\nD\u0142ugo\u015b\u0107 ca\u0142kowita: 18 cm \/ 7,08 cala<br \/>\nWaga: 108 g \/ 3,81 uncji<\/p>\n<p>Materia\u0142 ostrza: X50CrMoV15<br \/>\nTwardo\u015b\u0107 ostrza: 56-58 HRc<br \/>\nSzlifowanie ostrzy: puste<br \/>\nObr\u00f3bka powierzchni ostrza: satyna<\/p>\n<p>Materia\u0142 r\u0119koje\u015bci: palisander (Kingwood)<br \/>\nKolor wyko\u0144czenia uchwytu: br\u0105zowy<\/p>\n<p>Pochwa (kabura): Sk\u00f3ra<br \/>\nInne akcesoria: Brak<\/p>\n<p>Projektant: Muela<br \/>\nNazwa marki: Muela<br \/>\nProducent: Manufacturas Muela, SA<br \/>\nKraj pochodzenia: Hiszpania<\/p>\n<p>&nbsp;<\/p>\n<p>&nbsp;<\/p>\n","protected":false},"excerpt":{"rendered":"<p><strong>BISON-9NL to kompaktowy, pomys\u0142owo wykonany my\u015bliwski n\u00f3\u017c do rzucania ze sta\u0142ym ostrzem i konstrukcj\u0105 typu full-tang. Doskonale wywa\u017cony, przeznaczony dla my\u015bliwych, sprawdza si\u0119 jako n\u00f3\u017c uniwersalny.<\/strong><\/p>\n","protected":false},"featured_media":352776,"comment_status":"open","ping_status":"closed","template":"","meta":[],"pwb-brand":[3912],"product_brand":[],"product_cat":[3296,3297],"product_tag":[3671],"class_list":{"0":"post-352792","1":"product","2":"type-product","3":"status-publish","4":"has-post-thumbnail","6":"pwb-brand-musiala","7":"product_cat-noze-pl","8":"product_cat-solidne-noze","9":"product_tag-b2b-pl","11":"first","12":"instock","13":"taxable","14":"shipping-taxable","15":"purchasable","16":"product-type-simple"},"brands":[{"id":3912,"name":"Musia\u0142a","slug":"musiala"}],"_links":{"self":[{"href":"https:\/\/www.moskito.cz\/pl\/wp-json\/wp\/v2\/product\/352792","targetHints":{"allow":["GET"]}}],"collection":[{"href":"https:\/\/www.moskito.cz\/pl\/wp-json\/wp\/v2\/product"}],"about":[{"href":"https:\/\/www.moskito.cz\/pl\/wp-json\/wp\/v2\/types\/product"}],"replies":[{"embeddable":true,"href":"https:\/\/www.moskito.cz\/pl\/wp-json\/wp\/v2\/comments?post=352792"}],"wp:featuredmedia":[{"embeddable":true,"href":"https:\/\/www.moskito.cz\/pl\/wp-json\/wp\/v2\/media\/352776"}],"wp:attachment":[{"href":"https:\/\/www.moskito.cz\/pl\/wp-json\/wp\/v2\/media?parent=352792"}],"wp:term":[{"taxonomy":"pwb-brand","embeddable":true,"href":"https:\/\/www.moskito.cz\/pl\/wp-json\/wp\/v2\/pwb-brand?post=352792"},{"taxonomy":"product_brand","embeddable":true,"href":"https:\/\/www.moskito.cz\/pl\/wp-json\/wp\/v2\/product_brand?post=352792"},{"taxonomy":"product_cat","embeddable":true,"href":"https:\/\/www.moskito.cz\/pl\/wp-json\/wp\/v2\/product_cat?post=352792"},{"taxonomy":"product_tag","embeddable":true,"href":"https:\/\/www.moskito.cz\/pl\/wp-json\/wp\/v2\/product_tag?post=352792"}],"curies":[{"name":"wp","href":"https:\/\/api.w.org\/{rel}","templated":true}]}}