{"id":352849,"date":"2024-07-16T12:27:27","date_gmt":"2024-07-16T11:32:26","guid":{"rendered":"https:\/\/www.moskito.cz\/produkt\/naprawiono-noz-muela-bwe-8-o\/"},"modified":"2025-05-07T11:21:40","modified_gmt":"2025-05-07T10:21:40","slug":"naprawiono-noz-muela-bwe-8-o","status":"publish","type":"product","link":"https:\/\/www.moskito.cz\/pl\/produkt\/naprawiono-noz-muela-bwe-8-o\/","title":{"rendered":"Naprawiono n\u00f3\u017c Muela BWE-8.O"},"content":{"rendered":"<p>Naprawiono n\u00f3\u017c <strong>Muela<\/strong> BWE-8.O<\/p>\n<p><strong>N\u00f3\u017c Muela BWE-8.O<\/strong> Pomara\u0144czowy Micarta, Satynowy, Prosty, Kompaktowy N\u00f3\u017c Uniwersalny. Ostrze ze stali nierdzewnej X50CrMoV15 z satynowym wyko\u0144czeniem. Wygodna r\u0119koje\u015b\u0107 z jutowej micarty. Doskona\u0142y pomocnik podczas polowa\u0144, zaj\u0119\u0107 na \u015bwie\u017cym powietrzu lub przetrwania.<\/p>\n<p>1.4116 (X50CrMoV15) &#8211; wysokow\u0119glowa martenzytyczna stal nierdzewna molibdenowo-wanadowa, charakteryzuj\u0105ca si\u0119 wysok\u0105 odporno\u015bci\u0105 na korozj\u0119 i zu\u017cycie. Wykorzystuje si\u0119 go do produkcji no\u017cy, najnowocze\u015bniejszych sztu\u0107c\u00f3w i narz\u0119dzi chirurgicznych. Charakteryzuje si\u0119 stosunkowo du\u017c\u0105 twardo\u015bci\u0105 jak na stale nierdzewne rz\u0119du 57-58 HRC. Sk\u0142ad chemiczny stali wzbogacony jest domieszk\u0105 15,0% chromu, 0,80% molibdenu, 0,20% wanadu.<\/p>\n<p>G\u0142ownia &#8211; typu Clip Point z wyra\u017anie zaznaczonym brzuchem ostrza. Ostrze g\u0142adkie wyprowadzono szlifem p\u0142askim, kt\u00f3ry zapewnia doskona\u0142e w\u0142a\u015bciwo\u015bci tn\u0105ce w po\u0142\u0105czeniu z doskona\u0142\u0105 trwa\u0142o\u015bci\u0105.<\/p>\n<p>R\u0119koje\u015b\u0107 &#8211; profilowana, pokryta polerowan\u0105, wodoodporn\u0105 micart\u0105. Zapewnia wygodny i pewny chwyt. Nity mocuj\u0105ce os\u0142ony uchwyt\u00f3w wykonane s\u0105 z mosi\u0105dzu wysokoniklowego. W tylnej cz\u0119\u015bci r\u0119koje\u015bci zabezpieczona jest otworem na link\u0119.<\/p>\n<p>Pochwa wykonana z dobrze garbowanej naturalnej sk\u00f3ry bydl\u0119cej w kolorze czarnym. Na powierzchni wyt\u0142oczone logo producenta. Pochwa przeszyta na brzegach ozdobn\u0105 nici\u0105. Zamontowanie go na pasku lub sprz\u0119cie pozwala na noszenie no\u017ca w pozycji pionowej.<\/p>\n<p>Dane techniczne:<br \/>\nNumer produktu: BWE-8.O<br \/>\nNazwa produktu: Muela BWE-8.O Pomara\u0144czowa Micarta, Satyna<\/p>\n<p>D\u0142ugo\u015b\u0107 ca\u0142kowita: 16,3 cm \/ 6,42&#8243;<br \/>\nD\u0142ugo\u015b\u0107 ostrza: 8 cm \/ 3,15 cala<br \/>\nGrubo\u015b\u0107 ostrza: b.d<br \/>\nWaga: 74,0 g \/ 2,61 uncji<\/p>\n<p>Materia\u0142 ostrza: X50CrMoV15<br \/>\nTwardo\u015b\u0107 ostrza: b.d<br \/>\nSzlif ostrza: p\u0142aski<br \/>\nObr\u00f3bka powierzchni ostrza: satyna<\/p>\n<p>Materia\u0142 r\u0119koje\u015bci: Micarta<br \/>\nKolor wyko\u0144czenia uchwytu: pomara\u0144czowy<\/p>\n<p>Pochwa (kabura): Sk\u00f3ra<br \/>\nInne akcesoria: Brak<\/p>\n<p>Projektant: Muela<br \/>\nNazwa marki: Muela<br \/>\nProducent: Manufacturas Muela, SA<br \/>\nKraj pochodzenia: Hiszpania<\/p>\n<p>&nbsp;<\/p>\n","protected":false},"excerpt":{"rendered":"<p><strong>N\u00f3\u017c Muela BWE-8.O Pomara\u0144czowy Micarta, Satynowy, Prosty, Kompaktowy N\u00f3\u017c Uniwersalny. Ostrze ze stali nierdzewnej X50CrMoV15 z satynowym wyko\u0144czeniem. Wygodna r\u0119koje\u015b\u0107 z jutowej micarty. Doskona\u0142y pomocnik podczas polowa\u0144, zaj\u0119\u0107 na \u015bwie\u017cym powietrzu lub przetrwania.<\/strong><\/p>\n","protected":false},"featured_media":352801,"comment_status":"open","ping_status":"closed","template":"","meta":[],"pwb-brand":[3912],"product_brand":[],"product_cat":[3296,3297],"product_tag":[3671],"class_list":{"0":"post-352849","1":"product","2":"type-product","3":"status-publish","4":"has-post-thumbnail","6":"pwb-brand-musiala","7":"product_cat-noze-pl","8":"product_cat-solidne-noze","9":"product_tag-b2b-pl","11":"first","12":"instock","13":"taxable","14":"shipping-taxable","15":"purchasable","16":"product-type-simple"},"brands":[{"id":3912,"name":"Musia\u0142a","slug":"musiala"}],"_links":{"self":[{"href":"https:\/\/www.moskito.cz\/pl\/wp-json\/wp\/v2\/product\/352849","targetHints":{"allow":["GET"]}}],"collection":[{"href":"https:\/\/www.moskito.cz\/pl\/wp-json\/wp\/v2\/product"}],"about":[{"href":"https:\/\/www.moskito.cz\/pl\/wp-json\/wp\/v2\/types\/product"}],"replies":[{"embeddable":true,"href":"https:\/\/www.moskito.cz\/pl\/wp-json\/wp\/v2\/comments?post=352849"}],"wp:featuredmedia":[{"embeddable":true,"href":"https:\/\/www.moskito.cz\/pl\/wp-json\/wp\/v2\/media\/352801"}],"wp:attachment":[{"href":"https:\/\/www.moskito.cz\/pl\/wp-json\/wp\/v2\/media?parent=352849"}],"wp:term":[{"taxonomy":"pwb-brand","embeddable":true,"href":"https:\/\/www.moskito.cz\/pl\/wp-json\/wp\/v2\/pwb-brand?post=352849"},{"taxonomy":"product_brand","embeddable":true,"href":"https:\/\/www.moskito.cz\/pl\/wp-json\/wp\/v2\/product_brand?post=352849"},{"taxonomy":"product_cat","embeddable":true,"href":"https:\/\/www.moskito.cz\/pl\/wp-json\/wp\/v2\/product_cat?post=352849"},{"taxonomy":"product_tag","embeddable":true,"href":"https:\/\/www.moskito.cz\/pl\/wp-json\/wp\/v2\/product_tag?post=352849"}],"curies":[{"name":"wp","href":"https:\/\/api.w.org\/{rel}","templated":true}]}}