{"id":353107,"date":"2024-07-16T22:20:30","date_gmt":"2024-07-16T21:22:19","guid":{"rendered":"https:\/\/www.moskito.cz\/produkt\/noz-zamykajacy-microtech-msi-stonewashed-210-10flgtta\/"},"modified":"2025-05-07T11:21:47","modified_gmt":"2025-05-07T10:21:47","slug":"noz-zamykajacy-microtech-msi-stonewashed-210-10flgtta","status":"publish","type":"product","link":"https:\/\/www.moskito.cz\/pl\/produkt\/noz-zamykajacy-microtech-msi-stonewashed-210-10flgtta\/","title":{"rendered":"N\u00f3\u017c zamykaj\u0105cy Microtech MSI Stonewashed 210-10FLGTTA"},"content":{"rendered":"<p>N\u00f3\u017c zamykaj\u0105cy <strong>Microtech<\/strong> MSI Stonewashed 210-10FLGTTA<\/p>\n<p><strong>MSI<\/strong> (wydanie Microtech Standard), wydany w 2023 roku, to pierwszy n\u00f3\u017c <strong>Microtech<\/strong> wyposa\u017cony w fantastyczn\u0105 technologi\u0119 RAM-LOK. Ten solidnie wygl\u0105daj\u0105cy zamek paw\u0119\u017cowy ma charakterystyczny wz\u00f3r stopni Microtech, kt\u00f3ry sta\u0142 si\u0119 s\u0142awny dzi\u0119ki serii prze\u0142\u0105cznik\u00f3w steruj\u0105cych Ultratech. Du\u017ce wyci\u0119cie na ostrze zapewnia du\u017co miejsca na machni\u0119cie \u015brodkowym palcem do ty\u0142u i standardowe powolne otwieranie kciuka w r\u0119kawiczkach lub bez. Je\u015bli nie chcesz, po prostu poci\u0105gnij RAM-LOK, a ostrze otworzy si\u0119 prostym ruchem nadgarstka. Chwyty G10 s\u0105 g\u0142adkie i lekko lepkie i zapewniaj\u0105 du\u017cy potencja\u0142 chwytu zar\u00f3wno w przypadku chwyt\u00f3w standardowych, jak i odwr\u00f3conych. Wytrzyma\u0142y, trwa\u0142y i wyprodukowany w USA; wiemy, \u017ce MSI szybko stanie si\u0119 ulubie\u0144cem wszystkich cz\u0142onk\u00f3w spo\u0142eczno\u015bci no\u017cowej.<\/p>\n<p>Dane techniczne:<br \/>\nD\u0142ugo\u015b\u0107 ca\u0142kowita: 22,7 cm<br \/>\nD\u0142ugo\u015b\u0107 ostrza: 9,9 cm<br \/>\nGrubo\u015b\u0107 ostrza: 0,4 cm<br \/>\nStal ostrza: stal nierdzewna Bohler M390MK<br \/>\nStyl ostrza: Zwyk\u0142y zmodyfikowany Sheepfoot<br \/>\nSzlif ostrza: p\u0142aski<br \/>\nObr\u00f3bka powierzchni ostrza: Stonewash<br \/>\nMateria\u0142 r\u0119koje\u015bci: Karbowany Tan G10<br \/>\nMateria\u0142 wk\u0142adu: stal nierdzewna<br \/>\nMechanizm blokuj\u0105cy: RAM-LOK<br \/>\nKieszonkowy klips: stal nierdzewna (sk\u0142adany, noszony po lewej\/prawej stronie)<br \/>\nWaga: 5,08 uncji<br \/>\nProjektant: Tony Marfione<br \/>\nWykonane w USA<\/p>\n<p><iframe title=\"Microtech Combat Troodon Torture Test\" width=\"800\" height=\"450\" src=\"https:\/\/www.youtube.com\/embed\/xE9TeOFYEjg?feature=oembed\" frameborder=\"0\" allow=\"accelerometer; autoplay; clipboard-write; encrypted-media; gyroscope; picture-in-picture; web-share\" referrerpolicy=\"strict-origin-when-cross-origin\" allowfullscreen><\/iframe><\/p>\n<p>&nbsp;<\/p>\n","protected":false},"excerpt":{"rendered":"<p><strong>Przez lata Microtech\u00ae Knives wype\u0142nia\u0142 no\u017ce pasj\u0105 i umiej\u0119tno\u015bciami, aby tworzy\u0107 niemal dzie\u0142a sztuki, kt\u00f3re s\u0105 szczytem funkcjonalno\u015bci. Wszystkie cz\u0119\u015bci wyprodukowano w USA.<\/strong><br \/>\n<strong>Wszystkie no\u017ce Microtech obj\u0119te s\u0105 do\u017cywotni\u0105 gwarancj\u0105.<\/strong><\/p>\n<p><strong>Darmowa dostawa.<\/strong><\/p>\n","protected":false},"featured_media":353060,"comment_status":"open","ping_status":"closed","template":"","meta":[],"pwb-brand":[3279],"product_brand":[],"product_cat":[3296,3307],"product_tag":[3671],"class_list":{"0":"post-353107","1":"product","2":"type-product","3":"status-publish","4":"has-post-thumbnail","6":"pwb-brand-microtech-pl","7":"product_cat-noze-pl","8":"product_cat-zamykanie-nozy","9":"product_tag-b2b-pl","11":"first","12":"instock","13":"taxable","14":"shipping-taxable","15":"purchasable","16":"product-type-simple"},"brands":[{"id":3279,"name":"Microtech","slug":"microtech-pl"}],"_links":{"self":[{"href":"https:\/\/www.moskito.cz\/pl\/wp-json\/wp\/v2\/product\/353107","targetHints":{"allow":["GET"]}}],"collection":[{"href":"https:\/\/www.moskito.cz\/pl\/wp-json\/wp\/v2\/product"}],"about":[{"href":"https:\/\/www.moskito.cz\/pl\/wp-json\/wp\/v2\/types\/product"}],"replies":[{"embeddable":true,"href":"https:\/\/www.moskito.cz\/pl\/wp-json\/wp\/v2\/comments?post=353107"}],"wp:featuredmedia":[{"embeddable":true,"href":"https:\/\/www.moskito.cz\/pl\/wp-json\/wp\/v2\/media\/353060"}],"wp:attachment":[{"href":"https:\/\/www.moskito.cz\/pl\/wp-json\/wp\/v2\/media?parent=353107"}],"wp:term":[{"taxonomy":"pwb-brand","embeddable":true,"href":"https:\/\/www.moskito.cz\/pl\/wp-json\/wp\/v2\/pwb-brand?post=353107"},{"taxonomy":"product_brand","embeddable":true,"href":"https:\/\/www.moskito.cz\/pl\/wp-json\/wp\/v2\/product_brand?post=353107"},{"taxonomy":"product_cat","embeddable":true,"href":"https:\/\/www.moskito.cz\/pl\/wp-json\/wp\/v2\/product_cat?post=353107"},{"taxonomy":"product_tag","embeddable":true,"href":"https:\/\/www.moskito.cz\/pl\/wp-json\/wp\/v2\/product_tag?post=353107"}],"curies":[{"name":"wp","href":"https:\/\/api.w.org\/{rel}","templated":true}]}}