{"id":353288,"date":"2024-07-18T08:08:48","date_gmt":"2024-07-18T07:09:49","guid":{"rendered":"https:\/\/www.moskito.cz\/produkt\/naprawiono-noz-muela-duque-25e\/"},"modified":"2025-05-07T11:21:51","modified_gmt":"2025-05-07T10:21:51","slug":"naprawiono-noz-muela-duque-25e","status":"publish","type":"product","link":"https:\/\/www.moskito.cz\/pl\/produkt\/naprawiono-noz-muela-duque-25e\/","title":{"rendered":"Naprawiono n\u00f3\u017c Muela DUQUE-25E"},"content":{"rendered":"<p>Naprawiono n\u00f3\u017c <strong>Muela<\/strong> DUQUE-25E<\/p>\n<p>DUQUE-25E to n\u00f3\u017c wyka\u0144czaj\u0105cy; Producent no\u017cy rzemie\u015blniczych i no\u017cy sk\u0142adanych Manufacturas Muela prezentuje n\u00f3\u017c wyka\u0144czaj\u0105cy DUQUE-25E w rodzinie NO\u017bY MY\u015aLIWSKICH I SPORTOWYCH<\/p>\n<p>Masywny n\u00f3\u017c Muela DUQUE-25E to n\u00f3\u017c my\u015bliwski, czyli tzw pasuj\u0105cy kie\u0142.<\/p>\n<p>Z szerokim dwustronnym ostrzem w kszta\u0142cie sztyletu ze stali molibdenowo-wanadowej, z obustronn\u0105 mosi\u0119\u017cn\u0105 os\u0142on\u0105 chroni\u0105c\u0105 d\u0142o\u0144.<\/p>\n<p>R\u0119koje\u015b\u0107 wykonana z jednego kawa\u0142ka poro\u017ca jelenia, zako\u0144czona mosi\u0119\u017cn\u0105 stopk\u0105.<\/p>\n<p>W zestawie sk\u00f3rzane etui.<\/p>\n<p>&nbsp;<\/p>\n<p>Wyprodukowano w: Ciudad Real (Hiszpania)<br \/>\nProducent: Muela<br \/>\nOznaczenie katalogowe: DUQUE-25E<br \/>\nTyp ostrza: Enteriza<br \/>\nD\u0142ugo\u015b\u0107 ostrza: 25 cm<br \/>\nD\u0142ugo\u015b\u0107 r\u0105czki: 13 cm<br \/>\nD\u0142ugo\u015b\u0107 ca\u0142kowita: 38 cm<br \/>\nMaksymalna szeroko\u015b\u0107 ostrza: cm<br \/>\nGrubo\u015b\u0107 ostrza: 5 mm<br \/>\nMateria\u0142 ostrza: stal nierdzewna molibdenowo-wanadowa<br \/>\nTwardo\u015b\u0107: 56\/58 HRc<br \/>\nMateria\u0142 r\u0119koje\u015bci: r\u00f3g jelenia<br \/>\nMateria\u0142 pokrywy: mosi\u0105dz<br \/>\nMateria\u0142 guzika: mosi\u0105dz<br \/>\nMateria\u0142 os\u0142ony: najwy\u017cszej jako\u015bci br\u0105zowa sk\u00f3ra<br \/>\nDodatkowo: Rowek na ostrzu.<\/p>\n<p>Kabura jest gotowa do noszenia na pasku zapinana na klamr\u0119.<\/p>\n<p>&nbsp;<\/p>\n","protected":false},"excerpt":{"rendered":"<p><strong>DUQUE-25E to n\u00f3\u017c wyka\u0144czaj\u0105cy; Producent no\u017cy rzemie\u015blniczych i no\u017cy sk\u0142adanych Manufacturas Muela przedstawia n\u00f3\u017c wyka\u0144czaj\u0105cy DUQUE-25E w ramach rodziny NO\u017bY MY\u015aLIWSKICH I SPORTOWYCH.<\/strong><\/p>\n<p><strong>Bezp\u0142atny transport.<\/strong><\/p>\n","protected":false},"featured_media":353274,"comment_status":"open","ping_status":"closed","template":"","meta":[],"pwb-brand":[3912],"product_brand":[],"product_cat":[3296,3297],"product_tag":[3671],"class_list":{"0":"post-353288","1":"product","2":"type-product","3":"status-publish","4":"has-post-thumbnail","6":"pwb-brand-musiala","7":"product_cat-noze-pl","8":"product_cat-solidne-noze","9":"product_tag-b2b-pl","11":"first","12":"instock","13":"taxable","14":"shipping-taxable","15":"purchasable","16":"product-type-simple"},"brands":[{"id":3912,"name":"Musia\u0142a","slug":"musiala"}],"_links":{"self":[{"href":"https:\/\/www.moskito.cz\/pl\/wp-json\/wp\/v2\/product\/353288","targetHints":{"allow":["GET"]}}],"collection":[{"href":"https:\/\/www.moskito.cz\/pl\/wp-json\/wp\/v2\/product"}],"about":[{"href":"https:\/\/www.moskito.cz\/pl\/wp-json\/wp\/v2\/types\/product"}],"replies":[{"embeddable":true,"href":"https:\/\/www.moskito.cz\/pl\/wp-json\/wp\/v2\/comments?post=353288"}],"wp:featuredmedia":[{"embeddable":true,"href":"https:\/\/www.moskito.cz\/pl\/wp-json\/wp\/v2\/media\/353274"}],"wp:attachment":[{"href":"https:\/\/www.moskito.cz\/pl\/wp-json\/wp\/v2\/media?parent=353288"}],"wp:term":[{"taxonomy":"pwb-brand","embeddable":true,"href":"https:\/\/www.moskito.cz\/pl\/wp-json\/wp\/v2\/pwb-brand?post=353288"},{"taxonomy":"product_brand","embeddable":true,"href":"https:\/\/www.moskito.cz\/pl\/wp-json\/wp\/v2\/product_brand?post=353288"},{"taxonomy":"product_cat","embeddable":true,"href":"https:\/\/www.moskito.cz\/pl\/wp-json\/wp\/v2\/product_cat?post=353288"},{"taxonomy":"product_tag","embeddable":true,"href":"https:\/\/www.moskito.cz\/pl\/wp-json\/wp\/v2\/product_tag?post=353288"}],"curies":[{"name":"wp","href":"https:\/\/api.w.org\/{rel}","templated":true}]}}