{"id":353330,"date":"2024-07-18T08:42:19","date_gmt":"2024-07-18T07:42:19","guid":{"rendered":"https:\/\/www.moskito.cz\/produkt\/solidny-noz-muela-lenador-25r\/"},"modified":"2025-05-07T11:21:52","modified_gmt":"2025-05-07T10:21:52","slug":"solidny-noz-muela-lenador-25r","status":"publish","type":"product","link":"https:\/\/www.moskito.cz\/pl\/produkt\/solidny-noz-muela-lenador-25r\/","title":{"rendered":"Solidny n\u00f3\u017c Muela LE\u00d1ADOR-25R"},"content":{"rendered":"<p>Solidny n\u00f3\u017c <strong>Muela<\/strong> LE\u00d1ADOR-25R.<\/p>\n<p>N\u00f3\u017c o du\u017cych gabarytach hiszpa\u0144skiej firmy Muela, kt\u00f3ry zas\u0142uguje na swoj\u0105 nazw\u0119, Le\u0148ador w t\u0142umaczeniu oznacza drwal i nie ma w\u0105tpliwo\u015bci, \u017ce tym no\u017cem nie ma problemu ze \u015bci\u0119ciem ka\u017cdego drzewa. Najlepiej sprawdzi si\u0119 podczas pieszych w\u0119dr\u00f3wek i sp\u0119dzania czasu na \u0142onie natury, gdzie b\u0119dzie nie tylko bezkompromisowym narz\u0119dziem pracy, ale tak\u017ce stylowym dodatkiem. Jest to r\u00f3wnie\u017c wspania\u0142y przedmiot dla kolekcjonera no\u017cy.<\/p>\n<p>Nowy n\u00f3\u017c my\u015bliwski lub maczeta Muela, ostrze ze stali Mova 1.4116 polerowane na lustro, obrobione maszynowo, ca\u0142o\u015b\u0107 jednocz\u0119\u015bciowa, mosi\u0119\u017cne gniazdo z r\u0119koje\u015bci\u0105 z sekwoi, nitowane z mosi\u0105dzu, z wysokiej jako\u015bci sk\u00f3rzan\u0105 pochw\u0105 i pude\u0142kiem prezentacyjnym.<\/p>\n<p>N\u00f3\u017c Muela z pe\u0142nym ostrzem wykonany ze stali nierdzewnej molibdenowo-wanadowej z powierzchni\u0105 polerowan\u0105 na lustrzany po\u0142ysk.<\/p>\n<p>R\u0119koje\u015b\u0107 z mosi\u0119\u017cn\u0105 os\u0142on\u0105.<\/p>\n<p>R\u0119koje\u015b\u0107 z drewna Palorrojo z mosi\u0119\u017cnymi nitami.<\/p>\n<p>Otw\u00f3r na lin\u0119 zabezpieczaj\u0105c\u0105.<\/p>\n<p>Zawiera wysokiej jako\u015bci br\u0105zowe sk\u00f3rzane etui + pude\u0142ko<\/p>\n<p>D\u0142ugo\u015b\u0107 ostrza: 25 cm<\/p>\n<p>D\u0142ugo\u015b\u0107 ca\u0142kowita: 38,5 cm<\/p>\n<p>&nbsp;<\/p>\n<p>&nbsp;<\/p>\n<p>&nbsp;<\/p>\n","protected":false},"excerpt":{"rendered":"<p><strong>Nowy n\u00f3\u017c my\u015bliwski lub maczeta Muela, ostrze ze stali Mova 1.4116 polerowane na lustro, obrobione maszynowo, ca\u0142o\u015b\u0107 jednocz\u0119\u015bciowa, mosi\u0119\u017cne gniazdo z r\u0119koje\u015bci\u0105 z sekwoi, nitowane z mosi\u0105dzu, z wysokiej jako\u015bci sk\u00f3rzan\u0105 pochw\u0105 i pude\u0142kiem prezentacyjnym.<\/strong><\/p>\n<p><strong>Bezp\u0142atny transport.<\/strong><\/p>\n","protected":false},"featured_media":353306,"comment_status":"open","ping_status":"closed","template":"","meta":[],"pwb-brand":[3912],"product_brand":[],"product_cat":[3297,3296],"product_tag":[3671],"class_list":{"0":"post-353330","1":"product","2":"type-product","3":"status-publish","4":"has-post-thumbnail","6":"pwb-brand-musiala","7":"product_cat-solidne-noze","8":"product_cat-noze-pl","9":"product_tag-b2b-pl","11":"first","12":"instock","13":"taxable","14":"shipping-taxable","15":"purchasable","16":"product-type-simple"},"brands":[{"id":3912,"name":"Musia\u0142a","slug":"musiala"}],"_links":{"self":[{"href":"https:\/\/www.moskito.cz\/pl\/wp-json\/wp\/v2\/product\/353330","targetHints":{"allow":["GET"]}}],"collection":[{"href":"https:\/\/www.moskito.cz\/pl\/wp-json\/wp\/v2\/product"}],"about":[{"href":"https:\/\/www.moskito.cz\/pl\/wp-json\/wp\/v2\/types\/product"}],"replies":[{"embeddable":true,"href":"https:\/\/www.moskito.cz\/pl\/wp-json\/wp\/v2\/comments?post=353330"}],"wp:featuredmedia":[{"embeddable":true,"href":"https:\/\/www.moskito.cz\/pl\/wp-json\/wp\/v2\/media\/353306"}],"wp:attachment":[{"href":"https:\/\/www.moskito.cz\/pl\/wp-json\/wp\/v2\/media?parent=353330"}],"wp:term":[{"taxonomy":"pwb-brand","embeddable":true,"href":"https:\/\/www.moskito.cz\/pl\/wp-json\/wp\/v2\/pwb-brand?post=353330"},{"taxonomy":"product_brand","embeddable":true,"href":"https:\/\/www.moskito.cz\/pl\/wp-json\/wp\/v2\/product_brand?post=353330"},{"taxonomy":"product_cat","embeddable":true,"href":"https:\/\/www.moskito.cz\/pl\/wp-json\/wp\/v2\/product_cat?post=353330"},{"taxonomy":"product_tag","embeddable":true,"href":"https:\/\/www.moskito.cz\/pl\/wp-json\/wp\/v2\/product_tag?post=353330"}],"curies":[{"name":"wp","href":"https:\/\/api.w.org\/{rel}","templated":true}]}}