{"id":353386,"date":"2024-07-18T09:06:45","date_gmt":"2024-07-18T08:07:58","guid":{"rendered":"https:\/\/www.moskito.cz\/produkt\/naprawiono-noz-muela-criollo-20r\/"},"modified":"2025-05-07T11:21:54","modified_gmt":"2025-05-07T10:21:54","slug":"naprawiono-noz-muela-criollo-20r","status":"publish","type":"product","link":"https:\/\/www.moskito.cz\/pl\/produkt\/naprawiono-noz-muela-criollo-20r\/","title":{"rendered":"Naprawiono n\u00f3\u017c Muela CRIOLLO-20R"},"content":{"rendered":"<p>Naprawiono n\u00f3\u017c <strong>Muela<\/strong> CRIOLLO-20R.<\/p>\n<p>N\u00f3\u017c sportowy Muela model CRIOLLO w stylu country z ostrzem molibdenowo-wanadowym, jednocz\u0119\u015bciow\u0105 r\u0119koje\u015bci\u0105 z palisandru. W zestawie br\u0105zowa sk\u00f3rzana kabura z szerok\u0105 szlufk\u0105 na pasek.<\/p>\n<p>Kolor ostrza: srebrny<br \/>\nTyp ostrza: G\u0142adkie<br \/>\nMateria\u0142 r\u0119koje\u015bci: T\u0142oczone drewno koralowe<br \/>\nMateria\u0142 ostrza: stal molibdenowo-wanadowa<br \/>\nD\u0142ugo\u015b\u0107 ostrza: 20,5 cm<br \/>\nD\u0142ugo\u015b\u0107 ca\u0142kowita: 32,5 cm<\/p>\n<p>&nbsp;<\/p>\n<p>&nbsp;<\/p>\n","protected":false},"excerpt":{"rendered":"<p><strong>N\u00f3\u017c sportowy Muela model CRIOLLO w stylu country z ostrzem molibdenowo-wanadowym, jednocz\u0119\u015bciow\u0105 r\u0119koje\u015bci\u0105 z palisandru. W zestawie br\u0105zowa sk\u00f3rzana kabura z szerok\u0105 szlufk\u0105 na pasek.<\/strong><\/p>\n","protected":false},"featured_media":353394,"comment_status":"open","ping_status":"closed","template":"","meta":[],"pwb-brand":[3912],"product_brand":[],"product_cat":[3296,3297],"product_tag":[3671],"class_list":{"0":"post-353386","1":"product","2":"type-product","3":"status-publish","4":"has-post-thumbnail","6":"pwb-brand-musiala","7":"product_cat-noze-pl","8":"product_cat-solidne-noze","9":"product_tag-b2b-pl","11":"first","12":"instock","13":"taxable","14":"shipping-taxable","15":"purchasable","16":"product-type-simple"},"brands":[{"id":3912,"name":"Musia\u0142a","slug":"musiala"}],"_links":{"self":[{"href":"https:\/\/www.moskito.cz\/pl\/wp-json\/wp\/v2\/product\/353386","targetHints":{"allow":["GET"]}}],"collection":[{"href":"https:\/\/www.moskito.cz\/pl\/wp-json\/wp\/v2\/product"}],"about":[{"href":"https:\/\/www.moskito.cz\/pl\/wp-json\/wp\/v2\/types\/product"}],"replies":[{"embeddable":true,"href":"https:\/\/www.moskito.cz\/pl\/wp-json\/wp\/v2\/comments?post=353386"}],"wp:featuredmedia":[{"embeddable":true,"href":"https:\/\/www.moskito.cz\/pl\/wp-json\/wp\/v2\/media\/353394"}],"wp:attachment":[{"href":"https:\/\/www.moskito.cz\/pl\/wp-json\/wp\/v2\/media?parent=353386"}],"wp:term":[{"taxonomy":"pwb-brand","embeddable":true,"href":"https:\/\/www.moskito.cz\/pl\/wp-json\/wp\/v2\/pwb-brand?post=353386"},{"taxonomy":"product_brand","embeddable":true,"href":"https:\/\/www.moskito.cz\/pl\/wp-json\/wp\/v2\/product_brand?post=353386"},{"taxonomy":"product_cat","embeddable":true,"href":"https:\/\/www.moskito.cz\/pl\/wp-json\/wp\/v2\/product_cat?post=353386"},{"taxonomy":"product_tag","embeddable":true,"href":"https:\/\/www.moskito.cz\/pl\/wp-json\/wp\/v2\/product_tag?post=353386"}],"curies":[{"name":"wp","href":"https:\/\/api.w.org\/{rel}","templated":true}]}}