{"id":353498,"date":"2024-07-18T09:40:46","date_gmt":"2024-07-18T08:42:18","guid":{"rendered":"https:\/\/www.moskito.cz\/produkt\/solidny-noz-muela-sarrio-19a\/"},"modified":"2025-05-07T11:21:56","modified_gmt":"2025-05-07T10:21:56","slug":"solidny-noz-muela-sarrio-19a","status":"publish","type":"product","link":"https:\/\/www.moskito.cz\/pl\/produkt\/solidny-noz-muela-sarrio-19a\/","title":{"rendered":"Solidny n\u00f3\u017c Muela SARRIO-19A"},"content":{"rendered":"<p>Solidny n\u00f3\u017c <strong>Muela<\/strong> SARRIO-19A<\/p>\n<p><strong>SARRIO-19A<\/strong> oryginalny n\u00f3\u017c my\u015bliwski hiszpa\u0144skiej firmy Muela ze sta\u0142\u0105 kling\u0105. Wykonane ze stali molibdenowo-wanadowej (MoVa). Zaprojektowany z my\u015bl\u0105 o mi\u0142o\u015bnikach polowa\u0144, \u015bwietnie sprawdzi si\u0119 tak\u017ce podczas survivalowych i wypad\u00f3w za miasto. Sztucznie przetworzone, mocne, wytrzymuje prac\u0119.<\/p>\n<p>G\u0142ownia &#8211; grubo\u015bci ok. 4.5 mm o profilu Bowie, pokryta antyrefleksyjn\u0105 warstw\u0105 Satin Finish (p\u00f3\u0142mat) eliminuj\u0105c\u0105 odblaski. Wykonane z hartowanej 57-58 HRC, wytrzyma\u0142ej stali nierdzewnej molibdenowo-wanadowej X50CrMoV15. Ostrze charakteryzuje si\u0119 dobrymi w\u0142a\u015bciwo\u015bciami mechanicznymi i d\u0142ugim ostrzeniem. Ostrze g\u0142adkie Plain wyprowadzono szlifem pe\u0142nym p\u0142askim (Full Flat Grind), kt\u00f3ry umo\u017cliwia ci\u0119cie ca\u0142\u0105 powierzchni\u0105 tn\u0105c\u0105 jak i ultracienk\u0105 ko\u0144c\u00f3wk\u0105 oraz zmniejsza wag\u0119 no\u017ca. Obustronne mosi\u0119\u017cne czubek zapobiega \u015blizganiu si\u0119 d\u0142oni na ostrzu, zapewnia pewne podparcie kciuka.<\/p>\n<p>R\u0119koje\u015b\u0107 &#8211; pokryta naturalnym poro\u017cem jelenia (jelenia), zapewnia ekskluzywny wygl\u0105d i wygodny, pewny chwyt. Zako\u0144czenie r\u0119koje\u015bci zako\u0144czone jest mosi\u0119\u017cn\u0105 g\u0142\u00f3wk\u0105.<\/p>\n<p>Etui &#8211; wykonane ze sk\u00f3ry naturalnej w kolorze br\u0105zowym. Pochwa z wyt\u0142oczonym logo producenta. Brzegi pochwy obszyto ozdobn\u0105 nici\u0105. Mocowanie do paska lub przystawka umo\u017cliwia noszenie no\u017ca w pozycji pionowej.<\/p>\n<p>Specyfikacja techniczna:<br \/>\nNumer produktu: SARRIO-19A<br \/>\nRodzaj stali: X50CrMoV15<br \/>\nD\u0142ugo\u015b\u0107 ostrza: 19,5 cm \/ 7,68&#8243;<br \/>\nGrubo\u015b\u0107 ostrza: 0,45 cm \/ 0,16&#8243;<br \/>\nD\u0142ugo\u015b\u0107 ca\u0142kowita: 32,8 cm \/ 12,91 cala<br \/>\nWaga: 300,0 g \/ 10,58 uncji<br \/>\nTyp kraw\u0119dzi: G\u0142adka<br \/>\nTyp ostrza: Bowie<br \/>\nRodzaj ci\u0119cia: P\u0142askie, pe\u0142ne<br \/>\nPodk\u0142adki na r\u0119koje\u015bci: Jele\u0144 jelenia (poro\u017ce jelenia)<br \/>\nPochwa: Sk\u00f3ra<br \/>\nProducent: Muela, Hiszpania<\/p>\n<p>&nbsp;<\/p>\n","protected":false},"excerpt":{"rendered":"<p><strong>SARRIO-19A oryginalny n\u00f3\u017c my\u015bliwski hiszpa\u0144skiej firmy Muela ze sta\u0142\u0105 kling\u0105. Wykonane ze stali molibdenowo-wanadowej (MoVa). Zaprojektowany z my\u015bl\u0105 o mi\u0142o\u015bnikach polowa\u0144, \u015bwietnie sprawdzi si\u0119 tak\u017ce podczas survivalowych i wypadowych wypad\u00f3w. Sztucznie przetworzone, mocne, wytrzymuje prac\u0119.<\/strong><\/p>\n<p><strong>Bezp\u0142atny transport.<\/strong><\/p>\n","protected":false},"featured_media":353451,"comment_status":"open","ping_status":"closed","template":"","meta":[],"pwb-brand":[3912],"product_brand":[],"product_cat":[3296,3297],"product_tag":[3671],"class_list":{"0":"post-353498","1":"product","2":"type-product","3":"status-publish","4":"has-post-thumbnail","6":"pwb-brand-musiala","7":"product_cat-noze-pl","8":"product_cat-solidne-noze","9":"product_tag-b2b-pl","11":"first","12":"outofstock","13":"taxable","14":"shipping-taxable","15":"purchasable","16":"product-type-simple"},"brands":[{"id":3912,"name":"Musia\u0142a","slug":"musiala"}],"_links":{"self":[{"href":"https:\/\/www.moskito.cz\/pl\/wp-json\/wp\/v2\/product\/353498","targetHints":{"allow":["GET"]}}],"collection":[{"href":"https:\/\/www.moskito.cz\/pl\/wp-json\/wp\/v2\/product"}],"about":[{"href":"https:\/\/www.moskito.cz\/pl\/wp-json\/wp\/v2\/types\/product"}],"replies":[{"embeddable":true,"href":"https:\/\/www.moskito.cz\/pl\/wp-json\/wp\/v2\/comments?post=353498"}],"wp:featuredmedia":[{"embeddable":true,"href":"https:\/\/www.moskito.cz\/pl\/wp-json\/wp\/v2\/media\/353451"}],"wp:attachment":[{"href":"https:\/\/www.moskito.cz\/pl\/wp-json\/wp\/v2\/media?parent=353498"}],"wp:term":[{"taxonomy":"pwb-brand","embeddable":true,"href":"https:\/\/www.moskito.cz\/pl\/wp-json\/wp\/v2\/pwb-brand?post=353498"},{"taxonomy":"product_brand","embeddable":true,"href":"https:\/\/www.moskito.cz\/pl\/wp-json\/wp\/v2\/product_brand?post=353498"},{"taxonomy":"product_cat","embeddable":true,"href":"https:\/\/www.moskito.cz\/pl\/wp-json\/wp\/v2\/product_cat?post=353498"},{"taxonomy":"product_tag","embeddable":true,"href":"https:\/\/www.moskito.cz\/pl\/wp-json\/wp\/v2\/product_tag?post=353498"}],"curies":[{"name":"wp","href":"https:\/\/api.w.org\/{rel}","templated":true}]}}