{"id":353650,"date":"2023-07-17T13:53:31","date_gmt":"2024-07-19T08:36:28","guid":{"rendered":"https:\/\/www.moskito.cz\/produkt\/naprawiono-noz-muela-mirage-18\/"},"modified":"2025-05-07T11:22:03","modified_gmt":"2025-05-07T10:22:03","slug":"naprawiono-noz-muela-mirage-18","status":"publish","type":"product","link":"https:\/\/www.moskito.cz\/pl\/produkt\/naprawiono-noz-muela-mirage-18\/","title":{"rendered":"Naprawiono n\u00f3\u017c Muela MIRAGE-18"},"content":{"rendered":"<p>Naprawiono n\u00f3\u017c <strong>Muela<\/strong> MIRAGE-18<\/p>\n<p>Uniwersalny n\u00f3\u017c <strong>MIRAGE-18<\/strong> ze sta\u0142\u0105 kling\u0105, kt\u00f3ry przypadnie Ci do gustu od pierwszego wejrzenia. Seria MIRAGE to jeden z najbardziej znanych no\u017cy hiszpa\u0144skiej firmy Muela. Niezwykle wszechstronny z masywnym ostrzem, poradzi sobie z ka\u017cd\u0105 prac\u0105 w ka\u017cdych warunkach bez uprzedze\u0144. Doskona\u0142y n\u00f3\u017c survivalowy, sprawdzi si\u0119 jako n\u00f3\u017c taktyczny i my\u015bliwski na kempingu.<\/p>\n<p>G\u0142ownia &#8211; o profilu Clip Point, grubo\u015b\u0107 4.6 mm. Wykonane z odpornej na korozj\u0119, wytrzyma\u0142ej stali nierdzewnej 420H o podwy\u017cszonej zawarto\u015bci w\u0119gla i du\u017cej udarno\u015bci, utwardzanej w przedziale 54-58 HRC. Kling\u0119 pokryto antyrefleksyjn\u0105 warstw\u0105 Satin Finish (p\u00f3\u0142mat), kt\u00f3ra eliminuje odblaski. Ostrze g\u0142adkie typu Plain wykonane szlifem wkl\u0119s\u0142ym (Hollow grind) zapewnia dobre w\u0142a\u015bciwo\u015bci tn\u0105ce. Obustronna os\u0142ona krzy\u017cowa u nasady ostrza zapobiega ze\u015blizgiwaniu si\u0119 d\u0142oni na ostrze.<\/p>\n<p>&nbsp;<\/p>\n<p>R\u0119koje\u015b\u0107 &#8211; pokryta elastyczn\u0105 rade\u0142kowan\u0105 os\u0142on\u0105 z elastomeru w kolorze czarnym. Mi\u0119kka gumowa r\u0119koje\u015b\u0107 gwarantuje bardzo dobry chwyt, n\u00f3\u017c nie wy\u015blizguje si\u0119 z d\u0142oni, a pewny i pewny chwyt pozwala na precyzyjne ruchy no\u017cem. Z ty\u0142u r\u0119koje\u015bci znajduje si\u0119 powi\u0119kszony otw\u00f3r na link\u0119.<\/p>\n<p>&nbsp;<\/p>\n<p>Etui &#8211; czarne. Wykonane ze sk\u00f3ry naturalnej, mocowane na zatrzask umo\u017cliwiaj\u0105cy bezpieczne przenoszenie no\u017ca. Brzegi pochwy obszyto ozdobn\u0105 nici\u0105. Z przodu wyt\u0142oczone logo producenta. Pochwa mocowana jest do paska lub akcesorium, kt\u00f3re umo\u017cliwia noszenie no\u017ca w pozycji pionowej.<\/p>\n<p>Dane techniczne:<br \/>\nNumer produktu: MIRAGE-18<br \/>\nRodzaj stali: 420H<br \/>\nD\u0142ugo\u015b\u0107 ostrza: 18 cm<br \/>\nGrubo\u015b\u0107 ostrza: 0,46 cm<br \/>\nD\u0142ugo\u015b\u0107 ca\u0142kowita: 30,3 cm<br \/>\nWaga: 353 g \/ 12,45 uncji<br \/>\nOstrze: zwyk\u0142e<br \/>\nTyp ostrza: Clip Point<br \/>\nRodzaj ci\u0119cia: Wkl\u0119s\u0142y<br \/>\nTyp uchwytu: Thermorun<br \/>\nPochwa: Sk\u00f3ra<br \/>\nProducent: Muela, Hiszpania<\/p>\n<p>&nbsp;<\/p>\n","protected":false},"excerpt":{"rendered":"<p><strong>Uniwersalny n\u00f3\u017c MIRAGE-18 ze sta\u0142\u0105 kling\u0105, kt\u00f3ry przypadnie Ci do gustu od pierwszego wejrzenia. Seria MIRAGE to jeden z najbardziej znanych no\u017cy hiszpa\u0144skiej firmy Muela.<\/strong><\/p>\n","protected":false},"featured_media":353651,"comment_status":"open","ping_status":"closed","template":"","meta":[],"pwb-brand":[3912],"product_brand":[],"product_cat":[3297,3296],"product_tag":[3671],"class_list":{"0":"post-353650","1":"product","2":"type-product","3":"status-publish","4":"has-post-thumbnail","6":"pwb-brand-musiala","7":"product_cat-solidne-noze","8":"product_cat-noze-pl","9":"product_tag-b2b-pl","11":"first","12":"outofstock","13":"taxable","14":"shipping-taxable","15":"purchasable","16":"product-type-simple"},"brands":[{"id":3912,"name":"Musia\u0142a","slug":"musiala"}],"_links":{"self":[{"href":"https:\/\/www.moskito.cz\/pl\/wp-json\/wp\/v2\/product\/353650","targetHints":{"allow":["GET"]}}],"collection":[{"href":"https:\/\/www.moskito.cz\/pl\/wp-json\/wp\/v2\/product"}],"about":[{"href":"https:\/\/www.moskito.cz\/pl\/wp-json\/wp\/v2\/types\/product"}],"replies":[{"embeddable":true,"href":"https:\/\/www.moskito.cz\/pl\/wp-json\/wp\/v2\/comments?post=353650"}],"wp:featuredmedia":[{"embeddable":true,"href":"https:\/\/www.moskito.cz\/pl\/wp-json\/wp\/v2\/media\/353651"}],"wp:attachment":[{"href":"https:\/\/www.moskito.cz\/pl\/wp-json\/wp\/v2\/media?parent=353650"}],"wp:term":[{"taxonomy":"pwb-brand","embeddable":true,"href":"https:\/\/www.moskito.cz\/pl\/wp-json\/wp\/v2\/pwb-brand?post=353650"},{"taxonomy":"product_brand","embeddable":true,"href":"https:\/\/www.moskito.cz\/pl\/wp-json\/wp\/v2\/product_brand?post=353650"},{"taxonomy":"product_cat","embeddable":true,"href":"https:\/\/www.moskito.cz\/pl\/wp-json\/wp\/v2\/product_cat?post=353650"},{"taxonomy":"product_tag","embeddable":true,"href":"https:\/\/www.moskito.cz\/pl\/wp-json\/wp\/v2\/product_tag?post=353650"}],"curies":[{"name":"wp","href":"https:\/\/api.w.org\/{rel}","templated":true}]}}