{"id":353707,"date":"2024-07-19T09:49:09","date_gmt":"2024-07-19T08:50:23","guid":{"rendered":"https:\/\/www.moskito.cz\/produkt\/naprawiony-noz-muela-bw-classic-19g\/"},"modified":"2025-05-07T11:22:04","modified_gmt":"2025-05-07T10:22:04","slug":"naprawiony-noz-muela-bw-classic-19g","status":"publish","type":"product","link":"https:\/\/www.moskito.cz\/pl\/produkt\/naprawiony-noz-muela-bw-classic-19g\/","title":{"rendered":"Naprawiony n\u00f3\u017c Muela BW-CLASSIC-19G"},"content":{"rendered":"<p>Naprawiono n\u00f3\u017c <strong>Muela<\/strong> BW-CLASSIC-19G.<\/p>\n<p><strong>Muela BW-Classic-19G<\/strong> Zielona Juta Micarta, Satyna, Du\u017cy N\u00f3\u017c Outdoorowy. Ostrze ze stali nierdzewnej X50CrMoV15 z satynowym wyko\u0144czeniem. Wygodna r\u0119koje\u015b\u0107 z jutowej micarty. Doskona\u0142y pomocnik podczas polowa\u0144, zaj\u0119\u0107 na \u015bwie\u017cym powietrzu lub przetrwania.<\/p>\n<p>1.4116 (X50CrMoV15) &#8211; wysokow\u0119glowa martenzytyczna stal nierdzewna molibdenowo-wanadowa, charakteryzuj\u0105ca si\u0119 wysok\u0105 odporno\u015bci\u0105 na korozj\u0119 i zu\u017cycie. Wykorzystuje si\u0119 go do produkcji no\u017cy, najnowocze\u015bniejszych sztu\u0107c\u00f3w i narz\u0119dzi chirurgicznych. Charakteryzuje si\u0119 stosunkowo du\u017c\u0105 twardo\u015bci\u0105 jak na stale nierdzewne rz\u0119du 57-58 HRC. Sk\u0142ad chemiczny stali wzbogacony jest domieszk\u0105 15,0% chromu, 0,80% molibdenu, 0,20% wanadu.<\/p>\n<p>G\u0142ownia &#8211; typu Clip Point (Bowie) z wyra\u017anie zaznaczonym brzuchem ostrza. Ostrze g\u0142adkie wyprowadzono ze szlifu Flat Grind, kt\u00f3ry zapewnia doskona\u0142e w\u0142a\u015bciwo\u015bci tn\u0105ce w po\u0142\u0105czeniu z doskona\u0142\u0105 trwa\u0142o\u015bci\u0105. Obustronna stalowa r\u0119koje\u015b\u0107 u nasady ostrza zabezpiecza d\u0142o\u0144 przed \u015blizganiem si\u0119 po ostrzu.<\/p>\n<p>R\u0119koje\u015b\u0107 &#8211; profilowana, pokryta polerowan\u0105, wodoodporn\u0105 r\u0119koje\u015bci\u0105 z jutowej micarty. Zapewnia wygodny i pewny chwyt. Nity mocuj\u0105ce os\u0142ony uchwyt\u00f3w wykonane s\u0105 z mosi\u0105dzu wysokoniklowego. Otw\u00f3r na smycz zabezpiecza j\u0105 w tylnej cz\u0119\u015bci r\u0119koje\u015bci.<\/p>\n<p>Pochwa &#8211; wykonana z dobrze garbowanej naturalnej sk\u00f3ry bydl\u0119cej w kolorze br\u0105zowym. Na powierzchni wyt\u0142oczone logo producenta. Pochwa przeszyta na brzegach ozdobn\u0105 nici\u0105. Zamontowanie go na pasku lub sprz\u0119cie pozwala na noszenie no\u017ca w pozycji pionowej.<\/p>\n<p>Dane techniczne:<br \/>\nNumer produktu: BW-Classic-19G<br \/>\nNazwa produktu: Muela BW-Classic-19G Zielona Juta Micarta, Satyna<\/p>\n<p>D\u0142ugo\u015b\u0107 ca\u0142kowita: 31 cm \/ 12,2 cala<br \/>\nD\u0142ugo\u015b\u0107 ostrza: 19 cm \/ 7,48 cala<br \/>\nGrubo\u015b\u0107 ostrza: 0,45 cm \/ 0,18&#8243;<br \/>\nD\u0142ugo\u015b\u0107 r\u0119koje\u015bci: b.d<br \/>\nGrubo\u015b\u0107 r\u0119koje\u015bci: b.d<br \/>\nWaga: 364,0 g \/ 12,8 uncji<\/p>\n<p>Materia\u0142 ostrza: X50CrMoV15<br \/>\nTwardo\u015b\u0107 ostrza: b.d<br \/>\nSzlif ostrza: p\u0142aski<br \/>\nObr\u00f3bka powierzchni ostrza: satyna<\/p>\n<p>Materia\u0142 r\u0119koje\u015bci: Juta Micarta<br \/>\nKolor wyko\u0144czenia uchwytu: zielony<\/p>\n<p>Pochwa (kabura): Sk\u00f3ra<br \/>\nInne akcesoria: Brak<\/p>\n<p>Projektant: Muela<br \/>\nNazwa marki: Muela<br \/>\nProducent: Manufacturas Muela, SA<br \/>\nKraj pochodzenia: Hiszpania<\/p>\n<p>&nbsp;<\/p>\n","protected":false},"excerpt":{"rendered":"<p><strong>Muela BW-Classic-19G Zielona Juta Micarta, Satyna, Du\u017cy N\u00f3\u017c Outdoorowy z Pochw\u0105.<\/strong><\/p>\n","protected":false},"featured_media":353668,"comment_status":"open","ping_status":"closed","template":"","meta":[],"pwb-brand":[3912],"product_brand":[],"product_cat":[3296,3297],"product_tag":[],"class_list":{"0":"post-353707","1":"product","2":"type-product","3":"status-publish","4":"has-post-thumbnail","6":"pwb-brand-musiala","7":"product_cat-noze-pl","8":"product_cat-solidne-noze","10":"first","11":"instock","12":"taxable","13":"shipping-taxable","14":"purchasable","15":"product-type-simple"},"brands":[{"id":3912,"name":"Musia\u0142a","slug":"musiala"}],"_links":{"self":[{"href":"https:\/\/www.moskito.cz\/pl\/wp-json\/wp\/v2\/product\/353707","targetHints":{"allow":["GET"]}}],"collection":[{"href":"https:\/\/www.moskito.cz\/pl\/wp-json\/wp\/v2\/product"}],"about":[{"href":"https:\/\/www.moskito.cz\/pl\/wp-json\/wp\/v2\/types\/product"}],"replies":[{"embeddable":true,"href":"https:\/\/www.moskito.cz\/pl\/wp-json\/wp\/v2\/comments?post=353707"}],"wp:featuredmedia":[{"embeddable":true,"href":"https:\/\/www.moskito.cz\/pl\/wp-json\/wp\/v2\/media\/353668"}],"wp:attachment":[{"href":"https:\/\/www.moskito.cz\/pl\/wp-json\/wp\/v2\/media?parent=353707"}],"wp:term":[{"taxonomy":"pwb-brand","embeddable":true,"href":"https:\/\/www.moskito.cz\/pl\/wp-json\/wp\/v2\/pwb-brand?post=353707"},{"taxonomy":"product_brand","embeddable":true,"href":"https:\/\/www.moskito.cz\/pl\/wp-json\/wp\/v2\/product_brand?post=353707"},{"taxonomy":"product_cat","embeddable":true,"href":"https:\/\/www.moskito.cz\/pl\/wp-json\/wp\/v2\/product_cat?post=353707"},{"taxonomy":"product_tag","embeddable":true,"href":"https:\/\/www.moskito.cz\/pl\/wp-json\/wp\/v2\/product_tag?post=353707"}],"curies":[{"name":"wp","href":"https:\/\/api.w.org\/{rel}","templated":true}]}}