{"id":353990,"date":"2024-08-05T21:44:28","date_gmt":"2024-08-05T20:45:23","guid":{"rendered":"https:\/\/www.moskito.cz\/produkt\/noz-strzelecki-microtech-ludt-gen-iii-stonewashed-1136-10bl\/"},"modified":"2025-05-07T11:22:08","modified_gmt":"2025-05-07T10:22:08","slug":"noz-strzelecki-microtech-ludt-gen-iii-stonewashed-1136-10bl","status":"publish","type":"product","link":"https:\/\/www.moskito.cz\/pl\/produkt\/noz-strzelecki-microtech-ludt-gen-iii-stonewashed-1136-10bl\/","title":{"rendered":"N\u00f3\u017c strzelecki Microtech LUDT Gen III Stonewashed 1136-10BL"},"content":{"rendered":"<p>N\u00f3\u017c strzelecki <strong>Microtech<\/strong> LUDT Gen III Stonewashed 1136-10BL. Ulepszony <strong>LUDT<\/strong> zachowuje kultow\u0105 estetyk\u0119 swojego poprzednika, jednocze\u015bnie wprowadzaj\u0105c kilka znacz\u0105cych ulepsze\u0144. Przeprojektowany korpus zawiera wbudowan\u0105 ta\u015bm\u0119 trakcyjn\u0105 3M i dzia\u0142a na \u0142o\u017cyskach, co zapewnia jeszcze p\u0142ynniejsz\u0105 prac\u0119. Warto zauwa\u017cy\u0107, \u017ce nowa konstrukcja eliminuje zastrze\u017cony sprz\u0119t, umo\u017cliwiaj\u0105c u\u017cytkownikom \u0142atw\u0105 konserwacj\u0119 za pomoc\u0105 zwyk\u0142ych kluczy Torx. Ostrze zachowuje swoj\u0105 d\u0142ugo\u015b\u0107 3,5 cala, dzi\u0119ki czemu pozostaje tak samo wygodne w przenoszeniu, jak jego poprzednik. D\u0142ugo\u015b\u0107 ca\u0142kowita: 20,3 cm D\u0142ugo\u015b\u0107 po zamkni\u0119ciu: 11,4 cm D\u0142ugo\u015b\u0107 ostrza: 8,9 cm Wyko\u0144czenie ostrza: Stonewashed Styl ostrza: Tanto Styl kraw\u0119dzi: Zwyk\u0142y Materia\u0142 uchwytu: Niebieskie aluminium Klips do kieszeni Nr ref. #: 1136-10BL Kraj pochodzenia: USA https:\/\/youtu.be\/xE9TeOFYEjg  &nbsp;<\/p>\n","protected":false},"excerpt":{"rendered":"<p><strong>Przez lata Microtech\u00ae Knives wype\u0142nia\u0142 no\u017ce pasj\u0105 i umiej\u0119tno\u015bciami, aby tworzy\u0107 niemal dzie\u0142a sztuki, kt\u00f3re s\u0105 szczytem funkcjonalno\u015bci.Wszystkie cz\u0119\u015bci s\u0105 produkowane w USA.<\/strong><br \/>\n<strong>Wszystkie no\u017ce Microtech obj\u0119te s\u0105 do\u017cywotni\u0105 gwarancj\u0105.<\/strong><\/p>\n<p><strong>Bezp\u0142atny transport.<\/strong><\/p>\n","protected":false},"featured_media":353951,"comment_status":"open","ping_status":"closed","template":"","meta":[],"pwb-brand":[3279],"product_brand":[],"product_cat":[3296,3344],"product_tag":[3671],"class_list":{"0":"post-353990","1":"product","2":"type-product","3":"status-publish","4":"has-post-thumbnail","6":"pwb-brand-microtech-pl","7":"product_cat-noze-pl","8":"product_cat-noze-strzeleckie","9":"product_tag-b2b-pl","11":"first","12":"outofstock","13":"taxable","14":"shipping-taxable","15":"purchasable","16":"product-type-simple"},"brands":[{"id":3279,"name":"Microtech","slug":"microtech-pl"}],"_links":{"self":[{"href":"https:\/\/www.moskito.cz\/pl\/wp-json\/wp\/v2\/product\/353990","targetHints":{"allow":["GET"]}}],"collection":[{"href":"https:\/\/www.moskito.cz\/pl\/wp-json\/wp\/v2\/product"}],"about":[{"href":"https:\/\/www.moskito.cz\/pl\/wp-json\/wp\/v2\/types\/product"}],"replies":[{"embeddable":true,"href":"https:\/\/www.moskito.cz\/pl\/wp-json\/wp\/v2\/comments?post=353990"}],"wp:featuredmedia":[{"embeddable":true,"href":"https:\/\/www.moskito.cz\/pl\/wp-json\/wp\/v2\/media\/353951"}],"wp:attachment":[{"href":"https:\/\/www.moskito.cz\/pl\/wp-json\/wp\/v2\/media?parent=353990"}],"wp:term":[{"taxonomy":"pwb-brand","embeddable":true,"href":"https:\/\/www.moskito.cz\/pl\/wp-json\/wp\/v2\/pwb-brand?post=353990"},{"taxonomy":"product_brand","embeddable":true,"href":"https:\/\/www.moskito.cz\/pl\/wp-json\/wp\/v2\/product_brand?post=353990"},{"taxonomy":"product_cat","embeddable":true,"href":"https:\/\/www.moskito.cz\/pl\/wp-json\/wp\/v2\/product_cat?post=353990"},{"taxonomy":"product_tag","embeddable":true,"href":"https:\/\/www.moskito.cz\/pl\/wp-json\/wp\/v2\/product_tag?post=353990"}],"curies":[{"name":"wp","href":"https:\/\/api.w.org\/{rel}","templated":true}]}}