{"id":353996,"date":"2020-12-28T19:33:59","date_gmt":"2020-12-28T18:33:59","guid":{"rendered":"https:\/\/www.moskito.cz\/produkt\/noz-strzelecki-microtech-ultratech-121-2-t\/"},"modified":"2025-07-11T07:53:21","modified_gmt":"2025-07-11T06:53:21","slug":"noz-strzelecki-microtech-ultratech-121-2-t","status":"publish","type":"product","link":"https:\/\/www.moskito.cz\/pl\/produkt\/noz-strzelecki-microtech-ultratech-121-2-t\/","title":{"rendered":"N\u00f3\u017c strzelecki Microtech Ultratech 121-2 T"},"content":{"rendered":"<p>N\u00f3\u017c strzelecki <strong>Microtech Ultratech<\/strong> 121-2 T. N\u00f3\u017c strzelecki od przodu. N\u00f3\u017c strzelecki <strong>Microtech<\/strong> Ultratech 121-2 T wyposa\u017cony jest w cz\u0119\u015bciowo z\u0105bkowane ostrze. N\u00f3\u017c posiada r\u0119koje\u015b\u0107 z anodyzowanego aluminium 6061-T6 oraz wzmocnienie ze stali nierdzewnej. Microtech wyposa\u017cy\u0142 t\u0119 wersj\u0119 niezwykle popularnego no\u017ca Ultratech D\/A OTF w g\u0142adko wyprofilowan\u0105 konstrukcj\u0119 r\u0119koje\u015bci zwi\u0119kszaj\u0105c\u0105 komfort u\u017cytkowania. Ten zaktualizowany model ma te same wymiary, ale \u0142atwiej mie\u015bci si\u0119 w d\u0142oni i kieszeni. Dla tych, kt\u00f3rzy nie znaj\u0105 Ultratech, jest to w pe\u0142ni automatyczny n\u00f3\u017c z podw\u00f3jnym mechanizmem z przodu, co oznacza, \u017ce \u200b\u200bostrze sk\u0142ada si\u0119 i chowa kciukiem. N\u00f3\u017c Ultratech firmy Microtech wyznaczy\u0142 poprzeczk\u0119 dla wszystkich no\u017cy OTF. D\u0142ugo\u015b\u0107 ca\u0142kowita: 22 cm D\u0142ugo\u015b\u0107 ostrza: 8,6 cm Grubo\u015b\u0107 ostrza: 0,33 cm Materia\u0142 ostrza: 204P Styl ostrza: Drop Point Ostrza: P\u0142askie Materia\u0142 uchwytu: Aluminium Kolor czarny Waga: 3,60 uncji. U\u017cytkownik: Klips kieszonkowy po prawej stronie: Typ no\u017ca typu tip-down: Automatyczny otwieracz OTF podw\u00f3jnego dzia\u0142ania: Suwak kciukowy Marka: Microtech Model: Ultratech Numer modelu: 121-2 T Kraj pochodzenia: USA Najlepsze zastosowanie: Codziennie https:\/\/youtu. by\u0107 \/xE9TeOFYEjg?si=_cD7H1ukVfrw59MV  &nbsp;<\/p>\n","protected":false},"excerpt":{"rendered":"<p><strong>Przez lata Microtech\u00ae Knives wype\u0142nia\u0142 no\u017ce pasj\u0105 i umiej\u0119tno\u015bciami, aby tworzy\u0107 niemal dzie\u0142a sztuki, kt\u00f3re s\u0105 szczytem funkcjonalno\u015bci.Wszystkie cz\u0119\u015bci s\u0105 produkowane w USA.<\/strong><br \/>\n<strong>Wszystkie no\u017ce Microtech obj\u0119te s\u0105 do\u017cywotni\u0105 gwarancj\u0105.<\/strong><\/p>\n<p><strong>Bezp\u0142atny transport.<\/strong><\/p>\n","protected":false},"featured_media":178012,"comment_status":"open","ping_status":"closed","template":"","meta":[],"pwb-brand":[3279],"product_brand":[],"product_cat":[3344,3296],"product_tag":[3671],"class_list":{"0":"post-353996","1":"product","2":"type-product","3":"status-publish","4":"has-post-thumbnail","6":"pwb-brand-microtech-pl","7":"product_cat-noze-strzeleckie","8":"product_cat-noze-pl","9":"product_tag-b2b-pl","11":"first","12":"outofstock","13":"taxable","14":"shipping-taxable","15":"purchasable","16":"product-type-simple"},"brands":[{"id":3279,"name":"Microtech","slug":"microtech-pl"}],"_links":{"self":[{"href":"https:\/\/www.moskito.cz\/pl\/wp-json\/wp\/v2\/product\/353996","targetHints":{"allow":["GET"]}}],"collection":[{"href":"https:\/\/www.moskito.cz\/pl\/wp-json\/wp\/v2\/product"}],"about":[{"href":"https:\/\/www.moskito.cz\/pl\/wp-json\/wp\/v2\/types\/product"}],"replies":[{"embeddable":true,"href":"https:\/\/www.moskito.cz\/pl\/wp-json\/wp\/v2\/comments?post=353996"}],"wp:featuredmedia":[{"embeddable":true,"href":"https:\/\/www.moskito.cz\/pl\/wp-json\/wp\/v2\/media\/178012"}],"wp:attachment":[{"href":"https:\/\/www.moskito.cz\/pl\/wp-json\/wp\/v2\/media?parent=353996"}],"wp:term":[{"taxonomy":"pwb-brand","embeddable":true,"href":"https:\/\/www.moskito.cz\/pl\/wp-json\/wp\/v2\/pwb-brand?post=353996"},{"taxonomy":"product_brand","embeddable":true,"href":"https:\/\/www.moskito.cz\/pl\/wp-json\/wp\/v2\/product_brand?post=353996"},{"taxonomy":"product_cat","embeddable":true,"href":"https:\/\/www.moskito.cz\/pl\/wp-json\/wp\/v2\/product_cat?post=353996"},{"taxonomy":"product_tag","embeddable":true,"href":"https:\/\/www.moskito.cz\/pl\/wp-json\/wp\/v2\/product_tag?post=353996"}],"curies":[{"name":"wp","href":"https:\/\/api.w.org\/{rel}","templated":true}]}}