{"id":354053,"date":"2024-08-05T22:11:18","date_gmt":"2024-08-05T21:13:31","guid":{"rendered":"https:\/\/www.moskito.cz\/produkt\/noz-strzelecki-microtech-combat-troodon-gen-iii-stonewashed-1142-10od\/"},"modified":"2025-05-07T11:22:10","modified_gmt":"2025-05-07T10:22:10","slug":"noz-strzelecki-microtech-combat-troodon-gen-iii-stonewashed-1142-10od","status":"publish","type":"product","link":"https:\/\/www.moskito.cz\/pl\/produkt\/noz-strzelecki-microtech-combat-troodon-gen-iii-stonewashed-1142-10od\/","title":{"rendered":"N\u00f3\u017c strzelecki Microtech Combat Troodon Gen III Stonewashed 1142-10OD"},"content":{"rendered":"<p>N\u00f3\u017c strzelecki <strong>Microtech<\/strong> Combat Troodon Gen III Stonewashed 1142-10OD. <strong>Combat Troodon Gen III<\/strong> to szczyt precyzyjnej in\u017cynierii i sprawno\u015bci taktycznej w dziedzinie no\u017cy przednich. Oferuj\u0105c 25% wi\u0119kszy rozmiar w por\u00f3wnaniu do flagowego Troodona, ta ewolucja na nowo definiuje doskona\u0142o\u015b\u0107 taktyczn\u0105 dzi\u0119ki smuk\u0142emu, g\u0142\u0119boko grawerowanemu uchwytowi, wyprofilowanej konstrukcji i innowacyjnym funkcjom. Wyrafinowany mechanizm wewn\u0119trzny nie tylko zwi\u0119ksza funkcjonalno\u015b\u0107 operacyjn\u0105, ale tak\u017ce podnosi niezawodno\u015b\u0107 na nowy poziom na wi\u0119ksz\u0105 skal\u0119. Starannie wykonany do wielu zastosowa\u0144, <strong>Combat Troodon<\/strong> jest \u015bwiadectwem jego taktycznej wszechstronno\u015bci, doskonale sprawdzaj\u0105cej si\u0119 zar\u00f3wno w scenariuszach u\u017cytkowych, jak i w walce w zwarciu. Opr\u00f3cz wymiar\u00f3w fizycznych, r\u0119koje\u015b\u0107 tego wyj\u0105tkowego modelu ozdobiona jest g\u0142\u0119bokim grawerem, kt\u00f3ry nie tylko zapewnia niesamowite wra\u017cenie wizualne, ale tak\u017ce zapewnia wyj\u0105tkowe wra\u017cenia dotykowe. W\u0142\u0105czenie konstrukcji oku\u0107 Torx dodatkowo podkre\u015bla skrupulatn\u0105 dba\u0142o\u015b\u0107 o szczeg\u00f3\u0142y, zapewniaj\u0105c trwa\u0142o\u015b\u0107 i \u0142atwo\u015b\u0107 konserwacji, podczas gdy dwustronny klips kieszeniowy jest w pe\u0142ni dwustronny. <strong>Combat Troodon Gen III<\/strong> , co oznacza \u201erani\u0105cy z\u0105b\u201d, to pot\u0119\u017cny n\u00f3\u017c taktyczny skierowany do przodu, kt\u00f3ry \u0142\u0105czy w sobie precyzyjn\u0105 in\u017cynieri\u0119, podstawowe elementy bojowe i elegancki wygl\u0105d. Dane techniczne: D\u0142ugo\u015b\u0107 ca\u0142kowita: 24,1 cm D\u0142ugo\u015b\u0107 w stanie zamkni\u0119tym: 14 cm D\u0142ugo\u015b\u0107 ostrza: 10,2 cm Stal ostrza: Bohler M390MK Stal nierdzewna Styl ostrza: Sztylet z podw\u00f3jn\u0105 kraw\u0119dzi\u0105 Szlif ostrza: P\u0142askie Wyko\u0144czenie ostrza: Stonewash Materia\u0142 uchwytu: Zielony OD G\u0142\u0119boko grawerowane aluminium lotnicze Grubo\u015b\u0107 r\u0119koje\u015bci: 0,570 &#8221; Mechanizm blokuj\u0105cy: Suwak na kciuk Klips kieszeniowy: Tytan (sk\u0142adany, do noszenia po prawej\/lewej stronie) Waga: 5,22 uncji. Projektant: Tony Marfione Wyprodukowano w USA https:\/\/youtu.be\/xE9TeOFYEjg   &nbsp;<\/p>\n","protected":false},"excerpt":{"rendered":"<p><strong>Przez lata Microtech\u00ae Knives wype\u0142nia\u0142 no\u017ce pasj\u0105 i umiej\u0119tno\u015bciami, aby tworzy\u0107 niemal dzie\u0142a sztuki, kt\u00f3re s\u0105 szczytem funkcjonalno\u015bci.Wszystkie cz\u0119\u015bci s\u0105 produkowane w USA.<\/strong><br \/>\n<strong>Wszystkie no\u017ce Microtech obj\u0119te s\u0105 do\u017cywotni\u0105 gwarancj\u0105.<\/strong><\/p>\n<p><strong>Bezp\u0142atny transport.<\/strong><\/p>\n","protected":false},"featured_media":354005,"comment_status":"open","ping_status":"closed","template":"","meta":[],"pwb-brand":[3279],"product_brand":[],"product_cat":[3296,3344],"product_tag":[3671],"class_list":{"0":"post-354053","1":"product","2":"type-product","3":"status-publish","4":"has-post-thumbnail","6":"pwb-brand-microtech-pl","7":"product_cat-noze-pl","8":"product_cat-noze-strzeleckie","9":"product_tag-b2b-pl","11":"first","12":"outofstock","13":"taxable","14":"shipping-taxable","15":"purchasable","16":"product-type-simple"},"brands":[{"id":3279,"name":"Microtech","slug":"microtech-pl"}],"_links":{"self":[{"href":"https:\/\/www.moskito.cz\/pl\/wp-json\/wp\/v2\/product\/354053","targetHints":{"allow":["GET"]}}],"collection":[{"href":"https:\/\/www.moskito.cz\/pl\/wp-json\/wp\/v2\/product"}],"about":[{"href":"https:\/\/www.moskito.cz\/pl\/wp-json\/wp\/v2\/types\/product"}],"replies":[{"embeddable":true,"href":"https:\/\/www.moskito.cz\/pl\/wp-json\/wp\/v2\/comments?post=354053"}],"wp:featuredmedia":[{"embeddable":true,"href":"https:\/\/www.moskito.cz\/pl\/wp-json\/wp\/v2\/media\/354005"}],"wp:attachment":[{"href":"https:\/\/www.moskito.cz\/pl\/wp-json\/wp\/v2\/media?parent=354053"}],"wp:term":[{"taxonomy":"pwb-brand","embeddable":true,"href":"https:\/\/www.moskito.cz\/pl\/wp-json\/wp\/v2\/pwb-brand?post=354053"},{"taxonomy":"product_brand","embeddable":true,"href":"https:\/\/www.moskito.cz\/pl\/wp-json\/wp\/v2\/product_brand?post=354053"},{"taxonomy":"product_cat","embeddable":true,"href":"https:\/\/www.moskito.cz\/pl\/wp-json\/wp\/v2\/product_cat?post=354053"},{"taxonomy":"product_tag","embeddable":true,"href":"https:\/\/www.moskito.cz\/pl\/wp-json\/wp\/v2\/product_tag?post=354053"}],"curies":[{"name":"wp","href":"https:\/\/api.w.org\/{rel}","templated":true}]}}