{"id":354115,"date":"2024-08-05T22:35:29","date_gmt":"2024-08-05T21:40:30","guid":{"rendered":"https:\/\/www.moskito.cz\/produkt\/noz-strzelecki-microtech-ludt-gen-iii-1135-1t\/"},"modified":"2025-05-07T11:22:11","modified_gmt":"2025-05-07T10:22:11","slug":"noz-strzelecki-microtech-ludt-gen-iii-1135-1t","status":"publish","type":"product","link":"https:\/\/www.moskito.cz\/pl\/produkt\/noz-strzelecki-microtech-ludt-gen-iii-1135-1t\/","title":{"rendered":"N\u00f3\u017c strzelecki Microtech LUDT Gen III 1135-1T"},"content":{"rendered":"<p>N\u00f3\u017c strzelecki <strong>Microtech<\/strong> LUDT Gen III 1135-1T. 2023 L <strong>UDT Gen III<\/strong> to szczyt dziedzictwa Microtech i wyrafinowana wersja s\u0142ynnego no\u017ca Underwater Demolition Team. Powsta\u0142y w po\u0142owie lat 90-tych model LUDT szybko sta\u0142 si\u0119 jednym z najszybciej sprzedaj\u0105cych si\u0119 no\u017cy firmy Microtech w historii. Po chwilowej przerwie w ofercie Microtech, mamy przyjemno\u015b\u0107 og\u0142osi\u0107 wznowienie tego kultowego ostrza. <strong>LUDT<\/strong> posiada precyzyjnie obrobione ostrze z ukoronowanym grzbietem, przebiegiem kciukowym, wzmocnion\u0105 ko\u0144c\u00f3wk\u0105, a teraz z krwawym rowkiem\/pe\u0142niejszym, zapewniaj\u0105cym niezr\u00f3wnan\u0105 skuteczno\u015b\u0107 penetracji bez uszczerbku dla integralno\u015bci strukturalnej.     Obr\u00f3bka powierzchni ostrza nie tylko zwi\u0119ksza jego estetyk\u0119, ale tak\u017ce przyczynia si\u0119 do jego wyj\u0105tkowej trwa\u0142o\u015bci. R\u0119koje\u015b\u0107 z ta\u015bm\u0105 trakcyjn\u0105 3M p\u0142ynnie zintegrowan\u0105 z konstrukcj\u0105 podnosi ten n\u00f3\u017c do rangi idealnego przedmiotu do codziennego noszenia (EDC). Ka\u017cdy szczeg\u00f3\u0142, od przycisku spustowego po klips kieszonkowy, zosta\u0142 dopracowany i ulepszony, zapewniaj\u0105c harmonijny i wyrafinowany og\u00f3lny wygl\u0105d. R\u0119koje\u015b\u0107, precyzyjnie wykonana z aluminium lotniczego, nie tylko nadaje no\u017cowi solidno\u015b\u0107, ale tak\u017ce ogranicza wag\u0119 do minimum. Dzi\u0119ki ergonomicznej konstrukcji i b\u0142yskawicznemu roz\u0142o\u017ceniu <strong>LUDT<\/strong> jest przyk\u0142adem doskona\u0142o\u015bci kompasu pe\u0142nopowierzchniowego. Dzi\u0119ki udokumentowanym osi\u0105gni\u0119ciom, kt\u00f3re przetrwa\u0142y pr\u00f3b\u0119 czasu, <strong>LUDT Gen III 2023<\/strong> triumfalnie powraca do oferty. To wyj\u0105tkowe narz\u0119dzie jest teraz wyposa\u017cone w \u015bruby Torx i dedykowany otw\u00f3r na smycz, co dodaje praktyczno\u015bci i dodatkowej warstwy bezpiecze\u0144stwa jego skrupulatnemu wykonaniu. Dane techniczne: D\u0142ugo\u015b\u0107 ca\u0142kowita: 20,3 cm D\u0142ugo\u015b\u0107 w stanie zamkni\u0119tym: 11,4 cm D\u0142ugo\u015b\u0107 ostrza: 8,9 cm Stal ostrza: Bohler M390MK Stal nierdzewna Styl ostrza: Drop Point Szlif ostrza: P\u0142askie Wyko\u0144czenie ostrza: Czarny Materia\u0142 uchwytu: Czarne aluminium z wk\u0142adkami ta\u015bmy trakcyjnej 3M Mechanizm blokuj\u0105cy: Zesp\u00f3\u0142 wciskanego przycisku: 24 \u0142o\u017cyska z w\u0119glika krzemu Kieszonkowy klips: stal nierdzewna (wysuwany, do noszenia po prawej stronie) Waga: 3,46 uncji. Projektant: Tony Marfione Torx Blood Groove\/Fuller Konstrukcja \u015brubowa Made in USA https:\/\/youtu.be\/xE9TeOFYEjg   &nbsp;<\/p>\n","protected":false},"excerpt":{"rendered":"<p><strong>Przez lata Microtech\u00ae Knives wype\u0142nia\u0142 no\u017ce pasj\u0105 i umiej\u0119tno\u015bciami, aby tworzy\u0107 niemal dzie\u0142a sztuki, kt\u00f3re s\u0105 szczytem funkcjonalno\u015bci.Wszystkie cz\u0119\u015bci s\u0105 produkowane w USA.<\/strong><br \/>\n<strong>Wszystkie no\u017ce Microtech obj\u0119te s\u0105 do\u017cywotni\u0105 gwarancj\u0105.<\/strong><\/p>\n<p><strong>Bezp\u0142atny transport.<\/strong><\/p>\n","protected":false},"featured_media":354070,"comment_status":"open","ping_status":"closed","template":"","meta":[],"pwb-brand":[3279],"product_brand":[],"product_cat":[3296,3344],"product_tag":[3671],"class_list":{"0":"post-354115","1":"product","2":"type-product","3":"status-publish","4":"has-post-thumbnail","6":"pwb-brand-microtech-pl","7":"product_cat-noze-pl","8":"product_cat-noze-strzeleckie","9":"product_tag-b2b-pl","11":"first","12":"outofstock","13":"taxable","14":"shipping-taxable","15":"purchasable","16":"product-type-simple"},"brands":[{"id":3279,"name":"Microtech","slug":"microtech-pl"}],"_links":{"self":[{"href":"https:\/\/www.moskito.cz\/pl\/wp-json\/wp\/v2\/product\/354115","targetHints":{"allow":["GET"]}}],"collection":[{"href":"https:\/\/www.moskito.cz\/pl\/wp-json\/wp\/v2\/product"}],"about":[{"href":"https:\/\/www.moskito.cz\/pl\/wp-json\/wp\/v2\/types\/product"}],"replies":[{"embeddable":true,"href":"https:\/\/www.moskito.cz\/pl\/wp-json\/wp\/v2\/comments?post=354115"}],"wp:featuredmedia":[{"embeddable":true,"href":"https:\/\/www.moskito.cz\/pl\/wp-json\/wp\/v2\/media\/354070"}],"wp:attachment":[{"href":"https:\/\/www.moskito.cz\/pl\/wp-json\/wp\/v2\/media?parent=354115"}],"wp:term":[{"taxonomy":"pwb-brand","embeddable":true,"href":"https:\/\/www.moskito.cz\/pl\/wp-json\/wp\/v2\/pwb-brand?post=354115"},{"taxonomy":"product_brand","embeddable":true,"href":"https:\/\/www.moskito.cz\/pl\/wp-json\/wp\/v2\/product_brand?post=354115"},{"taxonomy":"product_cat","embeddable":true,"href":"https:\/\/www.moskito.cz\/pl\/wp-json\/wp\/v2\/product_cat?post=354115"},{"taxonomy":"product_tag","embeddable":true,"href":"https:\/\/www.moskito.cz\/pl\/wp-json\/wp\/v2\/product_tag?post=354115"}],"curies":[{"name":"wp","href":"https:\/\/api.w.org\/{rel}","templated":true}]}}