{"id":354281,"date":"2024-08-06T19:19:41","date_gmt":"2024-08-06T18:20:39","guid":{"rendered":"https:\/\/www.moskito.cz\/produkt\/noz-microtech-stitch-apocalyptic-169rl-10apflta\/"},"modified":"2025-05-07T11:22:14","modified_gmt":"2025-05-07T10:22:14","slug":"noz-microtech-stitch-apocalyptic-169rl-10apflta","status":"publish","type":"product","link":"https:\/\/www.moskito.cz\/pl\/produkt\/noz-microtech-stitch-apocalyptic-169rl-10apflta\/","title":{"rendered":"N\u00f3\u017c Microtech Stitch Apocalyptic 169RL-10APFLTA"},"content":{"rendered":"<p>N\u00f3\u017c <strong>Microtech<\/strong> Stitch Apocalyptic 169RL-10APFLTA. Wydany w 2023 roku <strong>Stitch<\/strong> RAM-LOK zadebiutowa\u0142 w MSI (wydanie Microtech Standard) jako pierwsza \u0142opatka <strong>Microtech<\/strong> wyposa\u017cona w fantastyczn\u0105 technologi\u0119 RAM-LOK. Ten solidnie wygl\u0105daj\u0105cy zamek paw\u0119\u017cowy ma charakterystyczny wz\u00f3r stopni Microtech, kt\u00f3ry sta\u0142 si\u0119 s\u0142awny dzi\u0119ki serii prze\u0142\u0105cznik\u00f3w steruj\u0105cych Ultratech. Du\u017ce wyci\u0119cie na ostrze zapewnia du\u017co miejsca na cofni\u0119cie \u015brodkowego palca, a tak\u017ce standardowe powolne otwarcie kciuka w r\u0119kawiczkach lub bez. Je\u015bli nie podoba Ci si\u0119 kt\u00f3rykolwiek z nich, po prostu poci\u0105gnij RAM-LOK, a ostrze otworzy si\u0119 prostym ruchem nadgarstka. Aluminiowe uchwyty s\u0105 g\u0142adkie i lekko teksturowane, co zapewnia du\u017cy potencja\u0142 chwytu zar\u00f3wno w przypadku chwyt\u00f3w standardowych, jak i odwr\u00f3conych. Wytrzyma\u0142y, trwa\u0142y i wyprodukowany w USA; wiemy, \u017ce MSI szybko stanie si\u0119 ulubie\u0144cem wszystkich cz\u0142onk\u00f3w spo\u0142eczno\u015bci no\u017cowej. <strong>Microtech Stitch<\/strong> to pi\u0119kna taktyczna wsp\u00f3\u0142praca Tony&#8217;ego Marfione i Sebastijana Berenjiego, znanego r\u00f3wnie\u017c jako Borka. Wykorzystuje niesamowity projekt Sticha Sebastijana i \u0142\u0105czy go z niesamowit\u0105 mechanik\u0105 otwierania Tony&#8217;ego, aby stworzy\u0107 jedn\u0105 z najbardziej niesamowitych kolaboracji produkcyjnych wszechczas\u00f3w. Ostrze w\u0142\u00f3czni o d\u0142ugo\u015bci 3,625 cala ma p\u0142aski szlif oraz rowki na palce i kciuk, co zapewnia doskona\u0142y chwyt podczas drobniejszych zada\u0144 ci\u0119cia. Dane techniczne: D\u0142ugo\u015b\u0107 ostrza: 9 cm D\u0142ugo\u015b\u0107 w stanie zamkni\u0119tym: 12,5 cm D\u0142ugo\u015b\u0107 ca\u0142kowita: 21 cm Stal ostrza: Bohler M390MK Stal nierdzewna Styl ostrza: Spear Point Szlif ostrza: P\u0142askie Wyko\u0144czenie ostrza: Apokaliptyczny Materia\u0142 uchwytu: Br\u0105zowy z\u0105bkowany aluminiowy Materia\u0142 wk\u0142adki: Stal nierdzewna Mechanizm blokuj\u0105cy: RAM -LOK Kieszonkowy klips: stal nierdzewna (wysuwany, noszony po prawej stronie) Waga: 5,50 uncji. Projektant: Sebastijan Berenji i Tony Marfione Wyprodukowano w USA https:\/\/youtu.be\/xE9TeOFYEjg  &nbsp;<\/p>\n","protected":false},"excerpt":{"rendered":"<p><strong>Przez lata Microtech\u00ae Knives wype\u0142nia\u0142 no\u017ce pasj\u0105 i umiej\u0119tno\u015bciami, aby tworzy\u0107 niemal dzie\u0142a sztuki, kt\u00f3re s\u0105 szczytem funkcjonalno\u015bci. Wszystkie cz\u0119\u015bci wyprodukowano w USA.<\/strong><br \/>\n<strong>Wszystkie no\u017ce Microtech obj\u0119te s\u0105 do\u017cywotni\u0105 gwarancj\u0105.<\/strong><\/p>\n<p><strong>Bezp\u0142atny transport.<\/strong><\/p>\n","protected":false},"featured_media":354234,"comment_status":"open","ping_status":"closed","template":"","meta":[],"pwb-brand":[3279],"product_brand":[],"product_cat":[3296,3307],"product_tag":[3671],"class_list":{"0":"post-354281","1":"product","2":"type-product","3":"status-publish","4":"has-post-thumbnail","6":"pwb-brand-microtech-pl","7":"product_cat-noze-pl","8":"product_cat-zamykanie-nozy","9":"product_tag-b2b-pl","11":"first","12":"outofstock","13":"taxable","14":"shipping-taxable","15":"purchasable","16":"product-type-simple"},"brands":[{"id":3279,"name":"Microtech","slug":"microtech-pl"}],"_links":{"self":[{"href":"https:\/\/www.moskito.cz\/pl\/wp-json\/wp\/v2\/product\/354281","targetHints":{"allow":["GET"]}}],"collection":[{"href":"https:\/\/www.moskito.cz\/pl\/wp-json\/wp\/v2\/product"}],"about":[{"href":"https:\/\/www.moskito.cz\/pl\/wp-json\/wp\/v2\/types\/product"}],"replies":[{"embeddable":true,"href":"https:\/\/www.moskito.cz\/pl\/wp-json\/wp\/v2\/comments?post=354281"}],"wp:featuredmedia":[{"embeddable":true,"href":"https:\/\/www.moskito.cz\/pl\/wp-json\/wp\/v2\/media\/354234"}],"wp:attachment":[{"href":"https:\/\/www.moskito.cz\/pl\/wp-json\/wp\/v2\/media?parent=354281"}],"wp:term":[{"taxonomy":"pwb-brand","embeddable":true,"href":"https:\/\/www.moskito.cz\/pl\/wp-json\/wp\/v2\/pwb-brand?post=354281"},{"taxonomy":"product_brand","embeddable":true,"href":"https:\/\/www.moskito.cz\/pl\/wp-json\/wp\/v2\/product_brand?post=354281"},{"taxonomy":"product_cat","embeddable":true,"href":"https:\/\/www.moskito.cz\/pl\/wp-json\/wp\/v2\/product_cat?post=354281"},{"taxonomy":"product_tag","embeddable":true,"href":"https:\/\/www.moskito.cz\/pl\/wp-json\/wp\/v2\/product_tag?post=354281"}],"curies":[{"name":"wp","href":"https:\/\/api.w.org\/{rel}","templated":true}]}}