{"id":354495,"date":"2024-08-07T04:37:13","date_gmt":"2024-08-07T03:38:02","guid":{"rendered":"https:\/\/www.moskito.cz\/produkt\/noz-strzelecki-microtech-borka-stitch-apocalyptic-169-11ap\/"},"modified":"2025-05-07T11:22:21","modified_gmt":"2025-05-07T10:22:21","slug":"noz-strzelecki-microtech-borka-stitch-apocalyptic-169-11ap","status":"publish","type":"product","link":"https:\/\/www.moskito.cz\/pl\/produkt\/noz-strzelecki-microtech-borka-stitch-apocalyptic-169-11ap\/","title":{"rendered":"N\u00f3\u017c strzelecki Microtech\/Borka Stitch Apocalyptic 169-11AP"},"content":{"rendered":"<p>N\u00f3\u017c strzelecki <strong>Microtech<\/strong> \/ Borka Stitch Apocalyptic 169-11AP. Automatic <strong>Stitch<\/strong> to pi\u0119kna taktyczna wsp\u00f3\u0142praca Tony&#8217;ego Marfione i Sebastijana Berenjiego, AKA Borka. Wykorzystuje niesamowity projekt Sebastijana Stitch i \u0142\u0105czy go z niesamowitym mechanizmem automatycznego otwierania Tony&#8217;ego, aby stworzy\u0107 jedn\u0105 z najfajniejszych kolaboracji produkcyjnych w 2017 roku. Ostrze w\u0142\u00f3czni ma p\u0142askie, apokaliptyczne wyko\u0144czenie z ciemnego kamienia oraz ramp\u0119 do mocowania palc\u00f3w i kciuka, co zapewnia doskona\u0142y zakup przy drobniejszych dynamika R\u0119koje\u015b\u0107 wykonana z grubego frezowanego aluminium z czarnym, anodyzowanym wyko\u0144czeniem Mil-Spec Hardcoat strzela jak rakieta i mocno si\u0119 blokuje, co jest imponuj\u0105cym wyczynem, bior\u0105c pod uwag\u0119, \u017ce jest to AUTO. Jest to d\u0142ugo oczekiwany model produkcyjny s\u0142ynnego zwyczaju, kt\u00f3ry zapewnia szansa na posiadanie no\u017ca Borka za u\u0142amek ceny. Dane techniczne: D\u0142ugo\u015b\u0107 ostrza: 8,5 cm D\u0142ugo\u015b\u0107 r\u0119koje\u015bci: 12,5 cm D\u0142ugo\u015b\u0107 ca\u0142kowita: 21 cm Stal: M390 Styl ostrza: Spear Point Szlif ostrza: P\u0142askie Wyko\u0144czenie ostrza: Apokaliptyczny Materia\u0142 r\u0119koje\u015bci: Frezowane aluminium, twarda anodowana pow\u0142oka Mil-Spec Mechanizm blokuj\u0105cy: Kiesze\u0144 na guzik klips: stal nierdzewna (wysuwany, noszony po prawej stronie) Waga: 6,3 uncji. Projektanci: Sebastijan Berenji i Tony Marfione Wyprodukowano w USA https:\/\/youtu.be\/xE9TeOFYEjg       &nbsp;<\/p>\n","protected":false},"excerpt":{"rendered":"<p><strong>Przez lata Microtech\u00ae Knives wype\u0142nia\u0142 no\u017ce pasj\u0105 i umiej\u0119tno\u015bciami, aby tworzy\u0107 niemal dzie\u0142a sztuki, kt\u00f3re s\u0105 szczytem funkcjonalno\u015bci.Wszystkie cz\u0119\u015bci s\u0105 produkowane w USA.<\/strong><br \/>\n<strong>Wszystkie no\u017ce Microtech obj\u0119te s\u0105 do\u017cywotni\u0105 gwarancj\u0105.<\/strong><\/p>\n<p><strong>Bezp\u0142atny transport.<\/strong><\/p>\n","protected":false},"featured_media":354450,"comment_status":"open","ping_status":"closed","template":"","meta":[],"pwb-brand":[3279],"product_brand":[],"product_cat":[3296,3344],"product_tag":[3671],"class_list":{"0":"post-354495","1":"product","2":"type-product","3":"status-publish","4":"has-post-thumbnail","6":"pwb-brand-microtech-pl","7":"product_cat-noze-pl","8":"product_cat-noze-strzeleckie","9":"product_tag-b2b-pl","11":"first","12":"instock","13":"taxable","14":"shipping-taxable","15":"purchasable","16":"product-type-simple"},"brands":[{"id":3279,"name":"Microtech","slug":"microtech-pl"}],"_links":{"self":[{"href":"https:\/\/www.moskito.cz\/pl\/wp-json\/wp\/v2\/product\/354495","targetHints":{"allow":["GET"]}}],"collection":[{"href":"https:\/\/www.moskito.cz\/pl\/wp-json\/wp\/v2\/product"}],"about":[{"href":"https:\/\/www.moskito.cz\/pl\/wp-json\/wp\/v2\/types\/product"}],"replies":[{"embeddable":true,"href":"https:\/\/www.moskito.cz\/pl\/wp-json\/wp\/v2\/comments?post=354495"}],"wp:featuredmedia":[{"embeddable":true,"href":"https:\/\/www.moskito.cz\/pl\/wp-json\/wp\/v2\/media\/354450"}],"wp:attachment":[{"href":"https:\/\/www.moskito.cz\/pl\/wp-json\/wp\/v2\/media?parent=354495"}],"wp:term":[{"taxonomy":"pwb-brand","embeddable":true,"href":"https:\/\/www.moskito.cz\/pl\/wp-json\/wp\/v2\/pwb-brand?post=354495"},{"taxonomy":"product_brand","embeddable":true,"href":"https:\/\/www.moskito.cz\/pl\/wp-json\/wp\/v2\/product_brand?post=354495"},{"taxonomy":"product_cat","embeddable":true,"href":"https:\/\/www.moskito.cz\/pl\/wp-json\/wp\/v2\/product_cat?post=354495"},{"taxonomy":"product_tag","embeddable":true,"href":"https:\/\/www.moskito.cz\/pl\/wp-json\/wp\/v2\/product_tag?post=354495"}],"curies":[{"name":"wp","href":"https:\/\/api.w.org\/{rel}","templated":true}]}}