{"id":355139,"date":"2024-08-08T22:21:05","date_gmt":"2024-08-08T21:23:04","guid":{"rendered":"https:\/\/www.moskito.cz\/produkt\/noz-zamykany-microtech-amphibian-137rl-1flgtod\/"},"modified":"2025-05-07T11:22:38","modified_gmt":"2025-05-07T10:22:38","slug":"noz-zamykany-microtech-amphibian-137rl-1flgtod","status":"publish","type":"product","link":"https:\/\/www.moskito.cz\/pl\/produkt\/noz-zamykany-microtech-amphibian-137rl-1flgtod\/","title":{"rendered":"N\u00f3\u017c zamykany Microtech Amphibian 137RL-1FLGTOD"},"content":{"rendered":"<p>N\u00f3\u017c zamykany <strong>Microtech<\/strong> Amphibian 137RL-1FLGTOD. <strong>Amphibian<\/strong> to prawdziwy klasyk marki Marfione, kt\u00f3rego historia si\u0119ga ponad 20 lat. Pochodz\u0105 z dawnych czas\u00f3w, kiedy <strong>no\u017ce Microtech<\/strong> mog\u0142y by\u0107 zar\u00f3wno automatyczne, jak i r\u0119czne&#8230; w jednym. Mamy tu wersj\u0119 r\u0119czn\u0105, zawieraj\u0105c\u0105 autorsk\u0105 konstrukcj\u0119 RAM-LOK Tony&#8217;ego z obur\u0119cznym klipsem do kieszeni i dwoma ko\u0142kami na kciuk, tworz\u0105c w pe\u0142ni obur\u0119czny n\u00f3\u017c, kt\u00f3ry nie po\u015bwi\u0119ca niczego. Posiada opatentowane ostrze ze stali Bohler M390MK, dost\u0119pne wy\u0142\u0105cznie w <strong>firmie Microtech Knives<\/strong> . N\u00f3\u017c pod wzgl\u0119dem wielko\u015bci przypomina wydanie MSI <strong>Microtech<\/strong> Standard, jednak stylistyk\u0105 nie ma por\u00f3wnania. Amphibian to jeden z najfajniejszych projekt\u00f3w no\u017cy taktycznych wszech czas\u00f3w i cieszymy si\u0119, \u017ce powr\u00f3ci\u0142 i jest dost\u0119pny dla mas! Dane techniczne: D\u0142ugo\u015b\u0107 ostrza: 9,67 cm D\u0142ugo\u015b\u0107 w stanie zamkni\u0119tym: 13,42 cm D\u0142ugo\u015b\u0107 ca\u0142kowita: 23,12 cm Stal ostrza: Bohler M390MK Stal nierdzewna Styl ostrza: Clip Point Szlifowanie ostrza: Puste Wyko\u0144czenie ostrza: Czarny Materia\u0142 uchwytu: Z\u0105bkowany OD Green G10 Mechanizm blokuj\u0105cy: RAM-LOK Kieszonkowy klips: tytan (wysuwany, noszony po lewej\/prawej stronie) Waga: 5,93 uncji. Projektant: Tony Marfione Wyprodukowano w USA https:\/\/youtu.be\/xE9TeOFYEjg<\/p>\n","protected":false},"excerpt":{"rendered":"<p><strong>Przez lata Microtech\u00ae Knives wype\u0142nia\u0142 no\u017ce pasj\u0105 i umiej\u0119tno\u015bciami, aby tworzy\u0107 niemal dzie\u0142a sztuki, kt\u00f3re s\u0105 szczytem funkcjonalno\u015bci. Wszystkie cz\u0119\u015bci wyprodukowano w USA.<\/strong><br \/>\n<strong>Wszystkie no\u017ce Microtech obj\u0119te s\u0105 do\u017cywotni\u0105 gwarancj\u0105.<\/strong><\/p>\n<p><strong>Bezp\u0142atny transport.<\/strong><\/p>\n","protected":false},"featured_media":355092,"comment_status":"open","ping_status":"closed","template":"","meta":[],"pwb-brand":[3279],"product_brand":[],"product_cat":[3296,3307],"product_tag":[3671],"class_list":{"0":"post-355139","1":"product","2":"type-product","3":"status-publish","4":"has-post-thumbnail","6":"pwb-brand-microtech-pl","7":"product_cat-noze-pl","8":"product_cat-zamykanie-nozy","9":"product_tag-b2b-pl","11":"first","12":"outofstock","13":"taxable","14":"shipping-taxable","15":"purchasable","16":"product-type-simple"},"brands":[{"id":3279,"name":"Microtech","slug":"microtech-pl"}],"_links":{"self":[{"href":"https:\/\/www.moskito.cz\/pl\/wp-json\/wp\/v2\/product\/355139","targetHints":{"allow":["GET"]}}],"collection":[{"href":"https:\/\/www.moskito.cz\/pl\/wp-json\/wp\/v2\/product"}],"about":[{"href":"https:\/\/www.moskito.cz\/pl\/wp-json\/wp\/v2\/types\/product"}],"replies":[{"embeddable":true,"href":"https:\/\/www.moskito.cz\/pl\/wp-json\/wp\/v2\/comments?post=355139"}],"wp:featuredmedia":[{"embeddable":true,"href":"https:\/\/www.moskito.cz\/pl\/wp-json\/wp\/v2\/media\/355092"}],"wp:attachment":[{"href":"https:\/\/www.moskito.cz\/pl\/wp-json\/wp\/v2\/media?parent=355139"}],"wp:term":[{"taxonomy":"pwb-brand","embeddable":true,"href":"https:\/\/www.moskito.cz\/pl\/wp-json\/wp\/v2\/pwb-brand?post=355139"},{"taxonomy":"product_brand","embeddable":true,"href":"https:\/\/www.moskito.cz\/pl\/wp-json\/wp\/v2\/product_brand?post=355139"},{"taxonomy":"product_cat","embeddable":true,"href":"https:\/\/www.moskito.cz\/pl\/wp-json\/wp\/v2\/product_cat?post=355139"},{"taxonomy":"product_tag","embeddable":true,"href":"https:\/\/www.moskito.cz\/pl\/wp-json\/wp\/v2\/product_tag?post=355139"}],"curies":[{"name":"wp","href":"https:\/\/api.w.org\/{rel}","templated":true}]}}