{"id":355253,"date":"2024-08-08T23:18:47","date_gmt":"2024-08-08T22:26:21","guid":{"rendered":"https:\/\/www.moskito.cz\/produkt\/noz-zamykajacy-microtech-matrix-165c-4cfti\/"},"modified":"2025-05-07T11:22:41","modified_gmt":"2025-05-07T10:22:41","slug":"noz-zamykajacy-microtech-matrix-165c-4cfti","status":"publish","type":"product","link":"https:\/\/www.moskito.cz\/pl\/produkt\/noz-zamykajacy-microtech-matrix-165c-4cfti\/","title":{"rendered":"N\u00f3\u017c zamykaj\u0105cy Microtech Matrix 165C-4CFTI"},"content":{"rendered":"<p>N\u00f3\u017c zamykaj\u0105cy <strong>Microtech<\/strong> Matrix 165C-4CFTI. <strong>Matrix<\/strong> to kolejne wsp\u00f3lne dzie\u0142o <strong>Microtech Knives<\/strong> i Rike Knife Co., wyj\u0105tkowa p\u0142etwa r\u0119czna o nieskazitelnie g\u0142adkiej akcji. Podobnie jak niedrogi luksus uciele\u015bniony przez Socom Bravo Mini, ten pe\u0142nowymiarowy n\u00f3\u017c wa\u017cy dok\u0142adnie sze\u015b\u0107 uncji i ma 9,35 cala d\u0142ugo\u015bci, \u0142\u0105cznie z wolframowym t\u0142uczkiem do szk\u0142a. R\u0119koje\u015b\u0107 wykonana jest precyzyjnie i p\u0142ynnie \u0142\u0105czy tytan i w\u0142\u00f3kno w\u0119glowe, zapewniaj\u0105c optymaln\u0105 ergonomi\u0119, zapewniaj\u0105c narz\u0119dzie tn\u0105ce o niezr\u00f3wnanych mo\u017cliwo\u015bciach. Dwustronny kulkowy klips do kieszeni z w\u0119glika krzemu zapewnia integralno\u015b\u0107 kieszeni i czyni go idealnym towarzyszem do codziennego noszenia. Dzia\u0142aj szybko i nie przegap swojej szansy na posiadanie tej limitowanej edycji. Dane techniczne: D\u0142ugo\u015b\u0107 ostrza: 9,42 cm D\u0142ugo\u015b\u0107 w stanie zamkni\u0119tym: 14,25 cm D\u0142ugo\u015b\u0107 ca\u0142kowita: 23,37 cm Materia\u0142 ostrza: Stal nierdzewna Bohler M390 Styl ostrza: Zmodyfikowana Sheepfoot Szlif ostrza: P\u0142askie Wyko\u0144czenie ostrza: R\u0119cznie pocierana satyna Materia\u0142 r\u0119koje\u015bci: Wzmocniony tytan 6Al4V z blokad\u0105 z w\u0142\u00f3kna w\u0119glowego mechanizm: Blokada ramy Zesp\u00f3\u0142 sworznia: \u0141o\u017cyska Klips kieszeniowy: Tytan (sk\u0142adany, noszony w prawo\/lewo) Waga: 6,00 uncji. Projektant: Tony Marfione https:\/\/youtu.be\/xE9TeOFYEjg  &nbsp;<\/p>\n","protected":false},"excerpt":{"rendered":"<p><strong>Przez lata Microtech\u00ae Knives wype\u0142nia\u0142 no\u017ce pasj\u0105 i umiej\u0119tno\u015bciami, aby tworzy\u0107 niemal dzie\u0142a sztuki, kt\u00f3re s\u0105 szczytem funkcjonalno\u015bci.Wszystkie cz\u0119\u015bci s\u0105 produkowane w USA.<\/strong><br \/>\n<strong>Wszystkie no\u017ce Microtech obj\u0119te s\u0105 do\u017cywotni\u0105 gwarancj\u0105.<\/strong><\/p>\n<p><strong>Bezp\u0142atny transport.<\/strong><\/p>\n","protected":false},"featured_media":355198,"comment_status":"open","ping_status":"closed","template":"","meta":[],"pwb-brand":[3279],"product_brand":[],"product_cat":[3296,3307],"product_tag":[3671],"class_list":{"0":"post-355253","1":"product","2":"type-product","3":"status-publish","4":"has-post-thumbnail","6":"pwb-brand-microtech-pl","7":"product_cat-noze-pl","8":"product_cat-zamykanie-nozy","9":"product_tag-b2b-pl","11":"first","12":"instock","13":"taxable","14":"shipping-taxable","15":"purchasable","16":"product-type-simple"},"brands":[{"id":3279,"name":"Microtech","slug":"microtech-pl"}],"_links":{"self":[{"href":"https:\/\/www.moskito.cz\/pl\/wp-json\/wp\/v2\/product\/355253","targetHints":{"allow":["GET"]}}],"collection":[{"href":"https:\/\/www.moskito.cz\/pl\/wp-json\/wp\/v2\/product"}],"about":[{"href":"https:\/\/www.moskito.cz\/pl\/wp-json\/wp\/v2\/types\/product"}],"replies":[{"embeddable":true,"href":"https:\/\/www.moskito.cz\/pl\/wp-json\/wp\/v2\/comments?post=355253"}],"wp:featuredmedia":[{"embeddable":true,"href":"https:\/\/www.moskito.cz\/pl\/wp-json\/wp\/v2\/media\/355198"}],"wp:attachment":[{"href":"https:\/\/www.moskito.cz\/pl\/wp-json\/wp\/v2\/media?parent=355253"}],"wp:term":[{"taxonomy":"pwb-brand","embeddable":true,"href":"https:\/\/www.moskito.cz\/pl\/wp-json\/wp\/v2\/pwb-brand?post=355253"},{"taxonomy":"product_brand","embeddable":true,"href":"https:\/\/www.moskito.cz\/pl\/wp-json\/wp\/v2\/product_brand?post=355253"},{"taxonomy":"product_cat","embeddable":true,"href":"https:\/\/www.moskito.cz\/pl\/wp-json\/wp\/v2\/product_cat?post=355253"},{"taxonomy":"product_tag","embeddable":true,"href":"https:\/\/www.moskito.cz\/pl\/wp-json\/wp\/v2\/product_tag?post=355253"}],"curies":[{"name":"wp","href":"https:\/\/api.w.org\/{rel}","templated":true}]}}