{"id":355756,"date":"2024-08-09T15:35:48","date_gmt":"2024-08-09T19:17:47","guid":{"rendered":"https:\/\/www.moskito.cz\/produkt\/noz-strzelecki-frank-beltrame-bayonet-buffalo-horn-33cm\/"},"modified":"2025-05-07T11:22:47","modified_gmt":"2025-05-07T10:22:47","slug":"noz-strzelecki-frank-beltrame-bayonet-buffalo-horn-33cm","status":"publish","type":"product","link":"https:\/\/www.moskito.cz\/pl\/produkt\/noz-strzelecki-frank-beltrame-bayonet-buffalo-horn-33cm\/","title":{"rendered":"N\u00f3\u017c strzelecki Frank Beltrame Bayonet Buffalo Horn 33cm"},"content":{"rendered":"<p>N\u00f3\u017c strzelecki <strong>Frank Beltrame<\/strong> Bayonet Buffalo Horn 33cm. Klasyczny w\u0142oski n\u00f3\u017c <strong>Stiletto Buffalo<\/strong> Horn, bagnet 28 cm, tradycyjny w\u0142oski n\u00f3\u017c spr\u0119\u017cynowy, otwarcie ostrza musi nast\u0105pi\u0107 w ci\u0105gu kilku setnych sekundy (cecha no\u017cy Stiletto).  No\u017ce Frank Beltrame Stiletto, w ca\u0142o\u015bci wykonane r\u0119cznie zgodnie z zasadami w\u0142oskiego rzemios\u0142a, s\u0142yn\u0105 na ca\u0142ym \u015bwiecie ze swojej wyj\u0105tkowej lekko\u015bci i trwa\u0142o\u015bci. Ze wzgl\u0119du na swoje w\u0142a\u015bciwo\u015bci w\u0142oski sztylet nadaje si\u0119 do u\u017cycia w ka\u017cdym \u015brodowisku, od polowania po biwakowanie. Solidna, trwa\u0142a konstrukcja, mocna spr\u0119\u017cyna otwieraj\u0105ca ostrze to znak rozpoznawczy klasycznych w\u0142oskich pas\u00f3w spr\u0119\u017cynowych <strong>Frank Beltrame<\/strong> . R\u0119koje\u015b\u0107 &#8211; pokryta lam\u00f3wk\u0105 z bawolego rogu podkre\u015bla ekskluzywny wygl\u0105d. Dzi\u0119ki wyko\u0144czeniu z polerowanego niklu zapewnia wygodny i pewny chwyt. Bezpiecze\u0144stwo u\u017cytkowania zwi\u0119ksza ergonomiczny kszta\u0142t r\u0119koje\u015bci, kt\u00f3ry zapobiega \u015blizganiu si\u0119 d\u0142oni podczas pracy. Nity mosi\u0119\u017cne. G\u0142ownia &#8211; niezwykle ostre, precyzyjne ostrze o profilu Spear Point (Bayonet) o grubo\u015bci 3.5 mm, kt\u00f3re zwi\u0119ksza w\u0142a\u015bciwo\u015bci przebijaj\u0105ce fa\u0142szywego ostrza. Wykonane ze stali nierdzewnej AISI 420 MA5M, \u0142atwej w szlifowaniu, charakteryzuj\u0105cej si\u0119 du\u017c\u0105 odporno\u015bci\u0105 na korozj\u0119.  Stal hartowana 56 HRC. Popularny typ ostrza uzyskany ze szlifu p\u0142askiego zapewnia dobre w\u0142a\u015bciwo\u015bci tn\u0105ce i penetruj\u0105ce. Stalowa os\u0142ona chroni d\u0142o\u0144 przed niepo\u017c\u0105danym po\u015blizgiem i umo\u017cliwia z\u0142o\u017cenie ostrza po naci\u015bni\u0119ciu. Blokada &#8211; zapobiega przypadkowemu z\u0142o\u017ceniu lub otwarciu ostrza. N\u00f3\u017c automatyczny otwiera si\u0119 za pomoc\u0105 sta\u0142ego przycisku umieszczonego na r\u0119koje\u015bci. Spr\u0119\u017cyna &#8211; szczeg\u00f3ln\u0105 uwag\u0119 zwr\u00f3cono na konstrukcj\u0119 spr\u0119\u017cyny (stal nierdzewna): ostrze musi otworzy\u0107 si\u0119 w ci\u0105gu kilku setnych sekundy (cecha no\u017cy Stiletto). N\u00f3\u017c Beltrame przy otwieraniu ostrza wydaje charakterystyczny d\u017awi\u0119k (klikni\u0119cie), co odr\u00f3\u017cnia go od innych no\u017cy spr\u0119\u017cynowych. Dane techniczne: Numer produktu: FB 33\/ 58B Nazwa: Classic Italian Stiletto Buffalo Horn, bagnet 33 Rodzaj stali: AISI 420 MA5M Twardo\u015b\u0107 ostrza Rockwell: 56 HRC D\u0142ugo\u015b\u0107 ostrza: 14 cm Grubo\u015b\u0107 ostrza: 0,35 cm D\u0142ugo\u015b\u0107 ca\u0142kowita: 33 cm Ostrze: G\u0142adkie Typ ostrza: Spear Point (bagnet) Blokada no\u017ca: Tak Typ r\u0119koje\u015bci: Bull Horn Producent: F.LLI Beltrame, W\u0142ochy   &nbsp;<\/p>\n","protected":false},"excerpt":{"rendered":"<p><strong>No\u017ce Beltrame produkowane s\u0105 we W\u0142oszech od 1953 roku. Firma zosta\u0142a za\u0142o\u017cona przez Franka Beltrama. Sekret wytwarzania tych no\u017cy Stiletto jest cz\u0119\u015bci\u0105 historii Maniago, kt\u00f3ra by\u0142a przekazywana z ojca na syna.<\/strong><br \/>\n<strong>Wyprodukowane we W\u0142oszech.<\/strong><\/p>\n","protected":false},"featured_media":355376,"comment_status":"open","ping_status":"closed","template":"","meta":[],"pwb-brand":[3538],"product_brand":[],"product_cat":[3296,3344],"product_tag":[3671],"class_list":{"0":"post-355756","1":"product","2":"type-product","3":"status-publish","4":"has-post-thumbnail","6":"pwb-brand-beltrame-pl","7":"product_cat-noze-pl","8":"product_cat-noze-strzeleckie","9":"product_tag-b2b-pl","11":"first","12":"outofstock","13":"taxable","14":"shipping-taxable","15":"purchasable","16":"product-type-simple"},"brands":[{"id":3538,"name":"Beltrame","slug":"beltrame-pl"}],"_links":{"self":[{"href":"https:\/\/www.moskito.cz\/pl\/wp-json\/wp\/v2\/product\/355756","targetHints":{"allow":["GET"]}}],"collection":[{"href":"https:\/\/www.moskito.cz\/pl\/wp-json\/wp\/v2\/product"}],"about":[{"href":"https:\/\/www.moskito.cz\/pl\/wp-json\/wp\/v2\/types\/product"}],"replies":[{"embeddable":true,"href":"https:\/\/www.moskito.cz\/pl\/wp-json\/wp\/v2\/comments?post=355756"}],"wp:featuredmedia":[{"embeddable":true,"href":"https:\/\/www.moskito.cz\/pl\/wp-json\/wp\/v2\/media\/355376"}],"wp:attachment":[{"href":"https:\/\/www.moskito.cz\/pl\/wp-json\/wp\/v2\/media?parent=355756"}],"wp:term":[{"taxonomy":"pwb-brand","embeddable":true,"href":"https:\/\/www.moskito.cz\/pl\/wp-json\/wp\/v2\/pwb-brand?post=355756"},{"taxonomy":"product_brand","embeddable":true,"href":"https:\/\/www.moskito.cz\/pl\/wp-json\/wp\/v2\/product_brand?post=355756"},{"taxonomy":"product_cat","embeddable":true,"href":"https:\/\/www.moskito.cz\/pl\/wp-json\/wp\/v2\/product_cat?post=355756"},{"taxonomy":"product_tag","embeddable":true,"href":"https:\/\/www.moskito.cz\/pl\/wp-json\/wp\/v2\/product_tag?post=355756"}],"curies":[{"name":"wp","href":"https:\/\/api.w.org\/{rel}","templated":true}]}}