{"id":355814,"date":"2024-08-09T20:41:12","date_gmt":"2024-08-09T19:42:26","guid":{"rendered":"https:\/\/www.moskito.cz\/produkt\/noz-strzelecki-microtech-hera-ii-stonewashed-1705-10ta\/"},"modified":"2025-05-07T11:22:48","modified_gmt":"2025-05-07T10:22:48","slug":"noz-strzelecki-microtech-hera-ii-stonewashed-1705-10ta","status":"publish","type":"product","link":"https:\/\/www.moskito.cz\/pl\/produkt\/noz-strzelecki-microtech-hera-ii-stonewashed-1705-10ta\/","title":{"rendered":"N\u00f3\u017c strzelecki Microtech Hera II Stonewashed 1705-10TA"},"content":{"rendered":"<p>N\u00f3\u017c strzelecki <strong>Microtech<\/strong> Hera II Stonewashed 1705-10TA. <strong>Hera II<\/strong> to efektowny n\u00f3\u017c automatyczny o podw\u00f3jnym dzia\u0142aniu z przodu, z konstrukcj\u0105 ramy lu\u017ano inspirowan\u0105 kultowym modelem Troodon. Hera charakteryzuje si\u0119 ulepszon\u0105 ergonomi\u0105 i posiada obrobione maszynowo \u0142aty ko\u0144cowe zapewniaj\u0105ce lepsz\u0105 przyczepno\u015b\u0107 i wyrafinowan\u0105 estetyk\u0119, kt\u00f3ra dodaje jej og\u00f3lnego uroku. Warto zauwa\u017cy\u0107, \u017ce uchwyt jest starannie g\u0142\u0119boko grawerowany i pozbawiony oku\u0107, co dodaje odrobin\u0119 sztuki i niesamowitego charakteru funkcjonalnemu projektowi. Jedyna widoczna \u015bruba, kt\u00f3ra trzyma go razem, znajduje si\u0119 z ty\u0142u, w pobli\u017cu klipsa kieszeniowego, kt\u00f3ry jest obur\u0119czny dla lewor\u0119cznych. Ten wyj\u0105tkowy projekt bez wysi\u0142ku uciele\u015bnia zar\u00f3wno wyrafinowanie, jak i funkcjonalno\u015b\u0107, dzi\u0119ki czemu <strong>Hera<\/strong> wyr\u00f3\u017cnia si\u0119 jako jeden z najlepszych wszechstronnych automatycznych no\u017cy OTF na wysoce konkurencyjnym rynku. Chocia\u017c szczerze konkuruje g\u0142\u00f3wnie z innymi OTF <strong>Microtech<\/strong> . Jego rozmiar jest idealny do walki, ale wystarczaj\u0105co smuk\u0142y, aby mo\u017cna go by\u0142o nosi\u0107 na co dzie\u0144, a jego forma zosta\u0142a starannie wykonana, aby zapewni\u0107 idealn\u0105 r\u00f3wnowag\u0119 pomi\u0119dzy praktyczno\u015bci\u0105 i stylem. Hera jest \u015bwiadectwem precyzji in\u017cynierii i artystycznych detali, co czyni j\u0105 doskona\u0142ym wyborem dla tych, kt\u00f3rzy ceni\u0105 po\u0142\u0105czenie formy i funkcjonalno\u015bci w swoich codziennych narz\u0119dziach. Dane techniczne: D\u0142ugo\u015b\u0107 ostrza: 10 cm D\u0142ugo\u015b\u0107 ca\u0142kowita: 24 cm Stal ostrza: Bohler M390MK Stal nierdzewna Styl ostrza: Recurve Szlif ostrza: P\u0142askie Wyko\u0144czenie ostrza: Stonewash Materia\u0142 r\u0119koje\u015bci: Tan G\u0142\u0119boko grawerowane aluminium lotnicze Mechanizm blokuj\u0105cy: Przesuwany kciuk Kieszonkowy klips: Tytan (sk\u0142adany, prawy) \/lewe ubranie) Waga: 4,94 uncji. Projektanci: Tony i Sean Marfione Wyprodukowano w USA https:\/\/youtu.be\/xE9TeOFYEjg  &nbsp;<\/p>\n","protected":false},"excerpt":{"rendered":"<p><strong>Przez lata firma Microtech\u00ae Knives wk\u0142ada\u0142a pasj\u0119 i umiej\u0119tno\u015bci w tworzenie dzie\u0142 sztuki, kt\u00f3re s\u0105 szczytem funkcjonalno\u015bci i formy. Nadal przesuwamy granice i ulepszamy to, co ju\u017c wiemy, \u017ce dzia\u0142a. Microtech\u00ae Knives wyros\u0142o na wiod\u0105c\u0105 mark\u0119 no\u017cy, kt\u00f3ra stale si\u0119 rozwija i idzie do przodu, korzystaj\u0105c z najnowszej technologii, staro\u017cytnych zasad ostrzy i maksymalnych test\u00f3w w terenie, aby zapewni\u0107 dostarczanie najlepszego mo\u017cliwego produktu.<\/strong><\/p>\n<p><strong>Bezp\u0142atny transport.<\/strong><\/p>\n","protected":false},"featured_media":355767,"comment_status":"open","ping_status":"closed","template":"","meta":[],"pwb-brand":[3279],"product_brand":[],"product_cat":[3296,3344],"product_tag":[3671],"class_list":{"0":"post-355814","1":"product","2":"type-product","3":"status-publish","4":"has-post-thumbnail","6":"pwb-brand-microtech-pl","7":"product_cat-noze-pl","8":"product_cat-noze-strzeleckie","9":"product_tag-b2b-pl","11":"first","12":"instock","13":"taxable","14":"shipping-taxable","15":"purchasable","16":"product-type-simple"},"brands":[{"id":3279,"name":"Microtech","slug":"microtech-pl"}],"_links":{"self":[{"href":"https:\/\/www.moskito.cz\/pl\/wp-json\/wp\/v2\/product\/355814","targetHints":{"allow":["GET"]}}],"collection":[{"href":"https:\/\/www.moskito.cz\/pl\/wp-json\/wp\/v2\/product"}],"about":[{"href":"https:\/\/www.moskito.cz\/pl\/wp-json\/wp\/v2\/types\/product"}],"replies":[{"embeddable":true,"href":"https:\/\/www.moskito.cz\/pl\/wp-json\/wp\/v2\/comments?post=355814"}],"wp:featuredmedia":[{"embeddable":true,"href":"https:\/\/www.moskito.cz\/pl\/wp-json\/wp\/v2\/media\/355767"}],"wp:attachment":[{"href":"https:\/\/www.moskito.cz\/pl\/wp-json\/wp\/v2\/media?parent=355814"}],"wp:term":[{"taxonomy":"pwb-brand","embeddable":true,"href":"https:\/\/www.moskito.cz\/pl\/wp-json\/wp\/v2\/pwb-brand?post=355814"},{"taxonomy":"product_brand","embeddable":true,"href":"https:\/\/www.moskito.cz\/pl\/wp-json\/wp\/v2\/product_brand?post=355814"},{"taxonomy":"product_cat","embeddable":true,"href":"https:\/\/www.moskito.cz\/pl\/wp-json\/wp\/v2\/product_cat?post=355814"},{"taxonomy":"product_tag","embeddable":true,"href":"https:\/\/www.moskito.cz\/pl\/wp-json\/wp\/v2\/product_tag?post=355814"}],"curies":[{"name":"wp","href":"https:\/\/api.w.org\/{rel}","templated":true}]}}