{"id":356016,"date":"2024-08-12T10:46:56","date_gmt":"2024-08-12T09:48:56","guid":{"rendered":"https:\/\/www.moskito.cz\/produkt\/noz-strzelecki-beltrame-stiletto-pearl-bayonet-28cm\/"},"modified":"2025-05-07T11:22:55","modified_gmt":"2025-05-07T10:22:55","slug":"noz-strzelecki-beltrame-stiletto-pearl-bayonet-28cm","status":"publish","type":"product","link":"https:\/\/www.moskito.cz\/pl\/produkt\/noz-strzelecki-beltrame-stiletto-pearl-bayonet-28cm\/","title":{"rendered":"N\u00f3\u017c strzelecki Beltrame Stiletto Pearl Bayonet 28cm"},"content":{"rendered":"<p>N\u00f3\u017c strzelecki <strong>Beltrame<\/strong> Stiletto Pearl Bayonet 28cm. Italian Stiletto White Pearl Bayonet 28 cm, tradycyjny w\u0142oski n\u00f3\u017c spr\u0119\u017cynowy charakteryzuj\u0105cy si\u0119 szybkim otwarciem ostrza trwaj\u0105cym kilka setnych sekundy &#8211; to cecha charakterystyczna no\u017cy automatycznych Stiletto. Solidna, trwa\u0142a konstrukcja i mocna spr\u0119\u017cyna otwieraj\u0105ca ostrze to cechy charakterystyczne klasycznych w\u0142oskich no\u017cy spr\u0119\u017cynowych Franka Beltrame. Ca\u0142kowicie r\u0119cznie robione, zgodnie z zasadami w\u0142oskiego rzemios\u0142a, no\u017ce Stiletto zas\u0142yn\u0119\u0142y na ca\u0142ym \u015bwiecie ze swojej wyj\u0105tkowej lekko\u015bci i trwa\u0142o\u015bci. G\u0142ownia &#8211; niezwykle ostre ostrze precyzyjne o profilu Spear Point (Bayonet) o grubo\u015bci 3.5 mm z fa\u0142szywym ostrzem zwi\u0119kszaj\u0105cym w\u0142a\u015bciwo\u015bci penetracyjne. Ostrze hartowane 56 HRC, wykonane ze stali nierdzewnej W.1.4034 &#8211; chromowanej, o strukturze martenzytycznej, dobrej odporno\u015bci na korozj\u0119 i dobrej polerowalno\u015bci.      Popularny typ ostrza uzyskany ze szlifu p\u0142askiego zapewnia dobre w\u0142a\u015bciwo\u015bci tn\u0105ce i penetruj\u0105ce. Stalowa os\u0142ona chroni d\u0142o\u0144 przed niepo\u017c\u0105danym po\u015blizgiem i umo\u017cliwia z\u0142o\u017cenie ostrza po naci\u015bni\u0119ciu. R\u0119koje\u015b\u0107 &#8211; pokryta imitacj\u0105 per\u0142y, wyko\u0144czona bolcami z polerowanego niklu, zapewnia wygodny i pewny chwyt. Bezpiecze\u0144stwo u\u017cytkowania zapewnia ergonomiczny kszta\u0142t r\u0119koje\u015bci, kt\u00f3ry zapobiega \u015blizganiu si\u0119 d\u0142oni podczas pracy.  Nity mosi\u0119\u017cne. Spr\u0119\u017cyna &#8211; szczeg\u00f3ln\u0105 uwag\u0119 zwr\u00f3cono na konstrukcj\u0119 spr\u0119\u017cyny (stal nierdzewna): ostrze musi otworzy\u0107 si\u0119 w ci\u0105gu kilku setnych sekundy (cecha no\u017cy Stiletto). Komponent Beltrame wydaje charakterystyczny d\u017awi\u0119k (klikni\u0119cie) przy otwieraniu ostrza, co odr\u00f3\u017cnia go od innych no\u017cy spr\u0119\u017cynowych. Blokada &#8211; zapobiega przypadkowemu z\u0142o\u017ceniu lub otwarciu ostrza. N\u00f3\u017c automatyczny otwiera si\u0119 za pomoc\u0105 sta\u0142ego przycisku umieszczonego na r\u0119koje\u015bci. Dane techniczne: Numer produktu: FB 28\/ 36BD Nazwa: Classic Italian Stiletto White Pearl Bayonet Yp stal: W.1.4034 Twardo\u015b\u0107 ostrza Rockwella: 56 HRC D\u0142ugo\u015b\u0107 ostrza: 12 cm Grubo\u015b\u0107 ostrza: 0,35 cm D\u0142ugo\u015b\u0107 ca\u0142kowita: 28 cm Waga: 105 g \/ 3,70 uncji Ostrze: Zwyk\u0142e Blokada no\u017ca: Tak Typ r\u0119koje\u015bci: Bia\u0142a Per\u0142a Producent: F.LLI Beltrame, W\u0142ochy  &nbsp;<\/p>\n","protected":false},"excerpt":{"rendered":"<div class=\"elementor-element elementor-element-bbb542b elementor-widget elementor-widget-woocommerce-product-short-description\" data-id=\"bbb542b\" data-element_type=\"widget\" data-widget_type=\"woocommerce-product-short-description.default\">\n<div class=\"elementor-widget-container\">\n<div class=\"woocommerce-product-details__short-description\">\n<div class=\"elementor-element elementor-element-bbb542b elementor-widget elementor-widget-woocommerce-product-short-description\" data-id=\"bbb542b\" data-element_type=\"widget\" data-widget_type=\"woocommerce-product-short-description.default\">\n<div class=\"elementor-widget-container\">\n<div class=\"woocommerce-product-details__short-description\">\n<div class=\"elementor-element elementor-element-bbb542b elementor-widget elementor-widget-woocommerce-product-short-description\" data-id=\"bbb542b\" data-element_type=\"widget\" data-widget_type=\"woocommerce-product-short-description.default\">\n<div class=\"elementor-widget-container\">\n<div class=\"woocommerce-product-details__short-description\">\n<p><strong>No\u017ce Beltrame produkowane s\u0105 we W\u0142oszech od 1953 roku. Firma zosta\u0142a za\u0142o\u017cona przez Franka Beltrama. Sekret wytwarzania tych no\u017cy Stiletto jest cz\u0119\u015bci\u0105 historii Maniago, kt\u00f3ra by\u0142a przekazywana z ojca na syna.<\/strong><br \/>\n<strong>Wyprodukowane we W\u0142oszech.<\/strong><\/p>\n<\/div>\n<\/div>\n<\/div>\n<\/div>\n<\/div>\n<\/div>\n<\/div>\n<\/div>\n<\/div>\n","protected":false},"featured_media":355983,"comment_status":"open","ping_status":"closed","template":"","meta":[],"pwb-brand":[3538],"product_brand":[],"product_cat":[3296,3344],"product_tag":[3671],"class_list":{"0":"post-356016","1":"product","2":"type-product","3":"status-publish","4":"has-post-thumbnail","6":"pwb-brand-beltrame-pl","7":"product_cat-noze-pl","8":"product_cat-noze-strzeleckie","9":"product_tag-b2b-pl","11":"first","12":"outofstock","13":"taxable","14":"shipping-taxable","15":"purchasable","16":"product-type-simple"},"brands":[{"id":3538,"name":"Beltrame","slug":"beltrame-pl"}],"_links":{"self":[{"href":"https:\/\/www.moskito.cz\/pl\/wp-json\/wp\/v2\/product\/356016","targetHints":{"allow":["GET"]}}],"collection":[{"href":"https:\/\/www.moskito.cz\/pl\/wp-json\/wp\/v2\/product"}],"about":[{"href":"https:\/\/www.moskito.cz\/pl\/wp-json\/wp\/v2\/types\/product"}],"replies":[{"embeddable":true,"href":"https:\/\/www.moskito.cz\/pl\/wp-json\/wp\/v2\/comments?post=356016"}],"wp:featuredmedia":[{"embeddable":true,"href":"https:\/\/www.moskito.cz\/pl\/wp-json\/wp\/v2\/media\/355983"}],"wp:attachment":[{"href":"https:\/\/www.moskito.cz\/pl\/wp-json\/wp\/v2\/media?parent=356016"}],"wp:term":[{"taxonomy":"pwb-brand","embeddable":true,"href":"https:\/\/www.moskito.cz\/pl\/wp-json\/wp\/v2\/pwb-brand?post=356016"},{"taxonomy":"product_brand","embeddable":true,"href":"https:\/\/www.moskito.cz\/pl\/wp-json\/wp\/v2\/product_brand?post=356016"},{"taxonomy":"product_cat","embeddable":true,"href":"https:\/\/www.moskito.cz\/pl\/wp-json\/wp\/v2\/product_cat?post=356016"},{"taxonomy":"product_tag","embeddable":true,"href":"https:\/\/www.moskito.cz\/pl\/wp-json\/wp\/v2\/product_tag?post=356016"}],"curies":[{"name":"wp","href":"https:\/\/api.w.org\/{rel}","templated":true}]}}