{"id":356121,"date":"2023-07-17T15:11:55","date_gmt":"2024-08-13T12:42:28","guid":{"rendered":"https:\/\/www.moskito.cz\/produkt\/naprawiono-noz-muela-95-191\/"},"modified":"2025-05-07T11:22:58","modified_gmt":"2025-05-07T10:22:58","slug":"naprawiono-noz-muela-95-191","status":"publish","type":"product","link":"https:\/\/www.moskito.cz\/pl\/produkt\/naprawiono-noz-muela-95-191\/","title":{"rendered":"Naprawiono n\u00f3\u017c Muela 95-191"},"content":{"rendered":"<p>N\u00f3\u017c sta\u0142y <strong>Muela<\/strong> 95-191 Je\u015bli jeste\u015b mi\u0142o\u015bnikiem przyg\u00f3d na \u015bwie\u017cym powietrzu i szukasz no\u017ca wysokiej jako\u015bci, n\u00f3\u017c Muela 95-191 b\u0119dzie dla Ciebie idealnym wyborem. Ten n\u00f3\u017c przygodowy to produkt presti\u017cowego producenta Muela, kt\u00f3ry od ponad 60 lat zajmuje si\u0119 produkcj\u0105 wysokiej jako\u015bci narz\u0119dzi skrawaj\u0105cych. Ostrze no\u017ca 95-191 wykonane zosta\u0142o z najwy\u017cszej jako\u015bci stali 420H, co nadaje mu wysok\u0105 twardo\u015b\u0107 57-58 HRC, co oznacza, \u017ce \u200b\u200bjest w stanie zachowa\u0107 ostro\u015b\u0107 przez d\u0142ugi czas. Ponadto ostrze ma rozmiar 19 cm, dzi\u0119ki czemu idealnie nadaje si\u0119 do szerokiego zakresu zastosowa\u0144. R\u0119koje\u015b\u0107 no\u017ca Muela 95-191 wykonana zosta\u0142a z czarnej gumy, kt\u00f3ra zapewnia pewny i pewny chwyt nawet w trudnych warunkach. Funkcja ta jest szczeg\u00f3lnie przydatna podczas aktywno\u015bci na \u015bwie\u017cym powietrzu, gdzie n\u00f3\u017c mo\u017ce zosta\u0107 zamoczony lub zabrudzony. Chwyt jest r\u00f3wnie\u017c bardzo wygodny i doskonale dopasowuje si\u0119 do d\u0142oni u\u017cytkownika, zmniejszaj\u0105c zm\u0119czenie podczas d\u0142ugotrwa\u0142ego u\u017cytkowania. Do no\u017ca do\u0142\u0105czona jest sk\u00f3rzana pochwa, kt\u00f3ra zabezpiecza i chroni ostrze, gdy nie jest u\u017cywane. Pochwa jest bardzo mocna, trwa\u0142a i zosta\u0142a zaprojektowana specjalnie dla tego no\u017ca, co oznacza, \u017ce \u200b\u200bdobrze pasuje, zapobiega ze\u015blizgiwaniu si\u0119 i zapewnia sta\u0142\u0105 ochron\u0119. N\u00f3\u017c Muela 95-191 ma ca\u0142kowity rozmiar 31,5 cm i wag\u0119 390 gram\u00f3w, co u\u0142atwia transport i obs\u0142ug\u0119 w ka\u017cdej sytuacji. Je\u015bli szukasz wysokiej jako\u015bci, trwa\u0142ego i niezawodnego no\u017ca do przyg\u00f3d na \u015bwie\u017cym powietrzu, n\u00f3\u017c Muela 95-191 b\u0119dzie doskona\u0142ym wyborem. Zdob\u0105d\u017a swoje i ciesz si\u0119 wyj\u0105tkowymi wra\u017ceniami z ci\u0119cia! Wysokiej jako\u015bci ostrze ze stali 420H i twardo\u015b\u0107 57-58 HRC Czarna gumowa r\u0119koje\u015b\u0107 zapewnia pewny i wygodny chwyt Mocne i trwa\u0142e sk\u00f3rzane etui Rozmiar ca\u0142kowity 31,5 cm i waga 390 gram\u00f3w              &nbsp;<\/p>\n","protected":false},"excerpt":{"rendered":"<p><strong>Je\u015bli jeste\u015b mi\u0142o\u015bnikiem przyg\u00f3d na \u015bwie\u017cym powietrzu i szukasz wysokiej jako\u015bci no\u017ca, n\u00f3\u017c Muela 95-191 b\u0119dzie dla Ciebie idealnym wyborem.<\/strong><\/p>\n","protected":false},"featured_media":356122,"comment_status":"open","ping_status":"closed","template":"","meta":[],"pwb-brand":[3912],"product_brand":[],"product_cat":[3296,3297],"product_tag":[3671],"class_list":{"0":"post-356121","1":"product","2":"type-product","3":"status-publish","4":"has-post-thumbnail","6":"pwb-brand-musiala","7":"product_cat-noze-pl","8":"product_cat-solidne-noze","9":"product_tag-b2b-pl","11":"first","12":"instock","13":"taxable","14":"shipping-taxable","15":"purchasable","16":"product-type-simple"},"brands":[{"id":3912,"name":"Musia\u0142a","slug":"musiala"}],"_links":{"self":[{"href":"https:\/\/www.moskito.cz\/pl\/wp-json\/wp\/v2\/product\/356121","targetHints":{"allow":["GET"]}}],"collection":[{"href":"https:\/\/www.moskito.cz\/pl\/wp-json\/wp\/v2\/product"}],"about":[{"href":"https:\/\/www.moskito.cz\/pl\/wp-json\/wp\/v2\/types\/product"}],"replies":[{"embeddable":true,"href":"https:\/\/www.moskito.cz\/pl\/wp-json\/wp\/v2\/comments?post=356121"}],"wp:featuredmedia":[{"embeddable":true,"href":"https:\/\/www.moskito.cz\/pl\/wp-json\/wp\/v2\/media\/356122"}],"wp:attachment":[{"href":"https:\/\/www.moskito.cz\/pl\/wp-json\/wp\/v2\/media?parent=356121"}],"wp:term":[{"taxonomy":"pwb-brand","embeddable":true,"href":"https:\/\/www.moskito.cz\/pl\/wp-json\/wp\/v2\/pwb-brand?post=356121"},{"taxonomy":"product_brand","embeddable":true,"href":"https:\/\/www.moskito.cz\/pl\/wp-json\/wp\/v2\/product_brand?post=356121"},{"taxonomy":"product_cat","embeddable":true,"href":"https:\/\/www.moskito.cz\/pl\/wp-json\/wp\/v2\/product_cat?post=356121"},{"taxonomy":"product_tag","embeddable":true,"href":"https:\/\/www.moskito.cz\/pl\/wp-json\/wp\/v2\/product_tag?post=356121"}],"curies":[{"name":"wp","href":"https:\/\/api.w.org\/{rel}","templated":true}]}}