{"id":356140,"date":"2024-08-13T13:38:49","date_gmt":"2024-08-13T12:42:44","guid":{"rendered":"https:\/\/www.moskito.cz\/produkt\/naprawiono-noz-muela-scorpion-19w\/"},"modified":"2025-05-07T11:22:59","modified_gmt":"2025-05-07T10:22:59","slug":"naprawiono-noz-muela-scorpion-19w","status":"publish","type":"product","link":"https:\/\/www.moskito.cz\/pl\/produkt\/naprawiono-noz-muela-scorpion-19w\/","title":{"rendered":"Naprawiono n\u00f3\u017c Muela SCORPION-19W"},"content":{"rendered":"<p>Naprawiono n\u00f3\u017c <strong>Muela<\/strong> SCORPION-19W. N\u00f3\u017c taktyczny Muela posiada gumow\u0105 r\u0119koje\u015b\u0107 oraz dwustronn\u0105 os\u0142on\u0119. R\u0119koje\u015b\u0107 jest na ca\u0142ej powierzchni chropowata, rade\u0142kowana, na ko\u0144cu r\u0119koje\u015bci znajduje si\u0119 otw\u00f3r z wydr\u0105\u017conym mosi\u0119\u017cnym nitem, przez kt\u00f3ry mo\u017cna przewlec sznurek. N\u00f3\u017c bojowy Muela Scorpion 19W odpowiedni do cel\u00f3w bojowych, samoobrony, survivalu lub dla mi\u0142o\u015bnik\u00f3w no\u017cy wojskowych. Posiada solidne ostrze Dagger z g\u0142adk\u0105 kraw\u0119dzi\u0105 ze stali molibdenowo-wanadowej z satynowym wyko\u0144czeniem. Z czarn\u0105 metalow\u0105 dwustronn\u0105 os\u0142on\u0105 chroni\u0105c\u0105 d\u0142o\u0144. R\u0119koje\u015b\u0107 wykonana jest z czarnej gumy, z teksturowan\u0105 powierzchni\u0105 zapobiegaj\u0105c\u0105 \u015blizganiu si\u0119 w d\u0142oni. D\u0142ugo\u015b\u0107 ca\u0142kowita: 31 cm D\u0142ugo\u015b\u0107 ostrza: 19 cm Waga: 441 g Materia\u0142 ostrza: X50CrMoV15 Materia\u0142 r\u0119koje\u015bci: guma Pochwa: czarna sk\u00f3ra       <\/p>\n","protected":false},"excerpt":{"rendered":"<p><strong>N\u00f3\u017c taktyczny Muela posiada gumow\u0105 r\u0119koje\u015b\u0107 oraz dwustronn\u0105 os\u0142on\u0119. R\u0119koje\u015b\u0107 jest na ca\u0142ej powierzchni chropowata, rade\u0142kowana, na ko\u0144cu r\u0119koje\u015bci znajduje si\u0119 otw\u00f3r z wydr\u0105\u017conym mosi\u0119\u017cnym nitem, przez kt\u00f3ry mo\u017cna przewlec sznurek. <\/strong><\/p>\n","protected":false},"featured_media":356072,"comment_status":"open","ping_status":"closed","template":"","meta":[],"pwb-brand":[3912],"product_brand":[],"product_cat":[3297,3296],"product_tag":[3671],"class_list":{"0":"post-356140","1":"product","2":"type-product","3":"status-publish","4":"has-post-thumbnail","6":"pwb-brand-musiala","7":"product_cat-solidne-noze","8":"product_cat-noze-pl","9":"product_tag-b2b-pl","11":"first","12":"outofstock","13":"taxable","14":"shipping-taxable","15":"purchasable","16":"product-type-simple"},"brands":[{"id":3912,"name":"Musia\u0142a","slug":"musiala"}],"_links":{"self":[{"href":"https:\/\/www.moskito.cz\/pl\/wp-json\/wp\/v2\/product\/356140","targetHints":{"allow":["GET"]}}],"collection":[{"href":"https:\/\/www.moskito.cz\/pl\/wp-json\/wp\/v2\/product"}],"about":[{"href":"https:\/\/www.moskito.cz\/pl\/wp-json\/wp\/v2\/types\/product"}],"replies":[{"embeddable":true,"href":"https:\/\/www.moskito.cz\/pl\/wp-json\/wp\/v2\/comments?post=356140"}],"wp:featuredmedia":[{"embeddable":true,"href":"https:\/\/www.moskito.cz\/pl\/wp-json\/wp\/v2\/media\/356072"}],"wp:attachment":[{"href":"https:\/\/www.moskito.cz\/pl\/wp-json\/wp\/v2\/media?parent=356140"}],"wp:term":[{"taxonomy":"pwb-brand","embeddable":true,"href":"https:\/\/www.moskito.cz\/pl\/wp-json\/wp\/v2\/pwb-brand?post=356140"},{"taxonomy":"product_brand","embeddable":true,"href":"https:\/\/www.moskito.cz\/pl\/wp-json\/wp\/v2\/product_brand?post=356140"},{"taxonomy":"product_cat","embeddable":true,"href":"https:\/\/www.moskito.cz\/pl\/wp-json\/wp\/v2\/product_cat?post=356140"},{"taxonomy":"product_tag","embeddable":true,"href":"https:\/\/www.moskito.cz\/pl\/wp-json\/wp\/v2\/product_tag?post=356140"}],"curies":[{"name":"wp","href":"https:\/\/api.w.org\/{rel}","templated":true}]}}