{"id":356230,"date":"2024-08-13T13:55:06","date_gmt":"2024-08-13T20:03:33","guid":{"rendered":"https:\/\/www.moskito.cz\/produkt\/naprawiono-noz-muela-tanto-19w\/"},"modified":"2025-05-07T11:23:01","modified_gmt":"2025-05-07T10:23:01","slug":"naprawiono-noz-muela-tanto-19w","status":"publish","type":"product","link":"https:\/\/www.moskito.cz\/pl\/produkt\/naprawiono-noz-muela-tanto-19w\/","title":{"rendered":"Naprawiono n\u00f3\u017c Muela TANTO-19W"},"content":{"rendered":"<p>Naprawiono n\u00f3\u017c <strong>Muela<\/strong> TANTO-19W. N\u00f3\u017c <strong>Muela TANTO-19W<\/strong> ze sta\u0142\u0105 kling\u0105 hiszpa\u0144skiej firmy Muela, konstrukcja full tang. Wykonane ze stali molibdenowo-wanadowej MoVa. Niezwykle wytrzyma\u0142y, z masywnym ostrzem, wytrzyma ka\u017cd\u0105 prac\u0119 w ka\u017cdych warunkach bez \u017cadnych uszkodze\u0144. Idealny na kemping jako n\u00f3\u017c taktyczny, n\u00f3\u017c survivalowy, n\u00f3\u017c my\u015bliwski, n\u00f3\u017c EDC. G\u0142ownia jest masywna o profilu Tanto o grubo\u015bci 5.4 mm, utwardzana w przedziale 57-58 HRC. Wykonane ze stali nierdzewnej X50CrMoV15, wytrzyma\u0142ej, o dobrej ostro\u015bci, ze stali molibdenowo-wanadowej. Klinga pokryta jest nierefleksyjn\u0105, satynow\u0105 powierzchni\u0105 (p\u00f3\u0142mat), kt\u00f3ra eliminuje odblaski. Tarcza g\u0142adka typu g\u0142adkiego o szlifie wkl\u0119s\u0142ym zapewnia dobre w\u0142a\u015bciwo\u015bci tn\u0105ce. R\u0119koje\u015b\u0107 pokryta utwardzan\u0105 gum\u0105 syntetyczn\u0105 w kolorze czarnym, gwarantuje bardzo dobry chwyt. N\u00f3\u017c nie wy\u015blizguje si\u0119 z d\u0142oni, a mocny i pewny chwyt pozwala na wykonywanie precyzyjnych ruch\u00f3w no\u017cem.          Z ty\u0142u r\u0119koje\u015bci znajduje si\u0119 powi\u0119kszony otw\u00f3r na link\u0119. Pochwa wykonana z czarnej sk\u00f3ry, zapinana na zatrzask, umo\u017cliwia bezpieczne przenoszenie no\u017ca. Wykonane ze sk\u00f3ry i wodoodpornego nylonu. Brzegi pochwy obszyto ozdobn\u0105 nici\u0105. Na sk\u00f3rze napis MUELA TACTICAL KNIVES. W pochwie znajduje si\u0119 zaczep do paska lub osprz\u0119t pozwalaj\u0105cy na noszenie no\u017ca w pozycji pionowej. Stal: X50CrMoV15 D\u0142ugo\u015b\u0107 ostrza: 19 cm Grubo\u015b\u0107 ostrza: 0,54 cm D\u0142ugo\u015b\u0107 ca\u0142kowita: 3,23 cm Waga: 330 g Typ ostrza: Tanto Materia\u0142 r\u0119koje\u015bci: Guma Pochwa: Sk\u00f3ra i nylon Producent: Muela, Hiszpania     <\/p>\n","protected":false},"excerpt":{"rendered":"<p><strong>Solidny n\u00f3\u017c hiszpa\u0144skiej firmy Muela z ostrzem tanto o uniwersalnym zastosowaniu.<\/strong><\/p>\n","protected":false},"featured_media":356149,"comment_status":"open","ping_status":"closed","template":"","meta":[],"pwb-brand":[3912],"product_brand":[],"product_cat":[3296,3297],"product_tag":[3671],"class_list":{"0":"post-356230","1":"product","2":"type-product","3":"status-publish","4":"has-post-thumbnail","6":"pwb-brand-musiala","7":"product_cat-noze-pl","8":"product_cat-solidne-noze","9":"product_tag-b2b-pl","11":"first","12":"instock","13":"taxable","14":"shipping-taxable","15":"purchasable","16":"product-type-simple"},"brands":[{"id":3912,"name":"Musia\u0142a","slug":"musiala"}],"_links":{"self":[{"href":"https:\/\/www.moskito.cz\/pl\/wp-json\/wp\/v2\/product\/356230","targetHints":{"allow":["GET"]}}],"collection":[{"href":"https:\/\/www.moskito.cz\/pl\/wp-json\/wp\/v2\/product"}],"about":[{"href":"https:\/\/www.moskito.cz\/pl\/wp-json\/wp\/v2\/types\/product"}],"replies":[{"embeddable":true,"href":"https:\/\/www.moskito.cz\/pl\/wp-json\/wp\/v2\/comments?post=356230"}],"wp:featuredmedia":[{"embeddable":true,"href":"https:\/\/www.moskito.cz\/pl\/wp-json\/wp\/v2\/media\/356149"}],"wp:attachment":[{"href":"https:\/\/www.moskito.cz\/pl\/wp-json\/wp\/v2\/media?parent=356230"}],"wp:term":[{"taxonomy":"pwb-brand","embeddable":true,"href":"https:\/\/www.moskito.cz\/pl\/wp-json\/wp\/v2\/pwb-brand?post=356230"},{"taxonomy":"product_brand","embeddable":true,"href":"https:\/\/www.moskito.cz\/pl\/wp-json\/wp\/v2\/product_brand?post=356230"},{"taxonomy":"product_cat","embeddable":true,"href":"https:\/\/www.moskito.cz\/pl\/wp-json\/wp\/v2\/product_cat?post=356230"},{"taxonomy":"product_tag","embeddable":true,"href":"https:\/\/www.moskito.cz\/pl\/wp-json\/wp\/v2\/product_tag?post=356230"}],"curies":[{"name":"wp","href":"https:\/\/api.w.org\/{rel}","templated":true}]}}