{"id":356280,"date":"2024-08-14T09:20:16","date_gmt":"2024-08-14T08:20:43","guid":{"rendered":"https:\/\/www.moskito.cz\/produkt\/naprawiono-noz-muela-jabali-17m\/"},"modified":"2025-05-07T11:23:03","modified_gmt":"2025-05-07T10:23:03","slug":"naprawiono-noz-muela-jabali-17m","status":"publish","type":"product","link":"https:\/\/www.moskito.cz\/pl\/produkt\/naprawiono-noz-muela-jabali-17m\/","title":{"rendered":"Naprawiono n\u00f3\u017c Muela JABALI-17M"},"content":{"rendered":"<p>N\u00f3\u017c my\u015bliwski <strong>Muela<\/strong> JABALI-17M Jabali Black Micarta, satynowy n\u00f3\u017c my\u015bliwski ze sta\u0142\u0105 kling\u0105 firmy Muela o profilu Drop Point. Wysoka jako\u015b\u0107, dba\u0142o\u015b\u0107 o szczeg\u00f3\u0142y, n\u00f3\u017c dla kolekcjoner\u00f3w, mi\u0142o\u015bnik\u00f3w polowa\u0144. R\u0119koje\u015b\u0107 z micarty, antypo\u015blizgowa. Sk\u00f3rzana walizka. 1.4116, X50CrMoV15 &#8211; stal molibdenowo-wanadowa stosowana na wysokiej klasy no\u017ce, sztu\u0107ce i narz\u0119dzia chirurgiczne. Charakteryzuje si\u0119 stosunkowo du\u017c\u0105 twardo\u015bci\u0105 jak stale nierdzewne. Odporny na korozj\u0119 w warunkach kuchennych. Jest zalecan\u0105 alternatyw\u0105 dla materia\u0142u 1.4034 \/ X46Cr13 \/ 4H13. Sk\u0142ad chemiczny wzbogacono o zawarto\u015b\u0107 chromu, molibdenu oraz dodatek wanadu. G\u0142ownia &#8211; niezwykle ostra o kszta\u0142cie Drop Point, idealna do survivalu i polowa\u0144. Ostrze g\u0142adkie Plain wyprowadzono w drodze szlifu wkl\u0119s\u0142ego (Hollow Grind), co zapewnia doskona\u0142\u0105 geometri\u0119 ostrza i ekstremaln\u0105 wydajno\u015b\u0107 ci\u0119cia. Fa\u0142szywe ostrze znajduj\u0105ce si\u0119 w tylnej cz\u0119\u015bci ostrza zwi\u0119ksza mo\u017cliwo\u015bci tn\u0105ce no\u017ca. Ca\u0142e ostrze wyko\u0144czone jest eleganckim satynowym wyko\u0144czeniem. Du\u017ce dolne ricasso zabezpiecza d\u0142o\u0144 przed \u015blizganiem si\u0119 po ostrzu. Ricasso na ca\u0142ej d\u0142ugo\u015bci pozwala na oparcie palca przed r\u0119koje\u015bci\u0105, co przek\u0142ada si\u0119 na znacznie dok\u0142adniejsze prowadzenie ostrza. R\u0119koje\u015b\u0107 &#8211; wykonana z t\u0142oczonego ci\u015bnieniowo p\u0142\u00f3tna Micarta z \u017cywic\u0105 syntetyczn\u0105. Teksturowana powierzchnia wy\u015bci\u00f3\u0142ki zapewnia wygodny chwyt. R\u0119koje\u015b\u0107 przykr\u0119cona zosta\u0142a bezpo\u015brednio do strzemienia, dzi\u0119ki czemu ca\u0142a konstrukcja jest bardzo sztywna i trwa\u0142a. Pochwa &#8211; r\u0119cznie szyta, ze sk\u00f3ry naturalnej w kolorze br\u0105zowym z wyt\u0142oczonym logo producenta. Mocowanie do paska lub zbroi umo\u017cliwia noszenie no\u017ca w pozycji pionowej. Grupa Muela jest obecnie jedn\u0105 z wiod\u0105cych firm w dziedzinie r\u0119cznie robionych no\u017cy my\u015bliwskich, zar\u00f3wno w Hiszpanii, jak i na \u015bwiecie, a jej no\u017ce i scyzoryki ciesz\u0105 si\u0119 du\u017cym uznaniem ze wzgl\u0119du na najwy\u017csz\u0105 jako\u015b\u0107 wykonania. Dane techniczne: Numer produktu: JABALI-17M Nazwa produktu: Jabali Black Micarta, satyna D\u0142ugo\u015b\u0107 ca\u0142kowita: 30 cm \/ 11,8 cala D\u0142ugo\u015b\u0107 ostrza: 17 cm \/ 6,69 cala D\u0142ugo\u015b\u0107 r\u0119koje\u015bci: 13 cm \/ 5,12 cala Grubo\u015b\u0107 ostrza: 0,45 cm \/ 0,18 cala Grubo\u015b\u0107 r\u0119koje\u015bci: nd Waga : 371,0 g \/ 13,1 uncji Materia\u0142 ostrza: X50CrMoV15 Twardo\u015b\u0107 ostrza: II Szlif ostrza: Puste Wyko\u0144czenie ostrza: Satyna Materia\u0142 r\u0119koje\u015bci: Micarta Wyko\u0144czenie r\u0119koje\u015bci Kolor: Czarny Pochwa (Obudowa): Sk\u00f3ra Inne akcesoria: Brak Projektant: Muela Nazwa handlowa: Muela Producent: Manufacturas Muela, SA, Hiszpania Kraj pochodzenia: Hiszpania  &nbsp;<\/p>\n","protected":false},"excerpt":{"rendered":"<p><strong>Jabali Black Micarta, satynowy n\u00f3\u017c my\u015bliwski ze sta\u0142\u0105 kling\u0105 marki Muel o profilu Drop Point. Wysoka jako\u015b\u0107, dba\u0142o\u015b\u0107 o szczeg\u00f3\u0142y, n\u00f3\u017c dla kolekcjoner\u00f3w, mi\u0142o\u015bnik\u00f3w polowa\u0144.<\/strong><\/p>\n","protected":false},"featured_media":356248,"comment_status":"open","ping_status":"closed","template":"","meta":[],"pwb-brand":[3912],"product_brand":[],"product_cat":[3296,3297],"product_tag":[3671],"class_list":{"0":"post-356280","1":"product","2":"type-product","3":"status-publish","4":"has-post-thumbnail","6":"pwb-brand-musiala","7":"product_cat-noze-pl","8":"product_cat-solidne-noze","9":"product_tag-b2b-pl","11":"first","12":"outofstock","13":"taxable","14":"shipping-taxable","15":"purchasable","16":"product-type-simple"},"brands":[{"id":3912,"name":"Musia\u0142a","slug":"musiala"}],"_links":{"self":[{"href":"https:\/\/www.moskito.cz\/pl\/wp-json\/wp\/v2\/product\/356280","targetHints":{"allow":["GET"]}}],"collection":[{"href":"https:\/\/www.moskito.cz\/pl\/wp-json\/wp\/v2\/product"}],"about":[{"href":"https:\/\/www.moskito.cz\/pl\/wp-json\/wp\/v2\/types\/product"}],"replies":[{"embeddable":true,"href":"https:\/\/www.moskito.cz\/pl\/wp-json\/wp\/v2\/comments?post=356280"}],"wp:featuredmedia":[{"embeddable":true,"href":"https:\/\/www.moskito.cz\/pl\/wp-json\/wp\/v2\/media\/356248"}],"wp:attachment":[{"href":"https:\/\/www.moskito.cz\/pl\/wp-json\/wp\/v2\/media?parent=356280"}],"wp:term":[{"taxonomy":"pwb-brand","embeddable":true,"href":"https:\/\/www.moskito.cz\/pl\/wp-json\/wp\/v2\/pwb-brand?post=356280"},{"taxonomy":"product_brand","embeddable":true,"href":"https:\/\/www.moskito.cz\/pl\/wp-json\/wp\/v2\/product_brand?post=356280"},{"taxonomy":"product_cat","embeddable":true,"href":"https:\/\/www.moskito.cz\/pl\/wp-json\/wp\/v2\/product_cat?post=356280"},{"taxonomy":"product_tag","embeddable":true,"href":"https:\/\/www.moskito.cz\/pl\/wp-json\/wp\/v2\/product_tag?post=356280"}],"curies":[{"name":"wp","href":"https:\/\/api.w.org\/{rel}","templated":true}]}}