{"id":356290,"date":"2023-07-17T16:27:08","date_gmt":"2023-07-17T15:27:08","guid":{"rendered":"https:\/\/www.moskito.cz\/produkt\/naprawiono-noz-muela-bufalo-17m\/"},"modified":"2025-11-24T17:22:04","modified_gmt":"2025-11-24T16:22:04","slug":"naprawiono-noz-muela-bufalo-17m","status":"publish","type":"product","link":"https:\/\/www.moskito.cz\/pl\/produkt\/naprawiono-noz-muela-bufalo-17m\/","title":{"rendered":"Naprawiono n\u00f3\u017c Muela BUFALO-17M"},"content":{"rendered":"<p>N\u00f3\u017c sta\u0142y <strong>Muela<\/strong> BUFALO-17M<\/p>\n<p> Du\u017cy i wytrzyma\u0142y n\u00f3\u017c my\u015bliwski i outdoorowy o d\u0142ugo\u015bci ca\u0142kowitej 290 mm i wadze 320 gram\u00f3w, wyprodukowany w Hiszpanii<br \/>\n Ostrze ze stali nierdzewnej, specjalny kszta\u0142t CIP, bardzo ostre, d\u0142ugo\u015b\u0107 170 mm, \u0142atwe do ostrzenia, napisy Muela potwierdzaj\u0105ce oryginalno\u015b\u0107 no\u017cy<br \/>\n Du\u017cy i solidny uchwyt z szarego i niklowanego drewna, solidna os\u0142ona dla ochrony, rowki na palce dla dobrego chwytu, rozmiar 120 mm<br \/>\n Wysokiej jako\u015bci czarna sk\u00f3rzana pochwa, zapinana na zatrzask, zapewnia ochron\u0119 no\u017ca.<\/p>\n<p> Materia\u0142 ostrza: MoVa<br \/>\n Materia\u0142 uchwytu: Pakka<br \/>\n Materia\u0142 obudowy: Sk\u00f3ra<br \/>\n D\u0142ugo\u015b\u0107 ostrza: 17 cm<br \/>\n D\u0142ugo\u015b\u0107 ca\u0142kowita: 29 cm<br \/>\n D\u0142ugo\u015b\u0107 r\u0105czki: 12,5 cm<br \/>\n Wysoko\u015b\u0107 ostrza: 16 cm<br \/>\n Waga: 320g<\/p>\n<p>&nbsp;<\/p>\n","protected":false},"excerpt":{"rendered":"<p><strong>Du\u017cy i solidny n\u00f3\u017c my\u015bliwski i outdoorowy o ca\u0142kowitym rozmiarze 290 mm i wadze 320 gram\u00f3w, wyprodukowany w Hiszpanii.<\/strong><\/p>\n","protected":false},"featured_media":356291,"comment_status":"open","ping_status":"closed","template":"","meta":[],"pwb-brand":[3912],"product_brand":[],"product_cat":[3297,3296],"product_tag":[3671],"class_list":{"0":"post-356290","1":"product","2":"type-product","3":"status-publish","4":"has-post-thumbnail","6":"pwb-brand-musiala","7":"product_cat-solidne-noze","8":"product_cat-noze-pl","9":"product_tag-b2b-pl","11":"first","12":"outofstock","13":"taxable","14":"shipping-taxable","15":"purchasable","16":"product-type-simple"},"brands":[{"id":3912,"name":"Musia\u0142a","slug":"musiala"}],"_links":{"self":[{"href":"https:\/\/www.moskito.cz\/pl\/wp-json\/wp\/v2\/product\/356290","targetHints":{"allow":["GET"]}}],"collection":[{"href":"https:\/\/www.moskito.cz\/pl\/wp-json\/wp\/v2\/product"}],"about":[{"href":"https:\/\/www.moskito.cz\/pl\/wp-json\/wp\/v2\/types\/product"}],"replies":[{"embeddable":true,"href":"https:\/\/www.moskito.cz\/pl\/wp-json\/wp\/v2\/comments?post=356290"}],"wp:featuredmedia":[{"embeddable":true,"href":"https:\/\/www.moskito.cz\/pl\/wp-json\/wp\/v2\/media\/356291"}],"wp:attachment":[{"href":"https:\/\/www.moskito.cz\/pl\/wp-json\/wp\/v2\/media?parent=356290"}],"wp:term":[{"taxonomy":"pwb-brand","embeddable":true,"href":"https:\/\/www.moskito.cz\/pl\/wp-json\/wp\/v2\/pwb-brand?post=356290"},{"taxonomy":"product_brand","embeddable":true,"href":"https:\/\/www.moskito.cz\/pl\/wp-json\/wp\/v2\/product_brand?post=356290"},{"taxonomy":"product_cat","embeddable":true,"href":"https:\/\/www.moskito.cz\/pl\/wp-json\/wp\/v2\/product_cat?post=356290"},{"taxonomy":"product_tag","embeddable":true,"href":"https:\/\/www.moskito.cz\/pl\/wp-json\/wp\/v2\/product_tag?post=356290"}],"curies":[{"name":"wp","href":"https:\/\/api.w.org\/{rel}","templated":true}]}}