{"id":356319,"date":"2023-07-17T15:55:37","date_gmt":"2024-08-14T08:31:29","guid":{"rendered":"https:\/\/www.moskito.cz\/produkt\/solidny-noz-muela-caribu-ol\/"},"modified":"2025-05-07T11:23:06","modified_gmt":"2025-05-07T10:23:06","slug":"solidny-noz-muela-caribu-ol","status":"publish","type":"product","link":"https:\/\/www.moskito.cz\/pl\/produkt\/solidny-noz-muela-caribu-ol\/","title":{"rendered":"Solidny n\u00f3\u017c Muela CARIBU.OL"},"content":{"rendered":"<p>N\u00f3\u017c sta\u0142y <strong>Muela<\/strong> CARIBU.OL N\u00f3\u017c my\u015bliwsko-sportowy wyprodukowany przez hiszpa\u0144sk\u0105 firm\u0119 Muela model CARIBU.OL, przeznaczony szczeg\u00f3lnie do prac wyko\u0144czeniowych i polowa\u0144. Jednocz\u0119\u015bciowe ostrze wykonane ze stali MoVa (1.4116). R\u0119koje\u015b\u0107 z drewna oliwnego. Mosi\u0119\u017cna os\u0142ona i g\u0142owica. Br\u0105zowe sk\u00f3rzane etui. Caribu.G, oryginalny n\u00f3\u017c Remate hiszpa\u0144skiej firmy <strong>Muela<\/strong> . Wysoka jako\u015b\u0107 u\u017cytych materia\u0142\u00f3w i precyzyjne wykonanie. Idealny n\u00f3\u017c dla kolekcjoner\u00f3w, mi\u0142o\u015bnik\u00f3w polowa\u0144, os\u00f3b ceni\u0105cych aktywny tryb \u017cycia. REMATE &#8211; nawi\u0105zuj\u0105cy do tradycji \u0142owieckiej Hiszpanii, Portugalii i po\u0142udniowej Francji, n\u00f3\u017c noszony przez my\u015bliwych podczas polowa\u0144 na dziki z psami. REMATE dos\u0142ownie oznacza \u201edoko\u0144czy\u0107\u201d. Tym s\u0142owem okre\u015bla si\u0119 wszystkie no\u017ce obosieczne, kt\u00f3rych d\u0142ugo\u015b\u0107 ostrza przekracza 17 cm \u2013 we Francji zalicza si\u0119 do nich no\u017ce typu bagnetowego.           1.4116, X50CrMoV15 &#8211; stal molibdenowo-wanadowa stosowana na wysokiej klasy no\u017ce, sztu\u0107ce i narz\u0119dzia chirurgiczne. Charakteryzuje si\u0119 stosunkowo du\u017c\u0105 twardo\u015bci\u0105 jak stale nierdzewne. Odporny na korozj\u0119 w warunkach kuchennych. Jest zalecan\u0105 alternatyw\u0105 dla materia\u0142u 1.4034 \/ X46Cr13 \/ 4H13. Sk\u0142ad chemiczny wzbogacono o zawarto\u015b\u0107 chromu, molibdenu oraz dodatek wanadu. G\u0142ownia &#8211; niezwykle ostra o kszta\u0142cie sztyletu, przypominaj\u0105ca grot w\u0142\u00f3czni. Doskona\u0142y do \u200b\u200bzastosowa\u0144 survivalowych i my\u015bliwskich. G\u0142adkie obustronnie ostrze Plain wyprowadzono w wyniku szlifowania wkl\u0119s\u0142ego (Hollow Grind), co zapewnia doskona\u0142\u0105 geometri\u0119 ostrza i ekstremaln\u0105 wydajno\u015b\u0107 ci\u0119cia. Ca\u0142o\u015b\u0107 wyko\u0144czona jest eleganckim satynowym wyko\u0144czeniem. Du\u017ca r\u0119koje\u015b\u0107 g\u00f3rna i dolna zabezpiecza d\u0142o\u0144 przed \u015blizganiem si\u0119 po g\u0142owni. R\u0119koje\u015b\u0107 &#8211; wykonana zosta\u0142a z drewna oliwnego, co zapewnia pewny chwyt w ka\u017cdych warunkach oraz doskona\u0142\u0105 absorpcj\u0119 drga\u0144.      Teksturowana powierzchnia wy\u015bci\u00f3\u0142ki zapewnia wygodny chwyt. R\u0119koje\u015b\u0107 osadzona jest bezpo\u015brednio na trzpieniu, co sprawia, \u017ce \u200b\u200bca\u0142a konstrukcja jest bardzo sztywna i trwa\u0142a. Pochwa &#8211; r\u0119cznie szyta, ze sk\u00f3ry naturalnej w kolorze br\u0105zowym z wyt\u0142oczonym logo producenta. Mocowanie do paska lub zbroi umo\u017cliwia noszenie no\u017ca w pozycji pionowej. Grupa Muela jest obecnie jedn\u0105 z wiod\u0105cych firm w dziedzinie r\u0119cznie robionych no\u017cy my\u015bliwskich, zar\u00f3wno w Hiszpanii, jak i na \u015bwiecie, a jej no\u017ce i scyzoryki ciesz\u0105 si\u0119 du\u017cym uznaniem ze wzgl\u0119du na najwy\u017csz\u0105 jako\u015b\u0107 wykonania.  &nbsp;  D\u0142ugo\u015b\u0107 ca\u0142kowita: 33,0 cm D\u0142ugo\u015b\u0107 ostrza: 20,5 cm Grubo\u015b\u0107 ostrza: &#8211; Rodzaj stali: MoVa (1.4116) Twardo\u015b\u0107 stali: 57-61 HRC Styl ostrza: sztylet Typ dr\u0105\u017cenia: P\u0142askie Wyko\u0144czenie ostrza: satynowane Rodzaj kraw\u0119dzi: G\u0142adka D\u0142ugo\u015b\u0107 uchwyt\u00f3w: 12,5 cm R\u0119koje\u015b\u0107 materia\u0142: oliwka i mosi\u0105dz Kolor uchwytu: br\u0105zowy Waga: 390 gram\u00f3w Sk\u00f3rzane etui Kraj pochodzenia: Hiszpania  &nbsp;<\/p>\n<p>&nbsp;<\/p>\n<p>&nbsp;<\/p>\n","protected":false},"excerpt":{"rendered":"<p><strong>Caribu.G, oryginalny n\u00f3\u017c Remate hiszpa\u0144skiej firmy Muela. Wysoka jako\u015b\u0107 u\u017cytych materia\u0142\u00f3w i precyzyjne wykonanie. Idealny n\u00f3\u017c dla kolekcjoner\u00f3w, mi\u0142o\u015bnik\u00f3w polowa\u0144, os\u00f3b ceni\u0105cych aktywny tryb \u017cycia.  <\/strong><\/p>\n","protected":false},"featured_media":356320,"comment_status":"open","ping_status":"closed","template":"","meta":[],"pwb-brand":[3912],"product_brand":[],"product_cat":[3296,3297],"product_tag":[3671],"class_list":{"0":"post-356319","1":"product","2":"type-product","3":"status-publish","4":"has-post-thumbnail","6":"pwb-brand-musiala","7":"product_cat-noze-pl","8":"product_cat-solidne-noze","9":"product_tag-b2b-pl","11":"first","12":"instock","13":"taxable","14":"shipping-taxable","15":"purchasable","16":"product-type-simple"},"brands":[{"id":3912,"name":"Musia\u0142a","slug":"musiala"}],"_links":{"self":[{"href":"https:\/\/www.moskito.cz\/pl\/wp-json\/wp\/v2\/product\/356319","targetHints":{"allow":["GET"]}}],"collection":[{"href":"https:\/\/www.moskito.cz\/pl\/wp-json\/wp\/v2\/product"}],"about":[{"href":"https:\/\/www.moskito.cz\/pl\/wp-json\/wp\/v2\/types\/product"}],"replies":[{"embeddable":true,"href":"https:\/\/www.moskito.cz\/pl\/wp-json\/wp\/v2\/comments?post=356319"}],"wp:featuredmedia":[{"embeddable":true,"href":"https:\/\/www.moskito.cz\/pl\/wp-json\/wp\/v2\/media\/356320"}],"wp:attachment":[{"href":"https:\/\/www.moskito.cz\/pl\/wp-json\/wp\/v2\/media?parent=356319"}],"wp:term":[{"taxonomy":"pwb-brand","embeddable":true,"href":"https:\/\/www.moskito.cz\/pl\/wp-json\/wp\/v2\/pwb-brand?post=356319"},{"taxonomy":"product_brand","embeddable":true,"href":"https:\/\/www.moskito.cz\/pl\/wp-json\/wp\/v2\/product_brand?post=356319"},{"taxonomy":"product_cat","embeddable":true,"href":"https:\/\/www.moskito.cz\/pl\/wp-json\/wp\/v2\/product_cat?post=356319"},{"taxonomy":"product_tag","embeddable":true,"href":"https:\/\/www.moskito.cz\/pl\/wp-json\/wp\/v2\/product_tag?post=356319"}],"curies":[{"name":"wp","href":"https:\/\/api.w.org\/{rel}","templated":true}]}}