{"id":356360,"date":"2024-08-14T09:42:07","date_gmt":"2024-08-14T08:43:05","guid":{"rendered":"https:\/\/www.moskito.cz\/produkt\/naprawiono-noz-muela-jabali-17r\/"},"modified":"2025-05-07T11:23:07","modified_gmt":"2025-05-07T10:23:07","slug":"naprawiono-noz-muela-jabali-17r","status":"publish","type":"product","link":"https:\/\/www.moskito.cz\/pl\/produkt\/naprawiono-noz-muela-jabali-17r\/","title":{"rendered":"Naprawiono n\u00f3\u017c Muela JABALI-17R"},"content":{"rendered":"<p>Naprawiono n\u00f3\u017c <strong>Muela<\/strong> JABALI-17R. <strong>JABALI-17R<\/strong> to kompaktowa wersja pe\u0142nowymiarowego no\u017ca JABALI-21R firmy Muel. Doskonale wywa\u017cony i wytrzyma\u0142y, wymarzony towarzysz podczas wypraw survivalowych lub poza miastem. Klasyczny n\u00f3\u017c ze sta\u0142\u0105 kling\u0105 i konstrukcj\u0105 full tang, wykonany z doskona\u0142ej stali molibdenowo-wanadowej MoVa. G\u0142ownia &#8211; ostra i masywna grubo\u015bci 4.5mm o profilu Bowiego i krwistym rowku po obu stronach.    Wykonane z hartowanej 57-58 HRC, wytrzyma\u0142ej stali nierdzewnej molibdenowo-wanadowej X50CrMoV15. Pokryty antyrefleksyjn\u0105 warstw\u0105 Satin Finish (p\u00f3\u0142mat). Ostrze g\u0142adkie (typ Plaint) wyprowadzono szlifem wkl\u0119s\u0142ym (Hollow Grind) umo\u017cliwiaj\u0105cym precyzyjne ci\u0119cie zar\u00f3wno powierzchni\u0105 tn\u0105c\u0105, jak i ultracienk\u0105 ko\u0144c\u00f3wk\u0105. R\u0119koje\u015b\u0107 &#8211; profilowana, pokryta kolorow\u0105, lakierowan\u0105 oklein\u0105 z drewna pakka w kolorze br\u0105zowym zapewnia ekskluzywny wygl\u0105d i pewny chwyt. R\u0119koje\u015b\u0107 wyko\u0144czona ozdobn\u0105 mosi\u0119\u017cn\u0105 polerowan\u0105 g\u0142\u00f3wk\u0105.    Etui &#8211; wykonane ze sk\u00f3ry naturalnej w kolorze br\u0105zowym. Pochwa z wyt\u0142oczonym logo producenta. Zapinana na zatrzask Prym z wyt\u0142oczonym logo firmy. Pochwa zosta\u0142a przeszyta ozdobn\u0105 nici\u0105. Mocowanie do paska lub przystawki umo\u017cliwia przesuwanie no\u017ca w pozycji pionowej. Specyfikacja techniczna: Numer produktu: JABALI-17R Typ stali: X50CrMoV15 D\u0142ugo\u015b\u0107 ostrza: 170,0 mm \/ 6,69 cala Grubo\u015b\u0107 ostrza: 4,5 mm \/ 0,16 cala D\u0142ugo\u015b\u0107 ca\u0142kowita: 300,0 mm \/ 11,81 cala Waga: 433,0 g \/ 15,27 uncji Typ ostrza: G\u0142adkie Typ ostrza : Bowie Typ kroju: Wkl\u0119s\u0142y uchwyt Podszewka: drewno pakka (koralowe drewno pakka) Pochwa: sk\u00f3ra Producent: Muela, Hiszpania     &nbsp;<\/p>\n","protected":false},"excerpt":{"rendered":"<p><strong>Doskonale wywa\u017cony i wytrzyma\u0142y, wymarzony towarzysz podczas wypraw survivalowych lub poza miastem. Klasyczny n\u00f3\u017c ze sta\u0142\u0105 kling\u0105 i konstrukcj\u0105 full tang, wykonany z doskona\u0142ej stali molibdenowo-wanadowej MoVa. <\/strong><\/p>\n","protected":false},"featured_media":356329,"comment_status":"open","ping_status":"closed","template":"","meta":[],"pwb-brand":[3912],"product_brand":[],"product_cat":[3296,3297],"product_tag":[3671],"class_list":{"0":"post-356360","1":"product","2":"type-product","3":"status-publish","4":"has-post-thumbnail","6":"pwb-brand-musiala","7":"product_cat-noze-pl","8":"product_cat-solidne-noze","9":"product_tag-b2b-pl","11":"first","12":"instock","13":"taxable","14":"shipping-taxable","15":"purchasable","16":"product-type-simple"},"brands":[{"id":3912,"name":"Musia\u0142a","slug":"musiala"}],"_links":{"self":[{"href":"https:\/\/www.moskito.cz\/pl\/wp-json\/wp\/v2\/product\/356360","targetHints":{"allow":["GET"]}}],"collection":[{"href":"https:\/\/www.moskito.cz\/pl\/wp-json\/wp\/v2\/product"}],"about":[{"href":"https:\/\/www.moskito.cz\/pl\/wp-json\/wp\/v2\/types\/product"}],"replies":[{"embeddable":true,"href":"https:\/\/www.moskito.cz\/pl\/wp-json\/wp\/v2\/comments?post=356360"}],"wp:featuredmedia":[{"embeddable":true,"href":"https:\/\/www.moskito.cz\/pl\/wp-json\/wp\/v2\/media\/356329"}],"wp:attachment":[{"href":"https:\/\/www.moskito.cz\/pl\/wp-json\/wp\/v2\/media?parent=356360"}],"wp:term":[{"taxonomy":"pwb-brand","embeddable":true,"href":"https:\/\/www.moskito.cz\/pl\/wp-json\/wp\/v2\/pwb-brand?post=356360"},{"taxonomy":"product_brand","embeddable":true,"href":"https:\/\/www.moskito.cz\/pl\/wp-json\/wp\/v2\/product_brand?post=356360"},{"taxonomy":"product_cat","embeddable":true,"href":"https:\/\/www.moskito.cz\/pl\/wp-json\/wp\/v2\/product_cat?post=356360"},{"taxonomy":"product_tag","embeddable":true,"href":"https:\/\/www.moskito.cz\/pl\/wp-json\/wp\/v2\/product_tag?post=356360"}],"curies":[{"name":"wp","href":"https:\/\/api.w.org\/{rel}","templated":true}]}}