{"id":356400,"date":"2024-08-14T09:50:36","date_gmt":"2024-08-14T08:50:36","guid":{"rendered":"https:\/\/www.moskito.cz\/produkt\/naprawiono-noz-muela-mirage-18n\/"},"modified":"2025-11-24T17:21:23","modified_gmt":"2025-11-24T16:21:23","slug":"naprawiono-noz-muela-mirage-18n","status":"publish","type":"product","link":"https:\/\/www.moskito.cz\/pl\/produkt\/naprawiono-noz-muela-mirage-18n\/","title":{"rendered":"Naprawiono n\u00f3\u017c Muela MIRAGE-18N"},"content":{"rendered":"<p>\ud83d\udde1\ufe0f N\u00f3\u017c Muela MIRAGE\u201118N ze sta\u0142ym ostrzem \u2013 ostrze ze stali nierdzewnej o d\u0142ugo\u015bci 18 cm, r\u0119koje\u015b\u0107 z czarnej gumy, sk\u00f3rzana pochwa<\/p>\n<p>Ciemno\u015b\u0107 wznosi si\u0119 z horyzontu niczym mira\u017c.<br \/>\n Trzymaj\u0105c n\u00f3\u017c Muela MIRAGE\u201118N w d\u0142oni, od razu poczujesz moc i pewno\u015b\u0107 siebie. Czarna, gumowa r\u0119koje\u015b\u0107 pewnie le\u017cy w d\u0142oni, czarne ostrze pokryte PTFE odbija \u015bwiat\u0142o, a n\u00f3\u017c wydaje si\u0119 gotowy, trwa\u0142y i niezawodny \u2013 gotowy do przetrwania, pracy i obrony. <\/p>\n<p>Ten n\u00f3\u017c nie ma nic wsp\u00f3lnego z wymy\u015blnym wygl\u0105dem.<br \/>\n To narz\u0119dzie do wymagaj\u0105cych sytuacji, dla ka\u017cdego, kto potrzebuje pewno\u015bci siebie i precyzyjnej kontroli. Otwieraj\u0105c je lub wyjmuj\u0105c z futera\u0142u, masz pewno\u015b\u0107, \u017ce trzymasz w r\u0119ku niezawodne narz\u0119dzie, gotowe do wykonania swoich zada\u0144 bez kompromis\u00f3w. <\/p>\n<p>\ud83c\udfed O producencie<\/p>\n<p>Muela to hiszpa\u0144ska marka z d\u0142ug\u0105 tradycj\u0105 produkcji no\u017cy my\u015bliwskich i taktycznych.<br \/>\n Ka\u017cdy n\u00f3\u017c zosta\u0142 zaprojektowany z my\u015bl\u0105 o niezawodno\u015bci, trwa\u0142o\u015bci i praktycznym u\u017cytkowaniu w warunkach rzeczywistych.<br \/>\n Model MIRAGE\u201118N nale\u017cy do serii taktycznej, \u0142\u0105cz\u0105cej w sobie masywne ostrze, ergonomiczn\u0105, antypo\u015blizgow\u0105 r\u0119koje\u015b\u0107 i tradycyjn\u0105 sk\u00f3rzan\u0105 pochw\u0119.<br \/>\n To n\u00f3\u017c \u0142\u0105cz\u0105cy w sobie praktyczno\u015b\u0107, charakter i niezawodno\u015b\u0107.<\/p>\n<p>\u2699\ufe0f Specyfikacja techniczna<br \/>\n Warto\u015b\u0107 parametru<br \/>\n D\u0142ugo\u015b\u0107 ca\u0142kowita ok. 29,5 cm<br \/>\n D\u0142ugo\u015b\u0107 ostrza 18 cm<br \/>\n Grubo\u015b\u0107 ostrza ok. 4 mm<br \/>\n Materia\u0142 ostrza: stal nierdzewna 420H<br \/>\n Twardo\u015b\u0107 54\u201358 HRC<br \/>\n Kszta\u0142t ostrza: Clip point \/ styl Bowie<br \/>\n Szlifowanie wkl\u0119s\u0142e<br \/>\n Powierzchnia ostrza Czarna pow\u0142oka PTFE<br \/>\n Uchwyt Czarna guma, antypo\u015blizgowy<br \/>\n Metalowa dwustronna os\u0142ona<br \/>\n Oczko na kabel Tak<br \/>\n Pochwa sk\u00f3rzana, czarna<br \/>\n Waga ok. 350 g<br \/>\n Kraj produkcji Hiszpania<\/p>\n<p>\u2705 G\u0142\u00f3wne korzy\u015bci<\/p>\n<p>Solidne ostrze o d\u0142ugo\u015bci 18 cm &#8211; uniwersalne do u\u017cytku na zewn\u0105trz i taktycznego.<\/p>\n<p>Czarna pow\u0142oka PTFE \u2013 zmniejsza tarcie, zwi\u0119ksza trwa\u0142o\u015b\u0107 i u\u0142atwia ci\u0119cie.<\/p>\n<p>Stal 420H \u2013 wytrzyma\u0142a, \u0142atwa do ostrzenia.<\/p>\n<p>Uchwyt antypo\u015blizgowy z gumy \u2013 pewny chwyt nawet w trudnych warunkach.<\/p>\n<p>Os\u0142ona metalowa \u2013 chroni d\u0142o\u0144 i zwi\u0119ksza bezpiecze\u0144stwo.<\/p>\n<p>Pochwa sk\u00f3rzana \u2013 tradycyjna, praktyczna i estetyczna.<\/p>\n<p>\u26a0\ufe0f Mo\u017cliwe ograniczenia<\/p>\n<p>Waga no\u017ca jest wy\u017csza o 350 g, n\u00f3\u017c jest wytrzyma\u0142y, wi\u0119c noszenie go przez d\u0142u\u017cszy czas mo\u017ce by\u0107 wyzwaniem.<\/p>\n<p>Stal 420H nie jest stal\u0105 super \u2013 jej wytrzyma\u0142o\u015b\u0107 kraw\u0119dzi jest ni\u017csza ni\u017c w przypadku materia\u0142\u00f3w najwy\u017cszej jako\u015bci.<\/p>\n<p>Intensywne u\u017cytkowanie mo\u017ce powodowa\u0107 stopniowe zu\u017cycie powierzchni pow\u0142oki PTFE.<\/p>\n<p>Sk\u00f3rzana pochwa wymaga piel\u0119gnacji, szczeg\u00f3lnie w wilgotnym \u015brodowisku.<\/p>\n<p>\ud83d\udee0\ufe0f Konserwacja i piel\u0119gnacja<\/p>\n<p>Po u\u017cyciu wyczy\u015b\u0107 i wysusz ostrze.<\/p>\n<p>Gumowy uchwyt mo\u017cna my\u0107 w \u0142agodnej wodzie; nie s\u0105 wymagane \u017cadne agresywne \u015brodki chemiczne.<\/p>\n<p>Regularnie piel\u0119gnuj sk\u00f3rzan\u0105 pochw\u0119 od\u017cywk\u0105, aby zachowa\u0107 jej elastyczno\u015b\u0107 i trwa\u0142o\u015b\u0107.<\/p>\n<p>Utrzymaj ostro\u015b\u0107 poprzez ostrzenie \u2014 420H ostrzy si\u0119 \u0142atwo.<\/p>\n<p>Przechowuj n\u00f3\u017c w suchym miejscu, z dala od wilgoci i ekstremalnych temperatur.<\/p>\n<p>\ud83d\udd2a Aby zachowa\u0107 przewag\u0119, zalecamy<\/p>\n<p>Kompletny system ostrz\u0105cy Spyderco Tri-Angle Sharpmaker 204MF \u2013 idealny do ostrzy g\u0142adkich i z\u0105bkowanych.<br \/>\n\ud83d\uded2 Kup na Moskito.cz.<\/p>\n<p>\ud83c\udfaf Polecane dla<\/p>\n<p>Mi\u0142o\u015bnicy outdooru i survivalu, kt\u00f3rzy potrzebuj\u0105 wytrzyma\u0142ego i niezawodnego no\u017ca.<\/p>\n<p>Do zastosowa\u0144 taktycznych i bushcraftowych, gdzie wymagane jest po\u0142\u0105czenie g\u0142adkiego i z\u0105bkowanego ci\u0119cia.<\/p>\n<p>U\u017cytkownicy ceni\u0105cy sobie wygod\u0119, bezpiecze\u0144stwo i trwa\u0142o\u015b\u0107 w trudnych warunkach.<\/p>\n<p>Kolekcjonerzy poszukuj\u0105cy praktycznego i jednocze\u015bnie wyj\u0105tkowego no\u017ca.<\/p>\n<p>\u2b50 Ocena ko\u0144cowa<\/p>\n<p>Muela MIRAGE\u201118N to wytrzyma\u0142y, niezawodny i skuteczny n\u00f3\u017c taktyczny.<br \/>\n Ostrze jest wytrzyma\u0142e i wszechstronne, gumowa r\u0119koje\u015b\u0107 gwarantuje pewny chwyt, a \u0142\u0105czone ostrzenie pozwala na precyzyjne i mocniejsze ci\u0119cia.<br \/>\n Nie jest to n\u00f3\u017c z najwy\u017cszej p\u00f3\u0142ki, ale sprawdzi si\u0119 w trudnym terenie, przetrwa trudne warunki i zapewni pewno\u015b\u0107 siebie w ka\u017cdej sytuacji.<\/p>\n<p>&nbsp;<\/p>\n<p>&nbsp;<\/p>\n","protected":false},"excerpt":{"rendered":"<p><strong>Muela MIRAGE\u201118N to solidny, niezawodny i skuteczny n\u00f3\u017c taktyczny. Jego ostrze zapewnia wytrzyma\u0142o\u015b\u0107 i wszechstronno\u015b\u0107, gumowa r\u0119koje\u015b\u0107 gwarantuje pewny chwyt, a \u0142\u0105czone ostrzenie pozwala na precyzyjne i mocniejsze ci\u0119cia. <\/strong><br \/>\n<strong>Nie jest to n\u00f3\u017c z najwy\u017cszej p\u00f3\u0142ki, ale sprawdzi si\u0119 w trudnym terenie, przetrwa trudne warunki i zapewni pewno\u015b\u0107 siebie w ka\u017cdej sytuacji.<\/strong><\/p>\n","protected":false},"featured_media":356369,"comment_status":"open","ping_status":"closed","template":"","meta":[],"pwb-brand":[3912],"product_brand":[],"product_cat":[3297,3296],"product_tag":[3671],"class_list":{"0":"post-356400","1":"product","2":"type-product","3":"status-publish","4":"has-post-thumbnail","6":"pwb-brand-musiala","7":"product_cat-solidne-noze","8":"product_cat-noze-pl","9":"product_tag-b2b-pl","11":"first","12":"instock","13":"taxable","14":"shipping-taxable","15":"purchasable","16":"product-type-simple"},"brands":[{"id":3912,"name":"Musia\u0142a","slug":"musiala"}],"_links":{"self":[{"href":"https:\/\/www.moskito.cz\/pl\/wp-json\/wp\/v2\/product\/356400","targetHints":{"allow":["GET"]}}],"collection":[{"href":"https:\/\/www.moskito.cz\/pl\/wp-json\/wp\/v2\/product"}],"about":[{"href":"https:\/\/www.moskito.cz\/pl\/wp-json\/wp\/v2\/types\/product"}],"replies":[{"embeddable":true,"href":"https:\/\/www.moskito.cz\/pl\/wp-json\/wp\/v2\/comments?post=356400"}],"wp:featuredmedia":[{"embeddable":true,"href":"https:\/\/www.moskito.cz\/pl\/wp-json\/wp\/v2\/media\/356369"}],"wp:attachment":[{"href":"https:\/\/www.moskito.cz\/pl\/wp-json\/wp\/v2\/media?parent=356400"}],"wp:term":[{"taxonomy":"pwb-brand","embeddable":true,"href":"https:\/\/www.moskito.cz\/pl\/wp-json\/wp\/v2\/pwb-brand?post=356400"},{"taxonomy":"product_brand","embeddable":true,"href":"https:\/\/www.moskito.cz\/pl\/wp-json\/wp\/v2\/product_brand?post=356400"},{"taxonomy":"product_cat","embeddable":true,"href":"https:\/\/www.moskito.cz\/pl\/wp-json\/wp\/v2\/product_cat?post=356400"},{"taxonomy":"product_tag","embeddable":true,"href":"https:\/\/www.moskito.cz\/pl\/wp-json\/wp\/v2\/product_tag?post=356400"}],"curies":[{"name":"wp","href":"https:\/\/api.w.org\/{rel}","templated":true}]}}