{"id":356481,"date":"2024-08-14T10:09:49","date_gmt":"2024-08-14T09:10:47","guid":{"rendered":"https:\/\/www.moskito.cz\/produkt\/naprawiono-noz-muela-scorpion-18nm\/"},"modified":"2025-05-07T11:23:11","modified_gmt":"2025-05-07T10:23:11","slug":"naprawiono-noz-muela-scorpion-18nm","status":"publish","type":"product","link":"https:\/\/www.moskito.cz\/pl\/produkt\/naprawiono-noz-muela-scorpion-18nm\/","title":{"rendered":"Naprawiono n\u00f3\u017c Muela SCORPION-18NM"},"content":{"rendered":"<p>Naprawiono n\u00f3\u017c <strong>Muela<\/strong> SCORPION-18NM. SCORPION-18NM to uniwersalny n\u00f3\u017c polowy z masywnym ostrzem zapewniaj\u0105cym niesamowit\u0105 wydajno\u015b\u0107 ci\u0119cia i wygodnym uchwytem. Wszechstronny, doskonale wywa\u017cony, przeznaczony dla mi\u0142o\u015bnik\u00f3w bushcraftu, survivalu i \u0142owiectwa. 420H &#8211; wysokow\u0119glowa martenzytyczna stal nierdzewna o podwy\u017cszonej zawarto\u015bci w\u0119gla (C) od 0,17% do 0,23%, zawieraj\u0105ca tak\u017ce chrom (Cr) i molibden (Mo) zapewnia wysok\u0105 hartowno\u015b\u0107 w zakresie 54-58 HRC oraz wytrzyma\u0142o\u015b\u0107, ci\u0105gliwo\u015b\u0107, skrawalno\u015b\u0107 i doskona\u0142\u0105 odporno\u015b\u0107 na korozj\u0119. Wysoka zawarto\u015b\u0107 w\u0119gla tworzy zwi\u0105zki w\u0119glika chromu, kt\u00f3re zapewniaj\u0105 odporno\u015b\u0107 na zu\u017cycie i zachowanie kraw\u0119dzi po utwardzeniu. Ze wzgl\u0119du na wysok\u0105 twardo\u015b\u0107 stal nadaje si\u0119 do produkcji narz\u0119dzi skrawaj\u0105cych, ostrzy no\u017cy i instrument\u00f3w medycznych.      Czarny PTFE \u2014 powszechnie stosowany w przemy\u015ble pow\u0142ok, politetrafluoroetylen to bardzo drobny produkt o niskiej masie cz\u0105steczkowej przetwarzany w specjalnym procesie. Charakteryzuje si\u0119 doskona\u0142\u0105 odporno\u015bci\u0105 chemiczn\u0105 i atmosferyczn\u0105 oraz odporno\u015bci\u0105 temperaturow\u0105, stabilno\u015bci\u0105 termiczn\u0105, niekleisto\u015bci\u0105, izolacj\u0105 elektryczn\u0105, ognioodporno\u015bci\u0105 i samosmarowaniem. Dzi\u0119ki zastosowaniu politetrafluoroetylenu jako materia\u0142u pow\u0142oki ostrza zmniejsza si\u0119 tarcie podczas u\u017cytkowania, zmniejszaj\u0105c potrzeb\u0119 u\u017cycia si\u0142y przy wszelkiego rodzaju pracach. Ostrza pokryte PTFE zapewnia\u0142y o 22% ni\u017csz\u0105 \u015bredni\u0105 si\u0142\u0119 i o 26% ni\u017csz\u0105 si\u0142\u0119 szczytow\u0105 w por\u00f3wnaniu do ostrzy pokrytych chromem. G\u0142ownia &#8211; o zmodyfikowanym profilu Clip Point, pokryta czarn\u0105 matow\u0105 i nierefleksyjn\u0105 pow\u0142ok\u0105 PTFE odporn\u0105 na zarysowania. Wykonane ze stali nierdzewnej 420H o podwy\u017cszonej zawarto\u015bci w\u0119gla i du\u017cej udarno\u015bci, utwardzanej w przedziale 54-58 HRC. U nasady ostrza obustronny pazur zabezpiecza d\u0142o\u0144 przed \u015blizganiem si\u0119 po ostrzu. Kraw\u0119d\u017a wykonana jest szlifem wkl\u0119s\u0142ym (Hollow Grind). Oko\u0142o 20% d\u0142ugo\u015bci stanowi z\u0105bkowane ostrze Combo do agresywnego ci\u0119cia, w tym lin, pas\u00f3w i 80% powierzchni g\u0142adkiego ostrza klasycznego (typu Plain) do precyzyjnego ci\u0119cia &#8211; zapewniaj\u0105cego dobre w\u0142a\u015bciwo\u015bci tn\u0105ce i penetruj\u0105ce. R\u0119koje\u015b\u0107 &#8211; pokryta elastyczn\u0105 wy\u015bci\u00f3\u0142k\u0105 z elastomeru w pustynnym kolorze. Mi\u0119kka gumowa r\u0119koje\u015b\u0107 gwarantuje bardzo dobry chwyt, n\u00f3\u017c nie wy\u015blizguje si\u0119 z d\u0142oni, a pewny i pewny chwyt pozwala na precyzyjn\u0105 prac\u0119 ostrzem. W tylnej cz\u0119\u015bci r\u0119koje\u015bci powi\u0119kszony otw\u00f3r na smycz. Pochwa &#8211; w pustynnym kolorze, wykonana z wodoodpornego nylonu. zapi\u0119cie na zatrzask umo\u017cliwia bezpieczne noszenie no\u017ca. Brzegi pochwy przeszyte ozdobn\u0105 nici\u0105. Z przodu wyt\u0142oczony napis Muela Taktyczne Knives. Pochwa mocowana jest do paska lub oporz\u0105dzenia, co pozwala na noszenie no\u017ca w pozycji pionowej. W dolnej cz\u0119\u015bci pokrowca znajduje si\u0119 linka paracordowa umo\u017cliwiaj\u0105ca przymocowanie pochewki do uda. Dane techniczne: Numer produktu: SCORPION-18NM D\u0142ugo\u015b\u0107 ca\u0142kowita: 305 mm \/ 12,01&#8243; D\u0142ugo\u015b\u0107 ostrza 180,0 mm \/ 7,09&#8243; Grubo\u015b\u0107 ostrza: 4,5 mm \/ 0,18&#8243; Waga: 355,0 g \/ 12,52 uncji Materia\u0142 ostrza: 420H Twardo\u015b\u0107 ostrza: 54-58 HRc Szlif ostrza: Puste Wyko\u0144czenie ostrza: PTFE Materia\u0142 r\u0119koje\u015bci: Termorun Wyko\u0144czenie r\u0119koje\u015bci Kolor: pustynna Pochwa (pochwa): nylon Inne akcesoria: Brak Projektant: Muela Nazwa handlowa: Muela Producent: Manufacturas Muela, SA Kraj pochodzenia: Hiszpania            <\/p>\n","protected":false},"excerpt":{"rendered":"<p><strong>SCORPION-18NM to uniwersalny n\u00f3\u017c polowy z masywnym ostrzem zapewniaj\u0105cym niesamowit\u0105 wydajno\u015b\u0107 ci\u0119cia i wygodnym uchwytem. Wszechstronny, doskonale wywa\u017cony, przeznaczony dla mi\u0142o\u015bnik\u00f3w bushcraftu, survivalu i \u0142owiectwa. <\/strong><\/p>\n","protected":false},"featured_media":356450,"comment_status":"open","ping_status":"closed","template":"","meta":[],"pwb-brand":[3912],"product_brand":[],"product_cat":[3297,3296],"product_tag":[3671],"class_list":{"0":"post-356481","1":"product","2":"type-product","3":"status-publish","4":"has-post-thumbnail","6":"pwb-brand-musiala","7":"product_cat-solidne-noze","8":"product_cat-noze-pl","9":"product_tag-b2b-pl","11":"first","12":"instock","13":"taxable","14":"shipping-taxable","15":"purchasable","16":"product-type-simple"},"brands":[{"id":3912,"name":"Musia\u0142a","slug":"musiala"}],"_links":{"self":[{"href":"https:\/\/www.moskito.cz\/pl\/wp-json\/wp\/v2\/product\/356481","targetHints":{"allow":["GET"]}}],"collection":[{"href":"https:\/\/www.moskito.cz\/pl\/wp-json\/wp\/v2\/product"}],"about":[{"href":"https:\/\/www.moskito.cz\/pl\/wp-json\/wp\/v2\/types\/product"}],"replies":[{"embeddable":true,"href":"https:\/\/www.moskito.cz\/pl\/wp-json\/wp\/v2\/comments?post=356481"}],"wp:featuredmedia":[{"embeddable":true,"href":"https:\/\/www.moskito.cz\/pl\/wp-json\/wp\/v2\/media\/356450"}],"wp:attachment":[{"href":"https:\/\/www.moskito.cz\/pl\/wp-json\/wp\/v2\/media?parent=356481"}],"wp:term":[{"taxonomy":"pwb-brand","embeddable":true,"href":"https:\/\/www.moskito.cz\/pl\/wp-json\/wp\/v2\/pwb-brand?post=356481"},{"taxonomy":"product_brand","embeddable":true,"href":"https:\/\/www.moskito.cz\/pl\/wp-json\/wp\/v2\/product_brand?post=356481"},{"taxonomy":"product_cat","embeddable":true,"href":"https:\/\/www.moskito.cz\/pl\/wp-json\/wp\/v2\/product_cat?post=356481"},{"taxonomy":"product_tag","embeddable":true,"href":"https:\/\/www.moskito.cz\/pl\/wp-json\/wp\/v2\/product_tag?post=356481"}],"curies":[{"name":"wp","href":"https:\/\/api.w.org\/{rel}","templated":true}]}}