{"id":356521,"date":"2024-08-14T10:19:14","date_gmt":"2024-08-14T09:21:19","guid":{"rendered":"https:\/\/www.moskito.cz\/produkt\/naprawiono-noz-muela-scorpion-18n\/"},"modified":"2025-05-07T11:23:14","modified_gmt":"2025-05-07T10:23:14","slug":"naprawiono-noz-muela-scorpion-18n","status":"publish","type":"product","link":"https:\/\/www.moskito.cz\/pl\/produkt\/naprawiono-noz-muela-scorpion-18n\/","title":{"rendered":"Naprawiono n\u00f3\u017c Muela SCORPION-18N"},"content":{"rendered":"<p>Naprawiono n\u00f3\u017c <strong>Muela<\/strong> SCORPION-18N. Wielofunkcyjny n\u00f3\u017c <strong>SCORPION-18N<\/strong> ze sta\u0142\u0105 kling\u0105, idealny na kemping jako n\u00f3\u017c survivalowy, taktyczny i my\u015bliwski. Masywne ostrze wytrzyma bez uszkodze\u0144 ka\u017cd\u0105 prac\u0119 w ka\u017cdych warunkach. Seria <strong>SCORPION<\/strong> to jeden z najbardziej znanych no\u017cy hiszpa\u0144skiej firmy <strong>Muela<\/strong> . G\u0142ownia &#8211; o zmodyfikowanym profilu Clip Point o grubo\u015bci 4.5 mm pokryta czarn\u0105, matow\u0105, odporn\u0105 na zarysowania, nierefleksyjn\u0105 pow\u0142ok\u0105 PTFE.     Wykonane ze stali nierdzewnej 420H o podwy\u017cszonej zawarto\u015bci w\u0119gla i du\u017cej udarno\u015bci, utwardzanej w przedziale 54-58 HRC. U nasady ostrza dwustronny ochraniacz zapobiega zsuwaniu si\u0119 d\u0142oni na ostrze. G\u0142ownia &#8211; wyprowadzona szlifem wkl\u0119s\u0142ym (Hollow Grind). Oko\u0142o 20% d\u0142ugo\u015bci stanowi m.in. z\u0105bkowane ostrze Combo do agresywnego ci\u0119cia. lin, pas\u00f3w i 80% powierzchni, klasyczne ostrze Plain do precyzyjnego ci\u0119cia &#8211; zapewniaj\u0105ce dobre w\u0142a\u015bciwo\u015bci tn\u0105ce i penetracyjne. R\u0119koje\u015b\u0107 &#8211; pokryta elastyczn\u0105, rade\u0142kowan\u0105 czarn\u0105 os\u0142on\u0105 z elastomeru. Mi\u0119kka gumowa r\u0119koje\u015b\u0107 gwarantuje bardzo dobry chwyt, n\u00f3\u017c nie wy\u015blizguje si\u0119 z d\u0142oni, a pewny i pewny chwyt pozwala na wykonywanie precyzyjnych ruch\u00f3w no\u017cem.      Z ty\u0142u r\u0119koje\u015bci znajduje si\u0119 powi\u0119kszony otw\u00f3r na link\u0119. Etui &#8211; czarne. Wykonane ze sk\u00f3ry naturalnej, zapi\u0119cie na zatrzask umo\u017cliwia bezpieczne noszenie no\u017ca. Brzegi pochwy obszyte ozdobn\u0105 nici\u0105. Z przodu wyt\u0142oczone logo producenta. W pochwie znajduje si\u0119 zaczep do paska lub urz\u0105dzenie umo\u017cliwiaj\u0105ce noszenie no\u017ca w pozycji pionowej. Dane techniczne: Numer produktu: SCORPION-18N Typ stali: 420H D\u0142ugo\u015b\u0107 ostrza: 180 mm \/ 7,09 cala Grubo\u015b\u0107 ostrza: 4,5 mm \/ 0,18 cala D\u0142ugo\u015b\u0107 ca\u0142kowita: 307 mm \/ 12,09 cala Waga: 353 g \/ 12,45 uncji Ostrze: kombinowane Typ ostrza: Typ ci\u0119cia typu Clip Point : Wkl\u0119s\u0142y Typ r\u0119koje\u015bci: Thermorun Pow\u0142oka: Sk\u00f3ra Producent: Muela, Hiszpania  &nbsp;<\/p>\n","protected":false},"excerpt":{"rendered":"<p><strong>Wielofunkcyjny n\u00f3\u017c SCORPION-18N ze sta\u0142\u0105 kling\u0105, idealny na kemping jako n\u00f3\u017c survivalowy, taktyczny i my\u015bliwski. Masywne ostrze wytrzyma bez uszkodze\u0144 ka\u017cd\u0105 prac\u0119 w ka\u017cdych warunkach. Seria SCORPION to jeden z najbardziej znanych no\u017cy hiszpa\u0144skiej firmy Muela.  <\/strong><\/p>\n","protected":false},"featured_media":356490,"comment_status":"open","ping_status":"closed","template":"","meta":[],"pwb-brand":[3912],"product_brand":[],"product_cat":[3297,3296],"product_tag":[3671],"class_list":{"0":"post-356521","1":"product","2":"type-product","3":"status-publish","4":"has-post-thumbnail","6":"pwb-brand-musiala","7":"product_cat-solidne-noze","8":"product_cat-noze-pl","9":"product_tag-b2b-pl","11":"first","12":"instock","13":"taxable","14":"shipping-taxable","15":"purchasable","16":"product-type-simple"},"brands":[{"id":3912,"name":"Musia\u0142a","slug":"musiala"}],"_links":{"self":[{"href":"https:\/\/www.moskito.cz\/pl\/wp-json\/wp\/v2\/product\/356521","targetHints":{"allow":["GET"]}}],"collection":[{"href":"https:\/\/www.moskito.cz\/pl\/wp-json\/wp\/v2\/product"}],"about":[{"href":"https:\/\/www.moskito.cz\/pl\/wp-json\/wp\/v2\/types\/product"}],"replies":[{"embeddable":true,"href":"https:\/\/www.moskito.cz\/pl\/wp-json\/wp\/v2\/comments?post=356521"}],"wp:featuredmedia":[{"embeddable":true,"href":"https:\/\/www.moskito.cz\/pl\/wp-json\/wp\/v2\/media\/356490"}],"wp:attachment":[{"href":"https:\/\/www.moskito.cz\/pl\/wp-json\/wp\/v2\/media?parent=356521"}],"wp:term":[{"taxonomy":"pwb-brand","embeddable":true,"href":"https:\/\/www.moskito.cz\/pl\/wp-json\/wp\/v2\/pwb-brand?post=356521"},{"taxonomy":"product_brand","embeddable":true,"href":"https:\/\/www.moskito.cz\/pl\/wp-json\/wp\/v2\/product_brand?post=356521"},{"taxonomy":"product_cat","embeddable":true,"href":"https:\/\/www.moskito.cz\/pl\/wp-json\/wp\/v2\/product_cat?post=356521"},{"taxonomy":"product_tag","embeddable":true,"href":"https:\/\/www.moskito.cz\/pl\/wp-json\/wp\/v2\/product_tag?post=356521"}],"curies":[{"name":"wp","href":"https:\/\/api.w.org\/{rel}","templated":true}]}}