{"id":356561,"date":"2024-08-14T10:29:34","date_gmt":"2024-08-14T09:30:06","guid":{"rendered":"https:\/\/www.moskito.cz\/produkt\/naprawiony-noz-muela-jabali-17ol\/"},"modified":"2025-05-07T11:23:15","modified_gmt":"2025-05-07T10:23:15","slug":"naprawiony-noz-muela-jabali-17ol","status":"publish","type":"product","link":"https:\/\/www.moskito.cz\/pl\/produkt\/naprawiony-noz-muela-jabali-17ol\/","title":{"rendered":"Naprawiony n\u00f3\u017c Muela JABALI-17OL"},"content":{"rendered":"<p>Naprawiony n\u00f3\u017c <strong>Muela<\/strong> JABALI-17OL. <strong>JABALI-17OL<\/strong> to mniejsza wersja klasycznego no\u017ca JABALI-21OL ze sta\u0142\u0105 kling\u0105 i konstrukcj\u0105 full tang. Wykonane ze stali molibdenowo-wanadowej MoVa. Idealny n\u00f3\u017c na biwak, wyprawy survivalowe czy poza miasto. Masywny, trwa\u0142y, wytrzymuje ka\u017cd\u0105 prac\u0119 nawet w najbardziej wymagaj\u0105cych warunkach.  X50CrMoV15 (1.4116) &#8211; wysokow\u0119glowa martenzytyczna stal nierdzewna molibdenowo-wanadowa, charakteryzuj\u0105ca si\u0119 wysok\u0105 odporno\u015bci\u0105 na korozj\u0119 i zu\u017cycie. Wykorzystuje si\u0119 go do produkcji no\u017cy, najnowocze\u015bniejszych sztu\u0107c\u00f3w i narz\u0119dzi chirurgicznych. Charakteryzuje si\u0119 stosunkowo du\u017c\u0105 twardo\u015bci\u0105 jak na stale nierdzewne 56-58 HRC. Sk\u0142ad chemiczny stali zosta\u0142 wzbogacony domieszkami 15,0% chromu, 0,80% molibdenu, 0,20% wanadu. G\u0142ownia &#8211; typu Clip Point o grubo\u015bci 4.5 mm, pokryta antyrefleksyjn\u0105 warstw\u0105 Satin Finish (p\u00f3\u0142mat) eliminuj\u0105c\u0105 odblaski. G\u0142ownia o dobrych w\u0142a\u015bciwo\u015bciach mechanicznych i d\u0142ugim ogniskowaniu. Szlif wkl\u0119s\u0142y, ostrze g\u0142adkie (typ Plain). Stalowy ochraniacz, zabezpiecza d\u0142o\u0144 przed ze\u015blizgni\u0119ciem si\u0119 podczas pracy.    R\u0119koje\u015b\u0107 &#8211; pokryta boazeri\u0105 z drewna oliwnego o unikalnym designie. Profilowane wyci\u0119cia zapewniaj\u0105 pewny chwyt. N\u00f3\u017c bardzo dobrze le\u017cy w d\u0142oni, nie \u015blizga si\u0119, mo\u017cna nim \u0142atwo sterowa\u0107 w ka\u017cdych warunkach. Pochwa &#8211; szyta r\u0119cznie, wykonana z wysokiej jako\u015bci sk\u00f3ry bydl\u0119cej w kolorze br\u0105zowym z t\u0142oczonym logo producenta. Brzegi etui przeszyte ozdobn\u0105 nici\u0105. Zapi\u0119cie zatrzaskowe typu Prym. Mocowanie do paska umo\u017cliwia noszenie no\u017ca w pozycji pionowej. Dane techniczne: Numer produktu: JABALI-17OL D\u0142ugo\u015b\u0107 ca\u0142kowita: 30 cm \/ 11,81&#8243; D\u0142ugo\u015b\u0107 ostrza: 17 cm \/ 6,69&#8243; Grubo\u015b\u0107 ostrza: 0,45 cm \/ 0,16&#8243; Waga: 334,0 g \/ 11,78 uncji Materia\u0142 ostrza: X50CrMoV15 Twardo\u015b\u0107 ostrza: 56-58 HRc szlifowanie: Puste Wyko\u0144czenie ostrza: satyna Materia\u0142 r\u0119koje\u015bci: Drewno oliwne Kolor wyko\u0144czenia r\u0119koje\u015bci: Be\u017cowy Pochwa (kabura): Sk\u00f3ra Pozosta\u0142e akcesoria: Brak Projektant: Muela Nazwa marki: Muela Producent: Manufacturas Muela, SA Kraj pochodzenia: Hiszpania  &nbsp;<\/p>\n","protected":false},"excerpt":{"rendered":"<p><strong>Idealny n\u00f3\u017c na biwak, wyprawy survivalowe czy poza miasto. Masywny, trwa\u0142y, wytrzymuje ka\u017cd\u0105 prac\u0119 nawet w najbardziej wymagaj\u0105cych warunkach. <\/strong><\/p>\n","protected":false},"featured_media":356530,"comment_status":"open","ping_status":"closed","template":"","meta":[],"pwb-brand":[3912],"product_brand":[],"product_cat":[3297,3296],"product_tag":[3671],"class_list":{"0":"post-356561","1":"product","2":"type-product","3":"status-publish","4":"has-post-thumbnail","6":"pwb-brand-musiala","7":"product_cat-solidne-noze","8":"product_cat-noze-pl","9":"product_tag-b2b-pl","11":"first","12":"instock","13":"taxable","14":"shipping-taxable","15":"purchasable","16":"product-type-simple"},"brands":[{"id":3912,"name":"Musia\u0142a","slug":"musiala"}],"_links":{"self":[{"href":"https:\/\/www.moskito.cz\/pl\/wp-json\/wp\/v2\/product\/356561","targetHints":{"allow":["GET"]}}],"collection":[{"href":"https:\/\/www.moskito.cz\/pl\/wp-json\/wp\/v2\/product"}],"about":[{"href":"https:\/\/www.moskito.cz\/pl\/wp-json\/wp\/v2\/types\/product"}],"replies":[{"embeddable":true,"href":"https:\/\/www.moskito.cz\/pl\/wp-json\/wp\/v2\/comments?post=356561"}],"wp:featuredmedia":[{"embeddable":true,"href":"https:\/\/www.moskito.cz\/pl\/wp-json\/wp\/v2\/media\/356530"}],"wp:attachment":[{"href":"https:\/\/www.moskito.cz\/pl\/wp-json\/wp\/v2\/media?parent=356561"}],"wp:term":[{"taxonomy":"pwb-brand","embeddable":true,"href":"https:\/\/www.moskito.cz\/pl\/wp-json\/wp\/v2\/pwb-brand?post=356561"},{"taxonomy":"product_brand","embeddable":true,"href":"https:\/\/www.moskito.cz\/pl\/wp-json\/wp\/v2\/product_brand?post=356561"},{"taxonomy":"product_cat","embeddable":true,"href":"https:\/\/www.moskito.cz\/pl\/wp-json\/wp\/v2\/product_cat?post=356561"},{"taxonomy":"product_tag","embeddable":true,"href":"https:\/\/www.moskito.cz\/pl\/wp-json\/wp\/v2\/product_tag?post=356561"}],"curies":[{"name":"wp","href":"https:\/\/api.w.org\/{rel}","templated":true}]}}